{"id":26883,"date":"2025-04-10T12:07:32","date_gmt":"2025-04-10T10:07:32","guid":{"rendered":"https:\/\/myspainfood.com\/producto\/sudytas-suris-keturios-lazdeles-25-kg-apytiksliai\/"},"modified":"2025-06-24T16:24:18","modified_gmt":"2025-06-24T14:24:18","slug":"sudytas-suris-keturios-lazdeles-25-kg-apytiksliai","status":"publish","type":"product","link":"https:\/\/myspainfood.com\/lt\/producto\/sudytas-suris-keturios-lazdeles-25-kg-apytiksliai\/","title":{"rendered":"S\u016bdytas s\u016bris Keturios lazdel\u0117s 2,5 kg apytiksliai."},"content":{"rendered":"<p>Cuatro barras brandintas s\u016bris gaminamas i\u0161 <a href=\"https:\/\/es.wikipedia.org\/wiki\/Queso_de_leche_de_oveja\" target=\"_blank\" rel=\"noopener noreferrer nofollow\">avi\u0173 pieno<\/a> ir brandinamas apie 12 m\u0117nesi\u0173.<\/p>\n<p>Visas k\u016brinys sveria ma\u017edaug 2,5 kg.<\/p>\n<p>I\u0161 pasterizuoto avi\u0173 (ne ma\u017eiau kaip 65 %) ir karvi\u0173 pieno gaminamas i\u0161skirtinio skonio s\u016bris, kurio tvirta tekst\u016bra i\u0161ry\u0161kina intensyv\u0173 skon\u012f. Puikus s\u016bris, kuris nepaliks abejing\u0173. <\/p>\n<p>Rekomenduojame laikyti sausoje ir v\u0117sioje vietoje, 4-8 \u00baC temperat\u016broje, kad geriau i\u0161silaikyt\u0173.<\/p>\n<p>Avys turi tik du spenius ir duoda daug ma\u017eiau pieno nei karv\u0117s.<\/p>\n<p>Ta\u010diau avi\u0173 piene yra daug daugiau riebal\u0173, saus\u0173j\u0173 med\u017eiag\u0173 ir mineralini\u0173 med\u017eiag\u0173 nei karvi\u0173 piene, tod\u0117l jis idealiai tinka s\u016briui gaminti.<\/p>\n<p>Be to, d\u0117l daug didesnio kalcio kiekio jis geriau apsaugo nuo u\u017eter\u0161imo au\u0161inant.<\/p>\n<p>Nors avi\u0173 pien\u0105 galima gerti \u0161vie\u017ei\u0105, \u0161iandien jis daugiausia naudojamas s\u016brio ir jogurto gamybai.<\/p>\n<p>Jei norite \u012fsigyti &#8222;Queso Curado Cuatro barras&#8221; arba bet kurios kitos r\u016b\u0161ies <a href=\"https:\/\/latiendadesami.com\/categoria-producto\/queso-embutido\/\" rel=\"noopener noreferrer nofollow\" target=\"_blank\">s\u016brio ar \u0161altos m\u0117sos<\/a>, nedvejodami per\u017ei\u016br\u0117kite m\u016bs\u0173 internetin\u012f katalog\u0105. Mes si\u016blome auk\u0161\u010diausi\u0105 kokyb\u0119 u\u017e geriausi\u0105 kain\u0105.<\/p>\n<p>Jei norite gauti daugiau informacijos arba turite klausim\u0173 apie \u0161\u012f ar bet kur\u012f kit\u0105 gamin\u012f, ra\u0161ykite mums.<\/p>\n","protected":false},"excerpt":{"rendered":"<p>Cuatro barras brandintas s\u016bris gaminamas i\u0161 avi\u0173 pieno ir brandinamas apie 12 m\u0117nesi\u0173. Visas k\u016brinys sveria ma\u017edaug 2,5 kg. I\u0161 pasterizuoto avi\u0173 (ne ma\u017eiau kaip 65 %) ir karvi\u0173 pieno gaminamas i\u0161skirtinio skonio s\u016bris, kurio tvirta tekst\u016bra i\u0161ry\u0161kina intensyv\u0173 skon\u012f. Puikus s\u016bris, kuris nepaliks abejing\u0173. Rekomenduojame laikyti sausoje ir v\u0117sioje vietoje, 4-8 \u00baC temperat\u016broje, kad [&hellip;]<\/p>\n","protected":false},"featured_media":26889,"template":"","meta":{"_et_pb_use_builder":"","_et_pb_old_content":"","_et_gb_content_width":""},"product_brand":[1234],"product_cat":[5732,1812,2256],"product_tag":[],"class_list":{"0":"post-26883","1":"product","2":"type-product","3":"status-publish","4":"has-post-thumbnail","6":"product_brand-cuatro-barras","7":"product_cat-gydymas-lt","8":"product_cat-saltas","9":"product_cat-suris-ir-desra","10":"product_shipping_class-saltoji-siunta","12":"first","13":"outofstock","14":"taxable","15":"shipping-taxable","16":"product-type-variable"},"_links":{"self":[{"href":"https:\/\/myspainfood.com\/lt\/wp-json\/wp\/v2\/product\/26883","targetHints":{"allow":["GET"]}}],"collection":[{"href":"https:\/\/myspainfood.com\/lt\/wp-json\/wp\/v2\/product"}],"about":[{"href":"https:\/\/myspainfood.com\/lt\/wp-json\/wp\/v2\/types\/product"}],"wp:featuredmedia":[{"embeddable":true,"href":"https:\/\/myspainfood.com\/lt\/wp-json\/wp\/v2\/media\/26889"}],"wp:attachment":[{"href":"https:\/\/myspainfood.com\/lt\/wp-json\/wp\/v2\/media?parent=26883"}],"wp:term":[{"taxonomy":"product_brand","embeddable":true,"href":"https:\/\/myspainfood.com\/lt\/wp-json\/wp\/v2\/product_brand?post=26883"},{"taxonomy":"product_cat","embeddable":true,"href":"https:\/\/myspainfood.com\/lt\/wp-json\/wp\/v2\/product_cat?post=26883"},{"taxonomy":"product_tag","embeddable":true,"href":"https:\/\/myspainfood.com\/lt\/wp-json\/wp\/v2\/product_tag?post=26883"}],"curies":[{"name":"wp","href":"https:\/\/api.w.org\/{rel}","templated":true}]}}