{"id":27560,"date":"2025-04-10T12:07:31","date_gmt":"2025-04-10T10:07:31","guid":{"rendered":"https:\/\/myspainfood.com\/producto\/campo-real-alyvuoges-45-kg\/"},"modified":"2025-04-10T12:07:31","modified_gmt":"2025-04-10T10:07:31","slug":"campo-real-alyvuoges-45-kg","status":"publish","type":"product","link":"https:\/\/myspainfood.com\/lt\/producto\/campo-real-alyvuoges-45-kg\/","title":{"rendered":"Campo Real alyvuog\u0117s 4,5 kg"},"content":{"rendered":"<p>Jei Campo Real savivaldyb\u0117 kuo nors ir gars\u0117ja, tai tik savo garsiosiomis &#8222;Campo Real&#8221; alyvuog\u0117mis 4,5 kg.<\/p>\n<p>Alyvuogi\u0173, priklausan\u010di\u0173 manzanilla de Campo Real ir cacere\u00f1a veisl\u0117ms, paslaptis slypi \u0161imtame\u010diuose alyvmed\u017eiuose, i\u0161 kuri\u0173 jos i\u0161augintos, alyvuogi\u0173 augintoj\u0173 patirtyje ir alyvuogi\u0173 prieskoniuose.<\/p>\n<p>\u0160is alyvuogi\u0173 ir marinuot\u0173 agurk\u0173 <a href=\"https:\/\/www.google.com\/search?q=revuelto+aceitunas+s%C3%A1ngar&amp;sxsrf=APq-WBt1wkTZta0IAEDoueZPBxEuaY8Dtw:1644308614563&amp;source=lnms&amp;tbm=isch&amp;sa=X&amp;ved=2ahUKEwjouvz21u_1AhVV_rsIHacjBd0Q_AUoAXoECAEQAw&amp;biw=1577&amp;bih=780&amp;dpr=1\" target=\"_blank\" rel=\"noopener noreferrer nofollow\">derinys<\/a> leid\u017eia m\u0117gautis nepakartojamu tapas ar u\u017ekand\u017ei\u0173 skoniu.<\/p>\n<p>Tai labai sveikas tradicin\u0117s maistingos Vidur\u017eemio j\u016bros regiono dietos papildymas.<\/p>\n<p>Ispanijoje galima rasti alyvuogi\u0173, agurk\u0173, bakla\u017ean\u0173, mork\u0173, svog\u016bn\u0173, tradicini\u0173 kapar\u0117li\u0173, \u010desnak\u0173 ar net j\u0173 mi\u0161inio.<\/p>\n<p>Jie da\u017enai patiekiami kaip tapas prie alaus (ne prie vyno d\u0117l acto kiekio).<\/p>\n<p>Rauginti agurkai i\u0161 seno maisto konservavimo b\u016bdo visame pasaulyje tapo vienu i\u0161 populiariausi\u0173 Ispanijos gastronomijos u\u017ekand\u017ei\u0173.<\/p>\n<h3><strong>&#8222;Campo Real&#8221; alyvuogi\u0173 4,5 kg privalumai<\/strong><\/h3>\n<p>Ar \u017einojote apie &#8222;Campo Real&#8221; alyvuogi\u0173 4,5 kg ir apskritai marinuot\u0173 agurk\u0173 naud\u0105? Pateikiame svarbiausi\u0173 i\u0161 j\u0173 s\u0105ra\u0161\u0105: <\/p>\n<ul>\n<li>Daug probiotik\u0173.<\/li>\n<li>Jie padeda vir\u0161kinti.<\/li>\n<li>Jie stiprina imunin\u0119 sistem\u0105.<\/li>\n<li>Jie ma\u017eina potrauk\u012f cukrui.<\/li>\n<li>Palankus tul\u017eies p\u016bslei.<\/li>\n<\/ul>\n<p>Jei norite nusipirkti alyvuogi\u0173 ar kit\u0173 <a href=\"https:\/\/latiendadesami.com\/categoria-producto\/encurtidos\/\" rel=\"noopener noreferrer nofollow\" target=\"_blank\">marinuot\u0173 maisto produkt\u0173<\/a>, nedvejodami per\u017ei\u016br\u0117kite m\u016bs\u0173 internetin\u012f katalog\u0105 ir susipa\u017einkite su pla\u010dia <a href=\"https:\/\/latiendadesami.com\/categoria-producto\/encurtidos\/aceitunas\/\" target=\"_blank\" rel=\"noopener noreferrer nofollow\">alyvuogi\u0173<\/a> \u012fvairove.<\/p>\n<p>Nor\u0117dami gauti daugiau informacijos, ra\u0161ykite mums.<\/p>\n","protected":false},"excerpt":{"rendered":"<p>Jei Campo Real savivaldyb\u0117 kuo nors ir gars\u0117ja, tai tik savo garsiosiomis &#8222;Campo Real&#8221; alyvuog\u0117mis 4,5 kg. Alyvuogi\u0173, priklausan\u010di\u0173 manzanilla de Campo Real ir cacere\u00f1a veisl\u0117ms, paslaptis slypi \u0161imtame\u010diuose alyvmed\u017eiuose, i\u0161 kuri\u0173 jos i\u0161augintos, alyvuogi\u0173 augintoj\u0173 patirtyje ir alyvuogi\u0173 prieskoniuose. \u0160is alyvuogi\u0173 ir marinuot\u0173 agurk\u0173 derinys leid\u017eia m\u0117gautis nepakartojamu tapas ar u\u017ekand\u017ei\u0173 skoniu. Tai labai [&hellip;]<\/p>\n","protected":false},"featured_media":20433,"template":"","meta":{"_et_pb_use_builder":"","_et_pb_old_content":"","_et_gb_content_width":""},"product_brand":[],"product_cat":[1718,1715],"product_tag":[3127],"class_list":{"0":"post-27560","1":"product","2":"type-product","3":"status-publish","4":"has-post-thumbnail","6":"product_cat-alyvuoges","7":"product_cat-pickles-lt","8":"product_tag-campo-real-lt","10":"first","11":"outofstock","12":"taxable","13":"shipping-taxable","14":"purchasable","15":"product-type-simple"},"_links":{"self":[{"href":"https:\/\/myspainfood.com\/lt\/wp-json\/wp\/v2\/product\/27560","targetHints":{"allow":["GET"]}}],"collection":[{"href":"https:\/\/myspainfood.com\/lt\/wp-json\/wp\/v2\/product"}],"about":[{"href":"https:\/\/myspainfood.com\/lt\/wp-json\/wp\/v2\/types\/product"}],"wp:featuredmedia":[{"embeddable":true,"href":"https:\/\/myspainfood.com\/lt\/wp-json\/wp\/v2\/media\/20433"}],"wp:attachment":[{"href":"https:\/\/myspainfood.com\/lt\/wp-json\/wp\/v2\/media?parent=27560"}],"wp:term":[{"taxonomy":"product_brand","embeddable":true,"href":"https:\/\/myspainfood.com\/lt\/wp-json\/wp\/v2\/product_brand?post=27560"},{"taxonomy":"product_cat","embeddable":true,"href":"https:\/\/myspainfood.com\/lt\/wp-json\/wp\/v2\/product_cat?post=27560"},{"taxonomy":"product_tag","embeddable":true,"href":"https:\/\/myspainfood.com\/lt\/wp-json\/wp\/v2\/product_tag?post=27560"}],"curies":[{"name":"wp","href":"https:\/\/api.w.org\/{rel}","templated":true}]}}