{"id":27692,"date":"2025-04-10T12:07:50","date_gmt":"2025-04-10T10:07:50","guid":{"rendered":"https:\/\/myspainfood.com\/producto\/carzorlas-gourmet-juodasis-pudingas-320-gr\/"},"modified":"2025-04-10T12:07:50","modified_gmt":"2025-04-10T10:07:50","slug":"carzorlas-gourmet-juodasis-pudingas-320-gr","status":"publish","type":"product","link":"https:\/\/myspainfood.com\/lt\/producto\/carzorlas-gourmet-juodasis-pudingas-320-gr\/","title":{"rendered":"&#8222;Carzorla&#8217;s Gourmet&#8221; juodasis pudingas 320 gr"},"content":{"rendered":"<pre>Morcilla de caldera Gourmet de Carzorla<\/pre>\n<p>Tai ne kas kita, kaip katile virta ne\u012fdaryta juodojo pudingo te\u0161la. J\u0105 galima naudoti kaip \u012fdar\u0105 pyragai\u010diams, kold\u016bnams, skrudintai duonai arba kaip patiekal\u0105, \u012f kur\u012f galima &#8222;pamirkyti&#8221; duon\u0105. <\/p>\n","protected":false},"excerpt":{"rendered":"<p>Morcilla de caldera Gourmet de Carzorla Tai ne kas kita, kaip katile virta ne\u012fdaryta juodojo pudingo te\u0161la. J\u0105 galima naudoti kaip \u012fdar\u0105 pyragai\u010diams, kold\u016bnams, skrudintai duonai arba kaip patiekal\u0105, \u012f kur\u012f galima &#8222;pamirkyti&#8221; duon\u0105.<\/p>\n","protected":false},"featured_media":27698,"template":"","meta":{"_et_pb_use_builder":"","_et_pb_old_content":"","_et_gb_content_width":""},"product_brand":[1252],"product_cat":[3716,1966],"product_tag":[],"class_list":{"0":"post-27692","1":"product","2":"type-product","3":"status-publish","4":"has-post-thumbnail","6":"product_brand-gourmet-de-cazorla","7":"product_cat-darzoves","8":"product_cat-konservai","10":"first","11":"instock","12":"taxable","13":"shipping-taxable","14":"purchasable","15":"product-type-variable"},"_links":{"self":[{"href":"https:\/\/myspainfood.com\/lt\/wp-json\/wp\/v2\/product\/27692","targetHints":{"allow":["GET"]}}],"collection":[{"href":"https:\/\/myspainfood.com\/lt\/wp-json\/wp\/v2\/product"}],"about":[{"href":"https:\/\/myspainfood.com\/lt\/wp-json\/wp\/v2\/types\/product"}],"wp:featuredmedia":[{"embeddable":true,"href":"https:\/\/myspainfood.com\/lt\/wp-json\/wp\/v2\/media\/27698"}],"wp:attachment":[{"href":"https:\/\/myspainfood.com\/lt\/wp-json\/wp\/v2\/media?parent=27692"}],"wp:term":[{"taxonomy":"product_brand","embeddable":true,"href":"https:\/\/myspainfood.com\/lt\/wp-json\/wp\/v2\/product_brand?post=27692"},{"taxonomy":"product_cat","embeddable":true,"href":"https:\/\/myspainfood.com\/lt\/wp-json\/wp\/v2\/product_cat?post=27692"},{"taxonomy":"product_tag","embeddable":true,"href":"https:\/\/myspainfood.com\/lt\/wp-json\/wp\/v2\/product_tag?post=27692"}],"curies":[{"name":"wp","href":"https:\/\/api.w.org\/{rel}","templated":true}]}}