{"id":27906,"date":"2025-04-10T12:07:50","date_gmt":"2025-04-10T10:07:50","guid":{"rendered":"https:\/\/myspainfood.com\/producto\/oti-marinuotos-midijos-40-50-vienetu\/"},"modified":"2025-04-10T12:07:50","modified_gmt":"2025-04-10T10:07:50","slug":"oti-marinuotos-midijos-40-50-vienetu","status":"publish","type":"product","link":"https:\/\/myspainfood.com\/lt\/producto\/oti-marinuotos-midijos-40-50-vienetu\/","title":{"rendered":"Oti marinuotos midijos 40\/50 vienet\u0173"},"content":{"rendered":"<p>Geriausios kokyb\u0117s ir did\u017eiausi egzemplioriai i\u0161gaunami optimaliausiu metu i\u0161 geriausi\u0173 keptuvi\u0173. Puikios i\u0161vaizdos, vienodos spalvos, be barzd\u0173 ir labai apetiti\u0161ki - tai kruop\u0161\u010dios atrankos ir apdorojimo rezultatas. I\u0161 auk\u0161\u010diausios kokyb\u0117s ingredient\u0173 gaminamas gardus marinuotas pada\u017eas, kuris puikiai tinka \u0161iam moliuskui pagardinti.  <\/p>\n","protected":false},"excerpt":{"rendered":"<p>Geriausios kokyb\u0117s ir did\u017eiausi egzemplioriai i\u0161gaunami optimaliausiu metu i\u0161 geriausi\u0173 keptuvi\u0173. Puikios i\u0161vaizdos, vienodos spalvos, be barzd\u0173 ir labai apetiti\u0161ki - tai kruop\u0161\u010dios atrankos ir apdorojimo rezultatas. I\u0161 auk\u0161\u010diausios kokyb\u0117s ingredient\u0173 gaminamas gardus marinuotas pada\u017eas, kuris puikiai tinka \u0161iam moliuskui pagardinti.<\/p>\n","protected":false},"featured_media":27911,"template":"","meta":{"_et_pb_use_builder":"","_et_pb_old_content":"","_et_gb_content_width":""},"product_brand":[1075],"product_cat":[1966,4057],"product_tag":[],"class_list":{"0":"post-27906","1":"product","2":"type-product","3":"status-publish","4":"has-post-thumbnail","6":"product_brand-oti","7":"product_cat-konservai","8":"product_cat-midijos-lt","10":"first","11":"outofstock","12":"taxable","13":"shipping-taxable","14":"product-type-variable"},"_links":{"self":[{"href":"https:\/\/myspainfood.com\/lt\/wp-json\/wp\/v2\/product\/27906","targetHints":{"allow":["GET"]}}],"collection":[{"href":"https:\/\/myspainfood.com\/lt\/wp-json\/wp\/v2\/product"}],"about":[{"href":"https:\/\/myspainfood.com\/lt\/wp-json\/wp\/v2\/types\/product"}],"wp:featuredmedia":[{"embeddable":true,"href":"https:\/\/myspainfood.com\/lt\/wp-json\/wp\/v2\/media\/27911"}],"wp:attachment":[{"href":"https:\/\/myspainfood.com\/lt\/wp-json\/wp\/v2\/media?parent=27906"}],"wp:term":[{"taxonomy":"product_brand","embeddable":true,"href":"https:\/\/myspainfood.com\/lt\/wp-json\/wp\/v2\/product_brand?post=27906"},{"taxonomy":"product_cat","embeddable":true,"href":"https:\/\/myspainfood.com\/lt\/wp-json\/wp\/v2\/product_cat?post=27906"},{"taxonomy":"product_tag","embeddable":true,"href":"https:\/\/myspainfood.com\/lt\/wp-json\/wp\/v2\/product_tag?post=27906"}],"curies":[{"name":"wp","href":"https:\/\/api.w.org\/{rel}","templated":true}]}}