{"id":28130,"date":"2025-04-10T12:07:59","date_gmt":"2025-04-10T10:07:59","guid":{"rendered":"https:\/\/myspainfood.com\/producto\/partida-de-la-abuela-can-5kg-extra\/"},"modified":"2025-09-16T00:19:45","modified_gmt":"2025-09-15T22:19:45","slug":"partida-de-la-abuela-can-5kg-extra","status":"publish","type":"product","link":"https:\/\/myspainfood.com\/lt\/producto\/partida-de-la-abuela-can-5kg-extra\/","title":{"rendered":"Partida de la Abuela can 5Kg EXTRA"},"content":{"rendered":"<p>Partida de la Abuela alyvuogi\u0173 skardin\u0117s 5 kg EXTRA privalumai<\/p>\n<p>Senel\u0117s krekingo alyvuog\u0117s turi daugyb\u0119 privalum\u0173, be nuostabaus skonio, j\u0173 savyb\u0117s taip pat labai naudingos sveikatai.<\/p>\n<p>Jie ma\u017eina cholesterolio kiek\u012f. D\u0117l oleino r\u016bg\u0161ties mo\u010diut\u0117s skeltos alyvuog\u0117s padeda i\u0161laikyti cholesterolio kiek\u012f. <\/p>\n<p>Jie padeda vir\u0161kinti. D\u0117l didelio skaidul\u0173 kiekio \u0161ios alyvuog\u0117s padeda pa\u0161alinti toksinus ir gerina bendr\u0105 vir\u0161kinim\u0105. <\/p>\n<p>Nauda odai. Vitaminai A ir E yra naudingi odai ir stabdo jos sen\u0117jim\u0105. <\/p>\n<p>Jie suteikia energijos. Juose gausu gele\u017eies, kuri padeda sintetinti karnitin\u0105 ir gaminti energij\u0105. <\/p>\n<p>Pirkite alyvuogi\u0173 Partida de la Abuela konservuotos alyvuog\u0117s 5Kg EXTRA<\/p>\n<p>Senel\u0117s alyvuog\u0117s i\u0161siskiria sald\u017eiu, bet intensyviu skoniu ir savitu prieskoniu, kuris gaminamas naudojant nat\u016bralius prieskonius.<\/p>\n<p>Alyvmed\u017eio vaisiai, konservuoti 5 metus, maceruojami tol, kol pasiekia malonios tekst\u016bros <a href=\"https:\/\/latiendadesami.com\/categoria-producto\/encurtidos\/\" target=\"_blank\" rel=\"noopener noreferrer nofollow\">&#8222;Encurtidos Aceitunas de la Abuela&#8221; (mo\u010diut\u0117s raugintos<\/a> alyvuog\u0117s).<\/p>\n<p>\u0160ios sveikos alyvuog\u0117s su tvirtu mink\u0161timu, lengvai susmulkintos ir <a href=\"https:\/\/es.wikipedia.org\/wiki\/Aceitunas_ali%C3%B1adas\" target=\"_blank\" rel=\"noopener noreferrer nofollow\">pagardintos<\/a> pagal mo\u010diut\u0117s recept\u0105, yra ilgamet\u0117s \u0161eimos tradicijos i\u0161 Antequeros (Malaga) rezultatas.<\/p>\n","protected":false},"excerpt":{"rendered":"<p>Partida de la Abuela alyvuogi\u0173 skardin\u0117s 5 kg EXTRA privalumai Senel\u0117s krekingo alyvuog\u0117s turi daugyb\u0119 privalum\u0173, be nuostabaus skonio, j\u0173 savyb\u0117s taip pat labai naudingos sveikatai. Jie ma\u017eina cholesterolio kiek\u012f. D\u0117l oleino r\u016bg\u0161ties mo\u010diut\u0117s skeltos alyvuog\u0117s padeda i\u0161laikyti cholesterolio kiek\u012f. Jie padeda vir\u0161kinti. D\u0117l didelio skaidul\u0173 kiekio \u0161ios alyvuog\u0117s padeda pa\u0161alinti toksinus ir gerina bendr\u0105 [&hellip;]<\/p>\n","protected":false},"featured_media":17493,"template":"","meta":{"_et_pb_use_builder":"","_et_pb_old_content":"","_et_gb_content_width":""},"product_brand":[1036],"product_cat":[1718,1715],"product_tag":[1721,1719],"class_list":{"0":"post-28130","1":"product","2":"type-product","3":"status-publish","4":"has-post-thumbnail","6":"product_brand-chicon","7":"product_cat-alyvuoges","8":"product_cat-pickles-lt","9":"product_tag-preke","10":"product_tag-senele","12":"first","13":"instock","14":"taxable","15":"shipping-taxable","16":"purchasable","17":"product-type-simple"},"_links":{"self":[{"href":"https:\/\/myspainfood.com\/lt\/wp-json\/wp\/v2\/product\/28130","targetHints":{"allow":["GET"]}}],"collection":[{"href":"https:\/\/myspainfood.com\/lt\/wp-json\/wp\/v2\/product"}],"about":[{"href":"https:\/\/myspainfood.com\/lt\/wp-json\/wp\/v2\/types\/product"}],"wp:featuredmedia":[{"embeddable":true,"href":"https:\/\/myspainfood.com\/lt\/wp-json\/wp\/v2\/media\/17493"}],"wp:attachment":[{"href":"https:\/\/myspainfood.com\/lt\/wp-json\/wp\/v2\/media?parent=28130"}],"wp:term":[{"taxonomy":"product_brand","embeddable":true,"href":"https:\/\/myspainfood.com\/lt\/wp-json\/wp\/v2\/product_brand?post=28130"},{"taxonomy":"product_cat","embeddable":true,"href":"https:\/\/myspainfood.com\/lt\/wp-json\/wp\/v2\/product_cat?post=28130"},{"taxonomy":"product_tag","embeddable":true,"href":"https:\/\/myspainfood.com\/lt\/wp-json\/wp\/v2\/product_tag?post=28130"}],"curies":[{"name":"wp","href":"https:\/\/api.w.org\/{rel}","templated":true}]}}