{"id":28221,"date":"2025-04-10T12:07:16","date_gmt":"2025-04-10T10:07:16","guid":{"rendered":"https:\/\/myspainfood.com\/producto\/geliu-medus-500-gr\/"},"modified":"2025-04-10T12:07:16","modified_gmt":"2025-04-10T10:07:16","slug":"geliu-medus-500-gr","status":"publish","type":"product","link":"https:\/\/myspainfood.com\/lt\/producto\/geliu-medus-500-gr\/","title":{"rendered":"G\u0117li\u0173 medus 500 gr"},"content":{"rendered":"<p>&#8222;Miel de Flores 500 gr&#8221; - tai produktas, gaminamas naudojant didel\u0119 \u012frang\u0105 su automatizuotomis <a href=\"https:\/\/es.wikipedia.org\/wiki\/Miel\" target=\"_blank\" rel=\"noopener noreferrer nofollow\">gamybos<\/a> linijomis ir integruota kokyb\u0117s sistema.<\/p>\n<p>Patyrusi\u0173 bitinink\u0173 nuimtas derlius supakuojamas taip, kad b\u016bt\u0173 maksimaliai i\u0161saugotos jo nat\u016bralios savyb\u0117s.<\/p>\n<p>\u0160is produktas vystosi d\u0117l vis\u0173 j\u012f gaminan\u010di\u0173 \u017emoni\u0173 patirties, \u017eini\u0173 ir entuziazmo, subalansuotai laikantis geriausi\u0173 tradicij\u0173, i\u0161saugant ger\u0105 praeities darb\u0105 ir taikant gamybos procesus, kurie u\u017etikrina <strong>galutinio produkto kokyb\u0119.<\/strong><\/p>\n<p>Medus yra visavertis maistas, kur\u012f bit\u0117s gamina i\u0161 \u017eied\u0173 nektaro.<\/p>\n<p>Tai aukso spalvos, klampus, saldus ir skanus skystis, kur\u012f bit\u0117s laiko vasaros sezono metu.<\/p>\n<p>Jis turi daug privalum\u0173, pvz:<\/p>\n<ul>\n<li>Tai cukraus pakaitalas. Nat\u016bralus ir skanus. <\/li>\n<li>Tai sustiprina j\u016bs\u0173 gynybines galias. Ji jus apsaugo organi\u0161kai. <\/li>\n<li>Apsaugo nuo infekcij\u0173. R\u016bpinasi j\u016bs\u0173 sveikata. <\/li>\n<li>Tai suteikia papildomos energijos kasdien.<\/li>\n<li>  Padeda skatinti vir\u0161kinim\u0105<\/li>\n<\/ul>\n<p>Jei norite nusipirkti &#8222;Miel de Flores&#8221; 500 gr ar bet kurios kitos r\u016b\u0161ies <a href=\"https:\/\/latiendadesami.com\/categoria-producto\/conservas\/\" rel=\"noopener noreferrer nofollow\" target=\"_blank\">konserv\u0173<\/a>, nedvejodami per\u017ei\u016br\u0117kite m\u016bs\u0173 internetin\u012f katalog\u0105 ir susipa\u017einkite su pla\u010diu asortimentu.<\/p>\n<p>Nor\u0117dami gauti daugiau informacijos, ra\u0161ykite mums.<\/p>\n","protected":false},"excerpt":{"rendered":"<p>G\u0117li\u0173 medus 500 gr<\/p>\n","protected":false},"featured_media":28230,"template":"","meta":{"_et_pb_use_builder":"","_et_pb_old_content":"","_et_gb_content_width":""},"product_brand":[1210],"product_cat":[1966,2853],"product_tag":[],"class_list":{"0":"post-28221","1":"product","2":"type-product","3":"status-publish","4":"has-post-thumbnail","6":"product_brand-la-celda-real","7":"product_cat-konservai","8":"product_cat-medus","10":"first","11":"instock","12":"taxable","13":"shipping-taxable","14":"product-type-variable"},"_links":{"self":[{"href":"https:\/\/myspainfood.com\/lt\/wp-json\/wp\/v2\/product\/28221","targetHints":{"allow":["GET"]}}],"collection":[{"href":"https:\/\/myspainfood.com\/lt\/wp-json\/wp\/v2\/product"}],"about":[{"href":"https:\/\/myspainfood.com\/lt\/wp-json\/wp\/v2\/types\/product"}],"wp:featuredmedia":[{"embeddable":true,"href":"https:\/\/myspainfood.com\/lt\/wp-json\/wp\/v2\/media\/28230"}],"wp:attachment":[{"href":"https:\/\/myspainfood.com\/lt\/wp-json\/wp\/v2\/media?parent=28221"}],"wp:term":[{"taxonomy":"product_brand","embeddable":true,"href":"https:\/\/myspainfood.com\/lt\/wp-json\/wp\/v2\/product_brand?post=28221"},{"taxonomy":"product_cat","embeddable":true,"href":"https:\/\/myspainfood.com\/lt\/wp-json\/wp\/v2\/product_cat?post=28221"},{"taxonomy":"product_tag","embeddable":true,"href":"https:\/\/myspainfood.com\/lt\/wp-json\/wp\/v2\/product_tag?post=28221"}],"curies":[{"name":"wp","href":"https:\/\/api.w.org\/{rel}","templated":true}]}}