{"id":28503,"date":"2025-04-10T12:07:50","date_gmt":"2025-04-10T10:07:50","guid":{"rendered":"https:\/\/myspainfood.com\/producto\/persikas-sirupe-oti-530-gr-12-vnt\/"},"modified":"2025-04-10T12:07:50","modified_gmt":"2025-04-10T10:07:50","slug":"persikas-sirupe-oti-530-gr-12-vnt","status":"publish","type":"product","link":"https:\/\/myspainfood.com\/lt\/producto\/persikas-sirupe-oti-530-gr-12-vnt\/","title":{"rendered":"Persikas sirupe Oti 530 gr 12 Vnt."},"content":{"rendered":"<p>Vaisiai sirupe - tai uogien\u0117s1 r\u016b\u0161is, gaunama i\u0161 vaisi\u0173 gabal\u0117li\u0173 (gabal\u0117liai gali b\u016bti kvadrat\u0117liai, pusel\u0117s, ketvir\u010diai, grie\u017ein\u0117liai, skiltel\u0117s, skiltel\u0117s), kurie verdami sirupe arba sirupe, kol sutir\u0161t\u0117ja. \u0160io proceso metu vyksta vandens mainai arba i\u0161st\u016bmimas i\u0161 hipotonin\u0117s terp\u0117s (kurioje yra ma\u017eiau tirpi\u0173 med\u017eiag\u0173) \u012f hipertonin\u0119 terp\u0119 (kurioje yra daugiau tirpi\u0173 med\u017eiag\u0173), kur\u012f pakei\u010dia hipertonin\u0117je terp\u0117je esan\u010dios tirpiosios med\u017eiagos (tirpios sausosios med\u017eiagos s.s.), t. y. \u012f j\u0105 patenka vaisiuose esantis vanduo ir sirupe arba sirupe esantys cukr\u016bs. \u0160is procesas naudojamas vaisiams i\u0161saugoti, kad juos b\u016bt\u0173 galima vartoti po ilgo laiko.    <\/p>\n","protected":false},"excerpt":{"rendered":"<p>Vaisiai sirupe - tai uogien\u0117s1 r\u016b\u0161is, gaunama i\u0161 vaisi\u0173 gabal\u0117li\u0173 (gabal\u0117liai gali b\u016bti kvadrat\u0117liai, pusel\u0117s, ketvir\u010diai, grie\u017ein\u0117liai, skiltel\u0117s, skiltel\u0117s), kurie verdami sirupe arba sirupe, kol sutir\u0161t\u0117ja. \u0160io proceso metu vyksta vandens mainai arba i\u0161st\u016bmimas i\u0161 hipotonin\u0117s terp\u0117s (kurioje yra ma\u017eiau tirpi\u0173 med\u017eiag\u0173) \u012f hipertonin\u0119 terp\u0119 (kurioje yra daugiau tirpi\u0173 med\u017eiag\u0173), kur\u012f pakei\u010dia hipertonin\u0117je terp\u0117je esan\u010dios [&hellip;]<\/p>\n","protected":false},"featured_media":25153,"template":"","meta":{"_et_pb_use_builder":"","_et_pb_old_content":"","_et_gb_content_width":""},"product_brand":[1075],"product_cat":[1966,4994],"product_tag":[3203],"class_list":{"0":"post-28503","1":"product","2":"type-product","3":"status-publish","4":"has-post-thumbnail","6":"product_brand-oti","7":"product_cat-konservai","8":"product_cat-persiku","9":"product_tag-sirupas","11":"first","12":"outofstock","13":"sale","14":"taxable","15":"shipping-taxable","16":"purchasable","17":"product-type-simple"},"_links":{"self":[{"href":"https:\/\/myspainfood.com\/lt\/wp-json\/wp\/v2\/product\/28503","targetHints":{"allow":["GET"]}}],"collection":[{"href":"https:\/\/myspainfood.com\/lt\/wp-json\/wp\/v2\/product"}],"about":[{"href":"https:\/\/myspainfood.com\/lt\/wp-json\/wp\/v2\/types\/product"}],"wp:featuredmedia":[{"embeddable":true,"href":"https:\/\/myspainfood.com\/lt\/wp-json\/wp\/v2\/media\/25153"}],"wp:attachment":[{"href":"https:\/\/myspainfood.com\/lt\/wp-json\/wp\/v2\/media?parent=28503"}],"wp:term":[{"taxonomy":"product_brand","embeddable":true,"href":"https:\/\/myspainfood.com\/lt\/wp-json\/wp\/v2\/product_brand?post=28503"},{"taxonomy":"product_cat","embeddable":true,"href":"https:\/\/myspainfood.com\/lt\/wp-json\/wp\/v2\/product_cat?post=28503"},{"taxonomy":"product_tag","embeddable":true,"href":"https:\/\/myspainfood.com\/lt\/wp-json\/wp\/v2\/product_tag?post=28503"}],"curies":[{"name":"wp","href":"https:\/\/api.w.org\/{rel}","templated":true}]}}