{"id":28855,"date":"2025-04-10T12:07:50","date_gmt":"2025-04-10T10:07:50","guid":{"rendered":"https:\/\/myspainfood.com\/producto\/almagro-variant-alyvuoges-760-g\/"},"modified":"2025-04-10T12:07:50","modified_gmt":"2025-04-10T10:07:50","slug":"almagro-variant-alyvuoges-760-g","status":"publish","type":"product","link":"https:\/\/myspainfood.com\/lt\/producto\/almagro-variant-alyvuoges-760-g\/","title":{"rendered":"&#8222;Almagro Variant&#8221; alyvuog\u0117s 760 g"},"content":{"rendered":"<p>Almagro Variety Olive 760 gr - La Tienda de Sami<\/p>\n<p>Bakla\u017ean\u0173 skonio alyvuog\u0117sBakla\u017ean\u0173 skonio alyvuog\u0117s\u0160velnaus skonio alyvuog\u0117s. Dr\u0105sus u\u017ekandis, kuris visada patrauklus ir puikiai papildo \u0161auk\u0161tinius patiekalus. Galima m\u0117gautis su taure vyno.  <\/p>\n","protected":false},"excerpt":{"rendered":"<p>Almagro Variety Olive 760 gr - La Tienda de Sami Bakla\u017ean\u0173 skonio alyvuog\u0117sBakla\u017ean\u0173 skonio alyvuog\u0117s\u0160velnaus skonio alyvuog\u0117s. Dr\u0105sus u\u017ekandis, kuris visada patrauklus ir puikiai papildo \u0161auk\u0161tinius patiekalus. Galima m\u0117gautis su taure vyno.<\/p>\n","protected":false},"featured_media":28861,"template":"","meta":{"_et_pb_use_builder":"","_et_pb_old_content":"","_et_gb_content_width":""},"product_brand":[1057],"product_cat":[1718,1715],"product_tag":[3956],"class_list":{"0":"post-28855","1":"product","2":"type-product","3":"status-publish","4":"has-post-thumbnail","6":"product_brand-la-encajera","7":"product_cat-alyvuoges","8":"product_cat-pickles-lt","9":"product_tag-almagro-lt","11":"first","12":"outofstock","13":"taxable","14":"shipping-taxable","15":"product-type-variable"},"_links":{"self":[{"href":"https:\/\/myspainfood.com\/lt\/wp-json\/wp\/v2\/product\/28855","targetHints":{"allow":["GET"]}}],"collection":[{"href":"https:\/\/myspainfood.com\/lt\/wp-json\/wp\/v2\/product"}],"about":[{"href":"https:\/\/myspainfood.com\/lt\/wp-json\/wp\/v2\/types\/product"}],"wp:featuredmedia":[{"embeddable":true,"href":"https:\/\/myspainfood.com\/lt\/wp-json\/wp\/v2\/media\/28861"}],"wp:attachment":[{"href":"https:\/\/myspainfood.com\/lt\/wp-json\/wp\/v2\/media?parent=28855"}],"wp:term":[{"taxonomy":"product_brand","embeddable":true,"href":"https:\/\/myspainfood.com\/lt\/wp-json\/wp\/v2\/product_brand?post=28855"},{"taxonomy":"product_cat","embeddable":true,"href":"https:\/\/myspainfood.com\/lt\/wp-json\/wp\/v2\/product_cat?post=28855"},{"taxonomy":"product_tag","embeddable":true,"href":"https:\/\/myspainfood.com\/lt\/wp-json\/wp\/v2\/product_tag?post=28855"}],"curies":[{"name":"wp","href":"https:\/\/api.w.org\/{rel}","templated":true}]}}