{"id":29337,"date":"2025-04-10T12:08:13","date_gmt":"2025-04-10T10:08:13","guid":{"rendered":"https:\/\/myspainfood.com\/producto\/kiausiniu-skanestai-su-anciuviais-65-vnt\/"},"modified":"2025-07-28T13:01:18","modified_gmt":"2025-07-28T11:01:18","slug":"kiausiniu-skanestai-su-anciuviais-65-vnt","status":"publish","type":"product","link":"https:\/\/myspainfood.com\/lt\/producto\/kiausiniu-skanestai-su-anciuviais-65-vnt\/","title":{"rendered":"Kiau\u0161ini\u0173 skan\u0117stai su an\u010diuviais 65 vnt."},"content":{"rendered":"<p>Aliejus (85 % saul\u0117gr\u0105\u017e\u0173, 15 % alyvuogi\u0173 aliejaus), alyvuog\u0117s, \u012fdarytos <strong>an\u010diuviais<\/strong>, <strong>an\u010diuviai<\/strong> acte, putpeli\u0173 <strong>kiau\u0161inis<\/strong>, piparast\u0117s ir raudonieji pipirai.<\/p>\n","protected":false},"excerpt":{"rendered":"<p>Aliejus (85 % saul\u0117gr\u0105\u017e\u0173, 15 % alyvuogi\u0173 aliejaus), alyvuog\u0117s, \u012fdarytos an\u010diuviais, an\u010diuviai acte, putpeli\u0173 kiau\u0161inis, piparast\u0117s ir raudonieji pipirai.<\/p>\n","protected":false},"featured_media":29339,"template":"","meta":{"_et_pb_use_builder":"","_et_pb_old_content":"","_et_gb_content_width":""},"product_brand":[1277],"product_cat":[1718,1903,1715,1816,1812],"product_tag":[],"class_list":{"0":"post-29337","1":"product","2":"type-product","3":"status-publish","4":"has-post-thumbnail","6":"product_brand-bokeo","7":"product_cat-alyvuoges","8":"product_cat-anciuviai-lt","9":"product_cat-pickles-lt","10":"product_cat-pintxos-lt","11":"product_cat-saltas","12":"product_shipping_class-saltoji-siunta","14":"first","15":"outofstock","16":"taxable","17":"shipping-taxable","18":"purchasable","19":"product-type-simple"},"_links":{"self":[{"href":"https:\/\/myspainfood.com\/lt\/wp-json\/wp\/v2\/product\/29337","targetHints":{"allow":["GET"]}}],"collection":[{"href":"https:\/\/myspainfood.com\/lt\/wp-json\/wp\/v2\/product"}],"about":[{"href":"https:\/\/myspainfood.com\/lt\/wp-json\/wp\/v2\/types\/product"}],"wp:featuredmedia":[{"embeddable":true,"href":"https:\/\/myspainfood.com\/lt\/wp-json\/wp\/v2\/media\/29339"}],"wp:attachment":[{"href":"https:\/\/myspainfood.com\/lt\/wp-json\/wp\/v2\/media?parent=29337"}],"wp:term":[{"taxonomy":"product_brand","embeddable":true,"href":"https:\/\/myspainfood.com\/lt\/wp-json\/wp\/v2\/product_brand?post=29337"},{"taxonomy":"product_cat","embeddable":true,"href":"https:\/\/myspainfood.com\/lt\/wp-json\/wp\/v2\/product_cat?post=29337"},{"taxonomy":"product_tag","embeddable":true,"href":"https:\/\/myspainfood.com\/lt\/wp-json\/wp\/v2\/product_tag?post=29337"}],"curies":[{"name":"wp","href":"https:\/\/api.w.org\/{rel}","templated":true}]}}