{"id":29507,"date":"2025-04-10T12:08:22","date_gmt":"2025-04-10T10:08:22","guid":{"rendered":"https:\/\/myspainfood.com\/producto\/juodademes-menkes-smulkus-trupiniai-5kg\/"},"modified":"2025-07-28T13:01:25","modified_gmt":"2025-07-28T11:01:25","slug":"juodademes-menkes-smulkus-trupiniai-5kg","status":"publish","type":"product","link":"https:\/\/myspainfood.com\/lt\/producto\/juodademes-menkes-smulkus-trupiniai-5kg\/","title":{"rendered":"Juodad\u0117m\u0117s menk\u0117s smulk\u016bs trupiniai 5kg"},"content":{"rendered":"<p>&#8222;Desmigado Fino Abadejo&#8221; 5 kg &#8221; <a href=\"https:\/\/labarajilla.es\/bacalao\/\" target=\"_blank\" rel=\"noopener noreferrer nofollow\">La Barajilla<\/a> &#8221; gaminama i\u0161 auk\u0161\u010diausios kokyb\u0117s gabal\u0117li\u0173 be odos ir kaul\u0173, idealiai tinka omletams, kroketams ir ajoarriero.<\/p>\n<p>Kad \u0161io produkto savyb\u0117s i\u0161likt\u0173 nepakitusios, j\u012f reikia laikyti 0-5 \u00b0C temperat\u016broje.<\/p>\n<p>Maistingumo po\u017ei\u016briu menk\u0117 yra maistas, kuriame gausu baltym\u0173, pasi\u017eymintis didele biologine verte ir vir\u0161kinamumu, ma\u017eai riebal\u0173 ir kalorij\u0173.<\/p>\n<p>Vandens kiekis yra apie 80 % (\u0161vie\u017eioje menk\u0117je).<\/p>\n<p>\u0160i menk\u0117 yra geras organizmui b\u016btin\u0173 vitamin\u0173 (daugiausia B grup\u0117s) ir mineralini\u0173 drusk\u0173 \u0161altinis.<\/p>\n<p>\u0160vie\u017ei\u0105 arba s\u016bdyt\u0105 menk\u0119 gali valgyti \u017emon\u0117s, turintys auk\u0161t\u0105 kraujosp\u016bd\u012f, nes joje yra ma\u017eai natrio ir daug kalio.<\/p>\n<p>&#8222;Menk\u0117 - bendras keli\u0173 Gadus genties \u017euv\u0173 r\u016b\u0161i\u0173 pavadinimas, nors kai kurios tos pa\u010dios genties \u017euvys gali tur\u0117ti ir kitus pavadinimus.<\/p>\n<p>Labiausiai paplitusi r\u016b\u0161is yra atlantin\u0117 menk\u0117 (Gadus morhua arba paprastoji menk\u0117).<\/p>\n<p>Jei norite nusipirkti Desmigado Fino Abadejo 5kg ar bet kokio kito <a href=\"https:\/\/latiendadesami.com\/categoria-producto\/frio\/\" rel=\"noopener noreferrer nofollow\" target=\"_blank\">\u0161alto<\/a> produkto, nedvejodami per\u017ei\u016br\u0117kite vis\u0105 m\u016bs\u0173 internetin\u012f katalog\u0105 ir susipa\u017einkite su didele menki\u0173 \u012fvairove.<\/p>\n<p>Nor\u0117dami gauti daugiau informacijos, ra\u0161ykite mums.<\/p>\n","protected":false},"excerpt":{"rendered":"<p>&#8222;Desmigado Fino Abadejo&#8221; 5 kg &#8221; La Barajilla &#8221; gaminama i\u0161 auk\u0161\u010diausios kokyb\u0117s gabal\u0117li\u0173 be odos ir kaul\u0173, idealiai tinka omletams, kroketams ir ajoarriero. Kad \u0161io produkto savyb\u0117s i\u0161likt\u0173 nepakitusios, j\u012f reikia laikyti 0-5 \u00b0C temperat\u016broje. Maistingumo po\u017ei\u016briu menk\u0117 yra maistas, kuriame gausu baltym\u0173, pasi\u017eymintis didele biologine verte ir vir\u0161kinamumu, ma\u017eai riebal\u0173 ir kalorij\u0173. Vandens [&hellip;]<\/p>\n","protected":false},"featured_media":29509,"template":"","meta":{"_et_pb_use_builder":"","_et_pb_old_content":"","_et_gb_content_width":""},"product_brand":[1290],"product_cat":[3516,1812],"product_tag":[],"class_list":{"0":"post-29507","1":"product","2":"type-product","3":"status-publish","4":"has-post-thumbnail","6":"product_brand-la-barajilla","7":"product_cat-menkes","8":"product_cat-saltas","9":"product_shipping_class-saltoji-siunta","11":"first","12":"outofstock","13":"taxable","14":"shipping-taxable","15":"purchasable","16":"product-type-simple"},"_links":{"self":[{"href":"https:\/\/myspainfood.com\/lt\/wp-json\/wp\/v2\/product\/29507","targetHints":{"allow":["GET"]}}],"collection":[{"href":"https:\/\/myspainfood.com\/lt\/wp-json\/wp\/v2\/product"}],"about":[{"href":"https:\/\/myspainfood.com\/lt\/wp-json\/wp\/v2\/types\/product"}],"wp:featuredmedia":[{"embeddable":true,"href":"https:\/\/myspainfood.com\/lt\/wp-json\/wp\/v2\/media\/29509"}],"wp:attachment":[{"href":"https:\/\/myspainfood.com\/lt\/wp-json\/wp\/v2\/media?parent=29507"}],"wp:term":[{"taxonomy":"product_brand","embeddable":true,"href":"https:\/\/myspainfood.com\/lt\/wp-json\/wp\/v2\/product_brand?post=29507"},{"taxonomy":"product_cat","embeddable":true,"href":"https:\/\/myspainfood.com\/lt\/wp-json\/wp\/v2\/product_cat?post=29507"},{"taxonomy":"product_tag","embeddable":true,"href":"https:\/\/myspainfood.com\/lt\/wp-json\/wp\/v2\/product_tag?post=29507"}],"curies":[{"name":"wp","href":"https:\/\/api.w.org\/{rel}","templated":true}]}}