{"id":29523,"date":"2025-04-10T12:08:11","date_gmt":"2025-04-10T10:08:11","guid":{"rendered":"https:\/\/myspainfood.com\/producto\/surio-skanestai-su-anciuviais-75-vnt\/"},"modified":"2026-04-24T07:44:37","modified_gmt":"2026-04-24T05:44:37","slug":"surio-skanestai-su-anciuviais-75-vnt","status":"publish","type":"product","link":"https:\/\/myspainfood.com\/lt\/producto\/surio-skanestai-su-anciuviais-75-vnt\/","title":{"rendered":"S\u016brio skan\u0117stai su an\u010diuviais 75 vnt."},"content":{"rendered":"<p>Aliejus (85 % saul\u0117gr\u0105\u017e\u0173, 15 % alyvuogi\u0173), alyvuog\u0117s su <strong>an\u010diuvi\u0173<\/strong> \u012fdaru,<strong> an\u010diuvi\u0173<\/strong> fil\u0117, pusiau s\u016bdytas s\u016bris, piparas ir raudonieji pipirai.<\/p>\n","protected":false},"excerpt":{"rendered":"<p>Aliejus (85 % saul\u0117gr\u0105\u017e\u0173, 15 % alyvuogi\u0173), alyvuog\u0117s su an\u010diuvi\u0173 \u012fdaru, an\u010diuvi\u0173 fil\u0117, pusiau s\u016bdytas s\u016bris, piparas ir raudonieji pipirai.<\/p>\n","protected":false},"featured_media":29528,"template":"","meta":{"_et_pb_use_builder":"","_et_pb_old_content":"","_et_gb_content_width":""},"product_brand":[],"product_cat":[1718,1814,1715,1816,1812],"product_tag":[],"class_list":{"0":"post-29523","1":"product","2":"type-product","3":"status-publish","4":"has-post-thumbnail","6":"product_cat-alyvuoges","7":"product_cat-anciuviai","8":"product_cat-pickles-lt","9":"product_cat-pintxos-lt","10":"product_cat-saltas","11":"product_shipping_class-saltoji-siunta","13":"first","14":"outofstock","15":"taxable","16":"shipping-taxable","17":"purchasable","18":"product-type-simple"},"_links":{"self":[{"href":"https:\/\/myspainfood.com\/lt\/wp-json\/wp\/v2\/product\/29523","targetHints":{"allow":["GET"]}}],"collection":[{"href":"https:\/\/myspainfood.com\/lt\/wp-json\/wp\/v2\/product"}],"about":[{"href":"https:\/\/myspainfood.com\/lt\/wp-json\/wp\/v2\/types\/product"}],"wp:featuredmedia":[{"embeddable":true,"href":"https:\/\/myspainfood.com\/lt\/wp-json\/wp\/v2\/media\/29528"}],"wp:attachment":[{"href":"https:\/\/myspainfood.com\/lt\/wp-json\/wp\/v2\/media?parent=29523"}],"wp:term":[{"taxonomy":"product_brand","embeddable":true,"href":"https:\/\/myspainfood.com\/lt\/wp-json\/wp\/v2\/product_brand?post=29523"},{"taxonomy":"product_cat","embeddable":true,"href":"https:\/\/myspainfood.com\/lt\/wp-json\/wp\/v2\/product_cat?post=29523"},{"taxonomy":"product_tag","embeddable":true,"href":"https:\/\/myspainfood.com\/lt\/wp-json\/wp\/v2\/product_tag?post=29523"}],"curies":[{"name":"wp","href":"https:\/\/api.w.org\/{rel}","templated":true}]}}