{"id":29873,"date":"2025-04-10T12:08:04","date_gmt":"2025-04-10T10:08:04","guid":{"rendered":"https:\/\/myspainfood.com\/producto\/foie-gras-pastetas-90-canard-picarpicar-150-g\/"},"modified":"2025-07-28T12:58:44","modified_gmt":"2025-07-28T10:58:44","slug":"foie-gras-pastetas-90-canard-picarpicar-150-g","status":"publish","type":"product","link":"https:\/\/myspainfood.com\/lt\/producto\/foie-gras-pastetas-90-canard-picarpicar-150-g\/","title":{"rendered":"Foie Gras pa\u0161tetas 90% Canard Picar&amp;picar 150 g"},"content":{"rendered":"<p>PICAR&amp;PICAR si\u016blo auk\u0161\u010diausios kokyb\u0117s &#8222;Bloc Foie Gras&#8221;, pakuot\u0117se po 150 gr<\/p>\n<p> &#8221; <strong>Foie gras de canard<\/strong> &#8221; yra intensyvesnio skonio, puikiai tinka bet kada prie patiekal\u0173 arba kaip ingredientas virtuv\u0117je.<\/p>\n","protected":false},"excerpt":{"rendered":"<p>PICAR&amp;PICAR si\u016blo auk\u0161\u010diausios kokyb\u0117s &#8222;Bloc Foie Gras&#8221;, pakuot\u0117se po 150 gr &#8221; Foie gras de canard &#8221; yra intensyvesnio skonio, puikiai tinka bet kada prie patiekal\u0173 arba kaip ingredientas virtuv\u0117je.<\/p>\n","protected":false},"featured_media":29874,"template":"","meta":{"_et_pb_use_builder":"","_et_pb_old_content":"","_et_gb_content_width":""},"product_brand":[1127],"product_cat":[6589,1812],"product_tag":[],"class_list":{"0":"post-29873","1":"product","2":"type-product","3":"status-publish","4":"has-post-thumbnail","6":"product_brand-picarpicar","7":"product_cat-foie-lt","8":"product_cat-saltas","9":"product_shipping_class-saltoji-siunta","11":"first","12":"outofstock","13":"sale","14":"featured","15":"taxable","16":"shipping-taxable","17":"purchasable","18":"product-type-simple"},"_links":{"self":[{"href":"https:\/\/myspainfood.com\/lt\/wp-json\/wp\/v2\/product\/29873","targetHints":{"allow":["GET"]}}],"collection":[{"href":"https:\/\/myspainfood.com\/lt\/wp-json\/wp\/v2\/product"}],"about":[{"href":"https:\/\/myspainfood.com\/lt\/wp-json\/wp\/v2\/types\/product"}],"wp:featuredmedia":[{"embeddable":true,"href":"https:\/\/myspainfood.com\/lt\/wp-json\/wp\/v2\/media\/29874"}],"wp:attachment":[{"href":"https:\/\/myspainfood.com\/lt\/wp-json\/wp\/v2\/media?parent=29873"}],"wp:term":[{"taxonomy":"product_brand","embeddable":true,"href":"https:\/\/myspainfood.com\/lt\/wp-json\/wp\/v2\/product_brand?post=29873"},{"taxonomy":"product_cat","embeddable":true,"href":"https:\/\/myspainfood.com\/lt\/wp-json\/wp\/v2\/product_cat?post=29873"},{"taxonomy":"product_tag","embeddable":true,"href":"https:\/\/myspainfood.com\/lt\/wp-json\/wp\/v2\/product_tag?post=29873"}],"curies":[{"name":"wp","href":"https:\/\/api.w.org\/{rel}","templated":true}]}}