{"id":29918,"date":"2025-04-10T12:08:05","date_gmt":"2025-04-10T10:08:05","guid":{"rendered":"https:\/\/myspainfood.com\/producto\/susi-cecina-ir-suris-80-vnt\/"},"modified":"2025-07-28T12:59:18","modified_gmt":"2025-07-28T10:59:18","slug":"susi-cecina-ir-suris-80-vnt","status":"publish","type":"product","link":"https:\/\/myspainfood.com\/lt\/producto\/susi-cecina-ir-suris-80-vnt\/","title":{"rendered":"Su\u0161i Cecina ir s\u016bris 80 vnt."},"content":{"rendered":"<p>Aliejus (85 % saul\u0117gr\u0105\u017e\u0173, 15 % alyvuogi\u0173), alyvuog\u0117s, \u012fdarytos<strong> an\u010diuviais<\/strong>, putpeli\u0173 <strong>kiau\u0161inis<\/strong>, s\u016brio mi\u0161inys ir jautienos d\u017ei\u016bv\u0117siai.<\/p>\n","protected":false},"excerpt":{"rendered":"<p>Aliejus (85 % saul\u0117gr\u0105\u017e\u0173, 15 % alyvuogi\u0173), alyvuog\u0117s, \u012fdarytos an\u010diuviais, putpeli\u0173 kiau\u0161inis, s\u016brio mi\u0161inys ir jautienos d\u017ei\u016bv\u0117siai.<\/p>\n","protected":false},"featured_media":29920,"template":"","meta":{"_et_pb_use_builder":"","_et_pb_old_content":"","_et_gb_content_width":""},"product_brand":[1277],"product_cat":[1718,1715,1816,1812,2256],"product_tag":[],"class_list":{"0":"post-29918","1":"product","2":"type-product","3":"status-publish","4":"has-post-thumbnail","6":"product_brand-bokeo","7":"product_cat-alyvuoges","8":"product_cat-pickles-lt","9":"product_cat-pintxos-lt","10":"product_cat-saltas","11":"product_cat-suris-ir-desra","12":"product_shipping_class-saltoji-siunta","14":"first","15":"outofstock","16":"taxable","17":"shipping-taxable","18":"purchasable","19":"product-type-simple"},"_links":{"self":[{"href":"https:\/\/myspainfood.com\/lt\/wp-json\/wp\/v2\/product\/29918","targetHints":{"allow":["GET"]}}],"collection":[{"href":"https:\/\/myspainfood.com\/lt\/wp-json\/wp\/v2\/product"}],"about":[{"href":"https:\/\/myspainfood.com\/lt\/wp-json\/wp\/v2\/types\/product"}],"wp:featuredmedia":[{"embeddable":true,"href":"https:\/\/myspainfood.com\/lt\/wp-json\/wp\/v2\/media\/29920"}],"wp:attachment":[{"href":"https:\/\/myspainfood.com\/lt\/wp-json\/wp\/v2\/media?parent=29918"}],"wp:term":[{"taxonomy":"product_brand","embeddable":true,"href":"https:\/\/myspainfood.com\/lt\/wp-json\/wp\/v2\/product_brand?post=29918"},{"taxonomy":"product_cat","embeddable":true,"href":"https:\/\/myspainfood.com\/lt\/wp-json\/wp\/v2\/product_cat?post=29918"},{"taxonomy":"product_tag","embeddable":true,"href":"https:\/\/myspainfood.com\/lt\/wp-json\/wp\/v2\/product_tag?post=29918"}],"curies":[{"name":"wp","href":"https:\/\/api.w.org\/{rel}","templated":true}]}}