{"id":29984,"date":"2025-04-10T12:08:03","date_gmt":"2025-04-10T10:08:03","guid":{"rendered":"https:\/\/myspainfood.com\/producto\/kantabrijos-anciuviai-gildas-5-vnt\/"},"modified":"2025-06-24T14:17:41","modified_gmt":"2025-06-24T12:17:41","slug":"kantabrijos-anciuviai-gildas-5-vnt","status":"publish","type":"product","link":"https:\/\/myspainfood.com\/lt\/producto\/kantabrijos-anciuviai-gildas-5-vnt\/","title":{"rendered":"Kantabrijos an\u010diuviai Gildas 5 vnt."},"content":{"rendered":"<p>Aliejus (85 % saul\u0117gr\u0105\u017e\u0173, 15 % alyvuogi\u0173), alyvuog\u0117s su <strong>an\u010diuvi\u0173<\/strong> \u012fdaru, <strong>Kantabrijos an\u010diuvi\u0173<\/strong> fil\u0117 ir piparra.<\/p>\n","protected":false},"excerpt":{"rendered":"<p>Aliejus (85 % saul\u0117gr\u0105\u017e\u0173, 15 % alyvuogi\u0173), alyvuog\u0117s su an\u010diuvi\u0173 \u012fdaru, Kantabrijos an\u010diuvi\u0173 fil\u0117 ir piparra.<\/p>\n","protected":false},"featured_media":29990,"template":"","meta":{"_et_pb_use_builder":"","_et_pb_old_content":"","_et_gb_content_width":""},"product_brand":[1277],"product_cat":[4012,1814,2092,1715,1816,1812],"product_tag":[],"class_list":{"0":"post-29984","1":"product","2":"type-product","3":"status-publish","4":"has-post-thumbnail","6":"product_brand-bokeo","7":"product_cat-aitriosios-paprikos","8":"product_cat-anciuviai","9":"product_cat-pennantai-banderillas","10":"product_cat-pickles-lt","11":"product_cat-pintxos-lt","12":"product_cat-saltas","13":"product_shipping_class-saltoji-siunta","15":"first","16":"instock","17":"taxable","18":"shipping-taxable","19":"product-type-variable"},"_links":{"self":[{"href":"https:\/\/myspainfood.com\/lt\/wp-json\/wp\/v2\/product\/29984","targetHints":{"allow":["GET"]}}],"collection":[{"href":"https:\/\/myspainfood.com\/lt\/wp-json\/wp\/v2\/product"}],"about":[{"href":"https:\/\/myspainfood.com\/lt\/wp-json\/wp\/v2\/types\/product"}],"wp:featuredmedia":[{"embeddable":true,"href":"https:\/\/myspainfood.com\/lt\/wp-json\/wp\/v2\/media\/29990"}],"wp:attachment":[{"href":"https:\/\/myspainfood.com\/lt\/wp-json\/wp\/v2\/media?parent=29984"}],"wp:term":[{"taxonomy":"product_brand","embeddable":true,"href":"https:\/\/myspainfood.com\/lt\/wp-json\/wp\/v2\/product_brand?post=29984"},{"taxonomy":"product_cat","embeddable":true,"href":"https:\/\/myspainfood.com\/lt\/wp-json\/wp\/v2\/product_cat?post=29984"},{"taxonomy":"product_tag","embeddable":true,"href":"https:\/\/myspainfood.com\/lt\/wp-json\/wp\/v2\/product_tag?post=29984"}],"curies":[{"name":"wp","href":"https:\/\/api.w.org\/{rel}","templated":true}]}}