{"id":30092,"date":"2025-04-10T12:08:03","date_gmt":"2025-04-10T10:08:03","guid":{"rendered":"https:\/\/myspainfood.com\/producto\/kantabrijos-suris-ir-anciuviu-gildija-5-vnt\/"},"modified":"2025-09-02T10:40:57","modified_gmt":"2025-09-02T08:40:57","slug":"kantabrijos-suris-ir-anciuviu-gildija-5-vnt","status":"publish","type":"product","link":"https:\/\/myspainfood.com\/lt\/producto\/kantabrijos-suris-ir-anciuviu-gildija-5-vnt\/","title":{"rendered":"Kantabrijos s\u016bris ir an\u010diuvi\u0173 gildija 5 vnt."},"content":{"rendered":"<p>Aliejus (85 % saul\u0117gr\u0105\u017e\u0173, 15 % alyvuogi\u0173), alyvuog\u0117s, \u012fdarytos <strong>an\u010diuviais<\/strong>,<strong> Kantabrijos an\u010diuvi\u0173<\/strong> fil\u0117, pusiau s\u016bdytas s\u016bris, raudonoji paprika ir raudonieji pipirai.<\/p>\n","protected":false},"excerpt":{"rendered":"<p>Aliejus (85 % saul\u0117gr\u0105\u017e\u0173, 15 % alyvuogi\u0173), alyvuog\u0117s, \u012fdarytos an\u010diuviais, Kantabrijos an\u010diuvi\u0173 fil\u0117, pusiau s\u016bdytas s\u016bris, raudonoji paprika ir raudonieji pipirai.<\/p>\n","protected":false},"featured_media":30098,"template":"","meta":{"_et_pb_use_builder":"","_et_pb_old_content":"","_et_gb_content_width":""},"product_brand":[1277],"product_cat":[4012,1718,1814,1966,1715,1816,2327,1812,2256],"product_tag":[],"class_list":{"0":"post-30092","1":"product","2":"type-product","3":"status-publish","4":"has-post-thumbnail","6":"product_brand-bokeo","7":"product_cat-aitriosios-paprikos","8":"product_cat-alyvuoges","9":"product_cat-anciuviai","10":"product_cat-konservai","11":"product_cat-pickles-lt","12":"product_cat-pintxos-lt","13":"product_cat-pipirai","14":"product_cat-saltas","15":"product_cat-suris-ir-desra","16":"product_shipping_class-saltoji-siunta","18":"first","19":"instock","20":"taxable","21":"shipping-taxable","22":"product-type-variable"},"_links":{"self":[{"href":"https:\/\/myspainfood.com\/lt\/wp-json\/wp\/v2\/product\/30092","targetHints":{"allow":["GET"]}}],"collection":[{"href":"https:\/\/myspainfood.com\/lt\/wp-json\/wp\/v2\/product"}],"about":[{"href":"https:\/\/myspainfood.com\/lt\/wp-json\/wp\/v2\/types\/product"}],"wp:featuredmedia":[{"embeddable":true,"href":"https:\/\/myspainfood.com\/lt\/wp-json\/wp\/v2\/media\/30098"}],"wp:attachment":[{"href":"https:\/\/myspainfood.com\/lt\/wp-json\/wp\/v2\/media?parent=30092"}],"wp:term":[{"taxonomy":"product_brand","embeddable":true,"href":"https:\/\/myspainfood.com\/lt\/wp-json\/wp\/v2\/product_brand?post=30092"},{"taxonomy":"product_cat","embeddable":true,"href":"https:\/\/myspainfood.com\/lt\/wp-json\/wp\/v2\/product_cat?post=30092"},{"taxonomy":"product_tag","embeddable":true,"href":"https:\/\/myspainfood.com\/lt\/wp-json\/wp\/v2\/product_tag?post=30092"}],"curies":[{"name":"wp","href":"https:\/\/api.w.org\/{rel}","templated":true}]}}