{"id":30196,"date":"2025-04-10T12:08:03","date_gmt":"2025-04-10T10:08:03","guid":{"rendered":"https:\/\/myspainfood.com\/producto\/gildas-de-boqueron-bokeo-5-vnt\/"},"modified":"2025-06-24T13:31:36","modified_gmt":"2025-06-24T11:31:36","slug":"gildas-de-boqueron-bokeo-5-vnt","status":"publish","type":"product","link":"https:\/\/myspainfood.com\/lt\/producto\/gildas-de-boqueron-bokeo-5-vnt\/","title":{"rendered":"Gildas de Boquer\u00f3n Bokeo 5 vnt."},"content":{"rendered":"<p>Aliejus (85 % saul\u0117gr\u0105\u017e\u0173, 15 % alyvuogi\u0173 aliejaus), alyvuog\u0117s, \u012fdarytos <strong>an\u010diuviais<\/strong>, <strong>an\u010diuviai<\/strong> acte, raudonieji pipirai, petra\u017eol\u0117s ir \u010desnakai.<\/p>\n","protected":false},"excerpt":{"rendered":"<p>Aliejus (85 % saul\u0117gr\u0105\u017e\u0173, 15 % alyvuogi\u0173 aliejaus), alyvuog\u0117s, \u012fdarytos an\u010diuviais, an\u010diuviai acte, raudonieji pipirai, petra\u017eol\u0117s ir \u010desnakai.<\/p>\n","protected":false},"featured_media":30202,"template":"","meta":{"_et_pb_use_builder":"","_et_pb_old_content":"","_et_gb_content_width":""},"product_brand":[1277],"product_cat":[1718,1903,1966,1715,1816,2327,1812],"product_tag":[],"class_list":{"0":"post-30196","1":"product","2":"type-product","3":"status-publish","4":"has-post-thumbnail","6":"product_brand-bokeo","7":"product_cat-alyvuoges","8":"product_cat-anciuviai-lt","9":"product_cat-konservai","10":"product_cat-pickles-lt","11":"product_cat-pintxos-lt","12":"product_cat-pipirai","13":"product_cat-saltas","14":"product_shipping_class-saltoji-siunta","16":"first","17":"instock","18":"taxable","19":"shipping-taxable","20":"product-type-variable"},"_links":{"self":[{"href":"https:\/\/myspainfood.com\/lt\/wp-json\/wp\/v2\/product\/30196","targetHints":{"allow":["GET"]}}],"collection":[{"href":"https:\/\/myspainfood.com\/lt\/wp-json\/wp\/v2\/product"}],"about":[{"href":"https:\/\/myspainfood.com\/lt\/wp-json\/wp\/v2\/types\/product"}],"wp:featuredmedia":[{"embeddable":true,"href":"https:\/\/myspainfood.com\/lt\/wp-json\/wp\/v2\/media\/30202"}],"wp:attachment":[{"href":"https:\/\/myspainfood.com\/lt\/wp-json\/wp\/v2\/media?parent=30196"}],"wp:term":[{"taxonomy":"product_brand","embeddable":true,"href":"https:\/\/myspainfood.com\/lt\/wp-json\/wp\/v2\/product_brand?post=30196"},{"taxonomy":"product_cat","embeddable":true,"href":"https:\/\/myspainfood.com\/lt\/wp-json\/wp\/v2\/product_cat?post=30196"},{"taxonomy":"product_tag","embeddable":true,"href":"https:\/\/myspainfood.com\/lt\/wp-json\/wp\/v2\/product_tag?post=30196"}],"curies":[{"name":"wp","href":"https:\/\/api.w.org\/{rel}","templated":true}]}}