{"id":30547,"date":"2025-04-10T12:08:03","date_gmt":"2025-04-10T10:08:03","guid":{"rendered":"https:\/\/myspainfood.com\/producto\/cecina-ir-suris-gildas-4-vnt\/"},"modified":"2025-09-02T10:41:09","modified_gmt":"2025-09-02T08:41:09","slug":"cecina-ir-suris-gildas-4-vnt","status":"publish","type":"product","link":"https:\/\/myspainfood.com\/lt\/producto\/cecina-ir-suris-gildas-4-vnt\/","title":{"rendered":"Cecina ir s\u016bris Gildas 4 vnt."},"content":{"rendered":"<p>Aliejus (85 % saul\u0117gr\u0105\u017e\u0173, 15 % alyvuogi\u0173), pusiau s\u016bdytas s\u016bris ir jautienos d\u017ei\u016bv\u0117siai.<\/p>\n","protected":false},"excerpt":{"rendered":"<p>Aliejus (85 % saul\u0117gr\u0105\u017e\u0173, 15 % alyvuogi\u0173), pusiau s\u016bdytas s\u016bris ir jautienos d\u017ei\u016bv\u0117siai.<\/p>\n","protected":false},"featured_media":30553,"template":"","meta":{"_et_pb_use_builder":"","_et_pb_old_content":"","_et_gb_content_width":""},"product_brand":[1277],"product_cat":[2257,2728,2092,1715,1816,1812,2256],"product_tag":[],"class_list":{"0":"post-30547","1":"product","2":"type-product","3":"status-publish","4":"has-post-thumbnail","6":"product_brand-bokeo","7":"product_cat-desra","8":"product_cat-gydymas","9":"product_cat-pennantai-banderillas","10":"product_cat-pickles-lt","11":"product_cat-pintxos-lt","12":"product_cat-saltas","13":"product_cat-suris-ir-desra","14":"product_shipping_class-saltoji-siunta","16":"first","17":"outofstock","18":"taxable","19":"shipping-taxable","20":"product-type-variable"},"_links":{"self":[{"href":"https:\/\/myspainfood.com\/lt\/wp-json\/wp\/v2\/product\/30547","targetHints":{"allow":["GET"]}}],"collection":[{"href":"https:\/\/myspainfood.com\/lt\/wp-json\/wp\/v2\/product"}],"about":[{"href":"https:\/\/myspainfood.com\/lt\/wp-json\/wp\/v2\/types\/product"}],"wp:featuredmedia":[{"embeddable":true,"href":"https:\/\/myspainfood.com\/lt\/wp-json\/wp\/v2\/media\/30553"}],"wp:attachment":[{"href":"https:\/\/myspainfood.com\/lt\/wp-json\/wp\/v2\/media?parent=30547"}],"wp:term":[{"taxonomy":"product_brand","embeddable":true,"href":"https:\/\/myspainfood.com\/lt\/wp-json\/wp\/v2\/product_brand?post=30547"},{"taxonomy":"product_cat","embeddable":true,"href":"https:\/\/myspainfood.com\/lt\/wp-json\/wp\/v2\/product_cat?post=30547"},{"taxonomy":"product_tag","embeddable":true,"href":"https:\/\/myspainfood.com\/lt\/wp-json\/wp\/v2\/product_tag?post=30547"}],"curies":[{"name":"wp","href":"https:\/\/api.w.org\/{rel}","templated":true}]}}