{"id":30713,"date":"2025-04-10T12:08:41","date_gmt":"2025-04-10T10:08:41","guid":{"rendered":"https:\/\/myspainfood.com\/producto\/sudytos-menkes-trupiniai-500g\/"},"modified":"2025-07-28T10:39:00","modified_gmt":"2025-07-28T08:39:00","slug":"sudytos-menkes-trupiniai-500g","status":"publish","type":"product","link":"https:\/\/myspainfood.com\/lt\/producto\/sudytos-menkes-trupiniai-500g\/","title":{"rendered":"S\u016bdytos menk\u0117s trupiniai 500G"},"content":{"rendered":"<div class=\"wpb_animate_when_almost_visible wpb_bottom-to-top bottom-to-top wpb_column vc_column_container vc_col-sm-6 wpb_start_animation animated\">\n<div class=\"vc_column-inner \">\n<div class=\"wpb_wrapper\">\n<div class=\"wpb_text_column wpb_content_element \">\n<div class=\"wpb_wrapper\">\n<p>Desmigado bacalao salado 500G de <a href=\"https:\/\/labarajilla.es\/bacalao\/\" target=\"_blank\" rel=\"noopener noreferrer nofollow\">La Barajilla<\/a> gaminama i\u0161 auk\u0161\u010diausios kokyb\u0117s gabal\u0117li\u0173 be odos ir kaul\u0173, idealiai tinka omletams, kroketams ir ajoarriero.<\/p>\n<ul>\n<li><strong>R\u016a\u0160IS<\/strong>: menk\u0117 ( Gadus Morhua )<\/li>\n<li><strong>\u017dVEJYBOS ZONA<\/strong>: \u0160iaur\u0117s Vakar\u0173 Atlanto vandenynas ( FAO 27 )<\/li>\n<li><strong>Laikymas<\/strong>: nuo 0\u00baC iki 5\u00baC.<\/li>\n<\/ul>\n<p>Maistingumo po\u017ei\u016briu menk\u0117 yra maistas, kuriame gausu baltym\u0173, pasi\u017eymintis didele biologine verte ir vir\u0161kinamumu, ma\u017eai riebal\u0173 ir kalorij\u0173.<\/p>\n<p>Vandens kiekis yra apie 80 % (\u0161vie\u017eioje menk\u0117je).<\/p>\n<p>\u0160i menk\u0117 yra geras organizmui b\u016btin\u0173 vitamin\u0173 (daugiausia B grup\u0117s) ir mineralini\u0173 drusk\u0173 \u0161altinis.<\/p>\n<p>\u0160vie\u017ei\u0105 arba s\u016bdyt\u0105 menk\u0119 gali valgyti \u017emon\u0117s, turintys auk\u0161t\u0105 kraujosp\u016bd\u012f, nes joje yra ma\u017eai natrio ir daug kalio.<\/p>\n<p>&#8222;Menk\u0117 - bendras keli\u0173 Gadus genties \u017euv\u0173 r\u016b\u0161i\u0173 pavadinimas, nors kai kurios tos pa\u010dios genties \u017euvys gali tur\u0117ti ir kitus pavadinimus.<\/p>\n<p>Labiausiai paplitusi r\u016b\u0161is yra atlantin\u0117 menk\u0117 (Gadus morhua arba paprastoji menk\u0117).<\/p>\n<p>Jei norite \u012fsigyti Desmigado bacalao salado 500G arba bet kokio kito <a href=\"https:\/\/latiendadesami.com\/categoria-producto\/frio\/\" rel=\"noopener noreferrer nofollow\" target=\"_blank\">\u0161alto<\/a> produkto, nedvejodami per\u017ei\u016br\u0117kite vis\u0105 m\u016bs\u0173 internetin\u012f katalog\u0105 ir susipa\u017einkite su didele menki\u0173 \u012fvairove.<\/p>\n<p>Nor\u0117dami gauti daugiau informacijos, ra\u0161ykite mums.<\/p>\n<\/div>\n<\/div>\n<\/div>\n<\/div>\n<\/div>\n","protected":false},"excerpt":{"rendered":"<p>Desmigado bacalao salado 500G de La Barajilla gaminama i\u0161 auk\u0161\u010diausios kokyb\u0117s gabal\u0117li\u0173 be odos ir kaul\u0173, idealiai tinka omletams, kroketams ir ajoarriero. R\u016a\u0160IS: menk\u0117 ( Gadus Morhua ) \u017dVEJYBOS ZONA: \u0160iaur\u0117s Vakar\u0173 Atlanto vandenynas ( FAO 27 ) Laikymas: nuo 0\u00baC iki 5\u00baC. Maistingumo po\u017ei\u016briu menk\u0117 yra maistas, kuriame gausu baltym\u0173, pasi\u017eymintis didele biologine verte [&hellip;]<\/p>\n","protected":false},"featured_media":30715,"template":"","meta":{"_et_pb_use_builder":"","_et_pb_old_content":"","_et_gb_content_width":""},"product_brand":[1290],"product_cat":[3516,1812],"product_tag":[],"class_list":{"0":"post-30713","1":"product","2":"type-product","3":"status-publish","4":"has-post-thumbnail","6":"product_brand-la-barajilla","7":"product_cat-menkes","8":"product_cat-saltas","9":"product_shipping_class-saltoji-siunta","11":"first","12":"outofstock","13":"taxable","14":"shipping-taxable","15":"purchasable","16":"product-type-simple"},"_links":{"self":[{"href":"https:\/\/myspainfood.com\/lt\/wp-json\/wp\/v2\/product\/30713","targetHints":{"allow":["GET"]}}],"collection":[{"href":"https:\/\/myspainfood.com\/lt\/wp-json\/wp\/v2\/product"}],"about":[{"href":"https:\/\/myspainfood.com\/lt\/wp-json\/wp\/v2\/types\/product"}],"wp:featuredmedia":[{"embeddable":true,"href":"https:\/\/myspainfood.com\/lt\/wp-json\/wp\/v2\/media\/30715"}],"wp:attachment":[{"href":"https:\/\/myspainfood.com\/lt\/wp-json\/wp\/v2\/media?parent=30713"}],"wp:term":[{"taxonomy":"product_brand","embeddable":true,"href":"https:\/\/myspainfood.com\/lt\/wp-json\/wp\/v2\/product_brand?post=30713"},{"taxonomy":"product_cat","embeddable":true,"href":"https:\/\/myspainfood.com\/lt\/wp-json\/wp\/v2\/product_cat?post=30713"},{"taxonomy":"product_tag","embeddable":true,"href":"https:\/\/myspainfood.com\/lt\/wp-json\/wp\/v2\/product_tag?post=30713"}],"curies":[{"name":"wp","href":"https:\/\/api.w.org\/{rel}","templated":true}]}}