{"id":30836,"date":"2025-04-10T12:09:09","date_gmt":"2025-04-10T10:09:09","guid":{"rendered":"https:\/\/myspainfood.com\/producto\/el-gran-cardenal-ozkos-ir-karves-paprikos-suris\/"},"modified":"2025-06-24T14:15:36","modified_gmt":"2025-06-24T12:15:36","slug":"el-gran-cardenal-ozkos-ir-karves-paprikos-suris","status":"publish","type":"product","link":"https:\/\/myspainfood.com\/lt\/producto\/el-gran-cardenal-ozkos-ir-karves-paprikos-suris\/","title":{"rendered":"&#8222;El Gran Cardenal&#8221; o\u017ekos ir karv\u0117s paprikos s\u016bris"},"content":{"rendered":"<div class=\"et_pb_blurb_container\">\n<div class=\"et_pb_blurb_container\">\n<h4 class=\"et_pb_module_header\">O\u017eka su paprika<\/h4>\n<div class=\"et_pb_blurb_description\">I\u0161 i\u0161or\u0117s padengtas nat\u016bralia paprika (gaunama d\u017eiovinant ir malant raudon\u0105j\u0105 paprik\u0105), s\u016bris \u012fgauna patraukli\u0105 rausv\u0105 spalv\u0105 ir ypating\u0105 aromat\u0105 bei skon\u012f.<\/p>\n<p>. O\u017ek\u0173 pieno kremin\u0117s konsistencijos ir nat\u016bralios paprikos skonio derinys yra vienas geriausi\u0173 \u012fmanom\u0173 s\u016bri\u0173 derini\u0173.<\/p><\/div>\n<\/div>\n<\/div>\n","protected":false},"excerpt":{"rendered":"<p>O\u017eka su paprika I\u0161 i\u0161or\u0117s padengtas nat\u016bralia paprika (gaunama d\u017eiovinant ir malant raudon\u0105j\u0105 paprik\u0105), s\u016bris \u012fgauna patraukli\u0105 rausv\u0105 spalv\u0105 ir ypating\u0105 aromat\u0105 bei skon\u012f. . O\u017ek\u0173 pieno kremin\u0117s konsistencijos ir nat\u016bralios paprikos skonio derinys yra vienas geriausi\u0173 \u012fmanom\u0173 s\u016bri\u0173 derini\u0173.<\/p>\n","protected":false},"featured_media":30841,"template":"","meta":{"_et_pb_use_builder":"","_et_pb_old_content":"","_et_gb_content_width":""},"product_brand":[1319],"product_cat":[2728,1812,2256],"product_tag":[],"class_list":{"0":"post-30836","1":"product","2":"type-product","3":"status-publish","4":"has-post-thumbnail","6":"product_brand-el-gran-cardenal","7":"product_cat-gydymas","8":"product_cat-saltas","9":"product_cat-suris-ir-desra","10":"product_shipping_class-saltoji-siunta","12":"first","13":"outofstock","14":"taxable","15":"shipping-taxable","16":"product-type-variable"},"_links":{"self":[{"href":"https:\/\/myspainfood.com\/lt\/wp-json\/wp\/v2\/product\/30836","targetHints":{"allow":["GET"]}}],"collection":[{"href":"https:\/\/myspainfood.com\/lt\/wp-json\/wp\/v2\/product"}],"about":[{"href":"https:\/\/myspainfood.com\/lt\/wp-json\/wp\/v2\/types\/product"}],"wp:featuredmedia":[{"embeddable":true,"href":"https:\/\/myspainfood.com\/lt\/wp-json\/wp\/v2\/media\/30841"}],"wp:attachment":[{"href":"https:\/\/myspainfood.com\/lt\/wp-json\/wp\/v2\/media?parent=30836"}],"wp:term":[{"taxonomy":"product_brand","embeddable":true,"href":"https:\/\/myspainfood.com\/lt\/wp-json\/wp\/v2\/product_brand?post=30836"},{"taxonomy":"product_cat","embeddable":true,"href":"https:\/\/myspainfood.com\/lt\/wp-json\/wp\/v2\/product_cat?post=30836"},{"taxonomy":"product_tag","embeddable":true,"href":"https:\/\/myspainfood.com\/lt\/wp-json\/wp\/v2\/product_tag?post=30836"}],"curies":[{"name":"wp","href":"https:\/\/api.w.org\/{rel}","templated":true}]}}