{"id":31020,"date":"2025-04-10T12:08:39","date_gmt":"2025-04-10T10:08:39","guid":{"rendered":"https:\/\/myspainfood.com\/producto\/kokotxas-iceland-extra-500gr\/"},"modified":"2025-07-28T10:36:13","modified_gmt":"2025-07-28T08:36:13","slug":"kokotxas-iceland-extra-500gr","status":"publish","type":"product","link":"https:\/\/myspainfood.com\/lt\/producto\/kokotxas-iceland-extra-500gr\/","title":{"rendered":"Kokotxas Iceland Extra 500gr"},"content":{"rendered":"<p>&#8221; <a href=\"https:\/\/labarajilla.es\/bacalao\/\" target=\"_blank\" rel=\"noopener noreferrer nofollow\">La Barajilla<\/a> &#8221; &#8222;Kokotxas Islandia Extra&#8221; 500gr labai vertinami d\u0117l savo tekst\u016bros.<\/p>\n<p>\u0160ios kokotksos turi ger\u0105 raumen\u0173 mas\u0119, esan\u010di\u0105 tarp dviej\u0173 apatini\u0173 \u017eandikauli\u0173.<\/p>\n<ul>\n<li><strong>R\u016a\u0160IS<\/strong>: menk\u0117 ( Gadus Morhua )<u><\/u><u><\/u><\/li>\n<li><strong>\u017dVEJYBOS ZONA<\/strong>: \u0160iaur\u0117s Vakar\u0173 Atlanto vandenynas ( FAO 27 )<u><\/u><u><\/u><\/li>\n<li><strong>Laikymas<\/strong>: nuo 0\u00baC iki 5\u00baC.<\/li>\n<\/ul>\n<p>Maistingumo po\u017ei\u016briu menk\u0117 yra maistas, kuriame gausu baltym\u0173, pasi\u017eymintis didele biologine verte ir vir\u0161kinamumu, ma\u017eai riebal\u0173 ir kalorij\u0173.<\/p>\n<p>Vandens kiekis yra apie 80 % (\u0161vie\u017eioje menk\u0117je).<\/p>\n<p>\u0160i menk\u0117 yra geras organizmui b\u016btin\u0173 vitamin\u0173 (daugiausia B grup\u0117s) ir mineralini\u0173 drusk\u0173 \u0161altinis.<\/p>\n<p>\u0160vie\u017ei\u0105 arba s\u016bdyt\u0105 menk\u0119 gali valgyti \u017emon\u0117s, turintys auk\u0161t\u0105 kraujosp\u016bd\u012f, nes joje yra ma\u017eai natrio ir daug kalio.<\/p>\n<p>&#8222;Menk\u0117 - bendras keli\u0173 Gadus genties \u017euv\u0173 r\u016b\u0161i\u0173 pavadinimas, nors kai kurios tos pa\u010dios genties \u017euvys gali tur\u0117ti ir kitus pavadinimus.<\/p>\n<p>Labiausiai paplitusi r\u016b\u0161is yra atlantin\u0117 menk\u0117 (Gadus morhua arba paprastoji menk\u0117).<\/p>\n<p>Jei norite \u012fsigyti &#8222;Kokotxas Islandia Extra&#8221; 500gr arba bet kok\u012f kit\u0105 <a href=\"https:\/\/latiendadesami.com\/categoria-producto\/frio\/\" rel=\"noopener noreferrer nofollow\" target=\"_blank\">\u0161alt\u0105<\/a> produkt\u0105, nedvejodami per\u017ei\u016br\u0117kite m\u016bs\u0173 internetin\u012f katalog\u0105 ir susipa\u017einkite su pla\u010diu menki\u0173 asortimentu.<\/p>\n<p>Nor\u0117dami gauti daugiau informacijos, ra\u0161ykite mums.<\/p>\n","protected":false},"excerpt":{"rendered":"<p>&#8221; La Barajilla &#8221; &#8222;Kokotxas Islandia Extra&#8221; 500gr labai vertinami d\u0117l savo tekst\u016bros. \u0160ios kokotksos turi ger\u0105 raumen\u0173 mas\u0119, esan\u010di\u0105 tarp dviej\u0173 apatini\u0173 \u017eandikauli\u0173. R\u016a\u0160IS: menk\u0117 ( Gadus Morhua ) \u017dVEJYBOS ZONA: \u0160iaur\u0117s Vakar\u0173 Atlanto vandenynas ( FAO 27 ) Laikymas: nuo 0\u00baC iki 5\u00baC. Maistingumo po\u017ei\u016briu menk\u0117 yra maistas, kuriame gausu baltym\u0173, pasi\u017eymintis didele [&hellip;]<\/p>\n","protected":false},"featured_media":31024,"template":"","meta":{"_et_pb_use_builder":"","_et_pb_old_content":"","_et_gb_content_width":""},"product_brand":[1290],"product_cat":[3516,1812],"product_tag":[],"class_list":{"0":"post-31020","1":"product","2":"type-product","3":"status-publish","4":"has-post-thumbnail","6":"product_brand-la-barajilla","7":"product_cat-menkes","8":"product_cat-saltas","9":"product_shipping_class-saltoji-siunta","11":"first","12":"outofstock","13":"taxable","14":"shipping-taxable","15":"purchasable","16":"product-type-simple"},"_links":{"self":[{"href":"https:\/\/myspainfood.com\/lt\/wp-json\/wp\/v2\/product\/31020","targetHints":{"allow":["GET"]}}],"collection":[{"href":"https:\/\/myspainfood.com\/lt\/wp-json\/wp\/v2\/product"}],"about":[{"href":"https:\/\/myspainfood.com\/lt\/wp-json\/wp\/v2\/types\/product"}],"wp:featuredmedia":[{"embeddable":true,"href":"https:\/\/myspainfood.com\/lt\/wp-json\/wp\/v2\/media\/31024"}],"wp:attachment":[{"href":"https:\/\/myspainfood.com\/lt\/wp-json\/wp\/v2\/media?parent=31020"}],"wp:term":[{"taxonomy":"product_brand","embeddable":true,"href":"https:\/\/myspainfood.com\/lt\/wp-json\/wp\/v2\/product_brand?post=31020"},{"taxonomy":"product_cat","embeddable":true,"href":"https:\/\/myspainfood.com\/lt\/wp-json\/wp\/v2\/product_cat?post=31020"},{"taxonomy":"product_tag","embeddable":true,"href":"https:\/\/myspainfood.com\/lt\/wp-json\/wp\/v2\/product_tag?post=31020"}],"curies":[{"name":"wp","href":"https:\/\/api.w.org\/{rel}","templated":true}]}}