{"id":31399,"date":"2025-04-10T12:08:39","date_gmt":"2025-04-10T10:08:39","guid":{"rendered":"https:\/\/myspainfood.com\/producto\/cruceiro-de-ferreiros-albarino\/"},"modified":"2025-04-10T12:08:39","modified_gmt":"2025-04-10T10:08:39","slug":"cruceiro-de-ferreiros-albarino","status":"publish","type":"product","link":"https:\/\/myspainfood.com\/lt\/producto\/cruceiro-de-ferreiros-albarino\/","title":{"rendered":"Cruceiro de Ferreiros Albari\u00f1o"},"content":{"rendered":"<p>\u0160is klasikinis Galisijos vynas yra \u0161varus ir \u0161viesus, beveik \u017ealios spalvos. Greipfrut\u0173 aromatas skleid\u017eiasi g\u0117li\u0173 fone su mineral\u0173 u\u017euominomis. Vynas pasi\u017eymi tvirtu k\u016bnu, gera strukt\u016bra ir tvirta pabaiga, puikiai tinka prie lengv\u0173 \u017euvies patiekal\u0173 ar \u0161vie\u017eio s\u016brio.  <\/p>\n<div>vynas, pagamintas i\u0161 Albari\u00f1o, Godello ir Loureiro vynuogi\u0173, buvo apdovanotas sidabro medaliu 2017 m. Tarptautiniuose vyno apdovanojimuose balt\u0173j\u0173 vyn\u0173 kategorijoje.<\/div>\n<p>Pavadinimas\/aplinka: Ixp Do Mi\u00f1o<\/p>\n","protected":false},"excerpt":{"rendered":"<p>\u0160is klasikinis Galisijos vynas yra \u0161varus ir \u0161viesus, beveik \u017ealios spalvos. Greipfrut\u0173 aromatas skleid\u017eiasi g\u0117li\u0173 fone su mineral\u0173 u\u017euominomis. Vynas pasi\u017eymi tvirtu k\u016bnu, gera strukt\u016bra ir tvirta pabaiga, puikiai tinka prie lengv\u0173 \u017euvies patiekal\u0173 ar \u0161vie\u017eio s\u016brio. vynas, pagamintas i\u0161 Albari\u00f1o, Godello ir Loureiro vynuogi\u0173, buvo apdovanotas sidabro medaliu 2017 m. Tarptautiniuose vyno apdovanojimuose balt\u0173j\u0173 [&hellip;]<\/p>\n","protected":false},"featured_media":31408,"template":"","meta":{"_et_pb_use_builder":"","_et_pb_old_content":"","_et_gb_content_width":""},"product_brand":[1302],"product_cat":[4851,6274],"product_tag":[7015],"class_list":{"0":"post-31399","1":"product","2":"type-product","3":"status-publish","4":"has-post-thumbnail","6":"product_brand-galiciano","7":"product_cat-gerimai","8":"product_cat-vynas-lt-2","9":"product_tag-albarino-lt","11":"first","12":"instock","13":"taxable","14":"shipping-taxable","15":"purchasable","16":"product-type-variable"},"_links":{"self":[{"href":"https:\/\/myspainfood.com\/lt\/wp-json\/wp\/v2\/product\/31399","targetHints":{"allow":["GET"]}}],"collection":[{"href":"https:\/\/myspainfood.com\/lt\/wp-json\/wp\/v2\/product"}],"about":[{"href":"https:\/\/myspainfood.com\/lt\/wp-json\/wp\/v2\/types\/product"}],"wp:featuredmedia":[{"embeddable":true,"href":"https:\/\/myspainfood.com\/lt\/wp-json\/wp\/v2\/media\/31408"}],"wp:attachment":[{"href":"https:\/\/myspainfood.com\/lt\/wp-json\/wp\/v2\/media?parent=31399"}],"wp:term":[{"taxonomy":"product_brand","embeddable":true,"href":"https:\/\/myspainfood.com\/lt\/wp-json\/wp\/v2\/product_brand?post=31399"},{"taxonomy":"product_cat","embeddable":true,"href":"https:\/\/myspainfood.com\/lt\/wp-json\/wp\/v2\/product_cat?post=31399"},{"taxonomy":"product_tag","embeddable":true,"href":"https:\/\/myspainfood.com\/lt\/wp-json\/wp\/v2\/product_tag?post=31399"}],"curies":[{"name":"wp","href":"https:\/\/api.w.org\/{rel}","templated":true}]}}