{"id":31622,"date":"2025-04-10T12:09:08","date_gmt":"2025-04-10T10:09:08","guid":{"rendered":"https:\/\/myspainfood.com\/producto\/avies-suris-su-rozmarinu-el-gran-cardenal\/"},"modified":"2025-07-28T13:02:30","modified_gmt":"2025-07-28T11:02:30","slug":"avies-suris-su-rozmarinu-el-gran-cardenal","status":"publish","type":"product","link":"https:\/\/myspainfood.com\/lt\/producto\/avies-suris-su-rozmarinu-el-gran-cardenal\/","title":{"rendered":"Avies s\u016bris su rozmarinu El Gran Cardenal"},"content":{"rendered":"<div class=\"et_pb_blurb_container\">\n<div class=\"et_pb_blurb_container\">\n<h4 class=\"et_pb_module_header\">Avys su rozmarinais<\/h4>\n<div class=\"et_pb_blurb_description\">Rozmarinas yra Vidur\u017eemio j\u016bros regionui b\u016bdingas kvapnus augalas. Jo aromatas prisotina Castellano de Oveja s\u016br\u012f, suteikdamas jam labai subtil\u0173 kvap\u0105 ir skon\u012f, taip pat padeda apsaugoti s\u016br\u012f. <\/p>\n<p>G\u0117li\u0173 kalboje rozmarinas yra geros valios ir atvirumo simbolis.<\/p><\/div>\n<\/div>\n<\/div>\n","protected":false},"excerpt":{"rendered":"<p>Avys su rozmarinais Rozmarinas yra Vidur\u017eemio j\u016bros regionui b\u016bdingas kvapnus augalas. Jo aromatas prisotina Castellano de Oveja s\u016br\u012f, suteikdamas jam labai subtil\u0173 kvap\u0105 ir skon\u012f, taip pat padeda apsaugoti s\u016br\u012f. G\u0117li\u0173 kalboje rozmarinas yra geros valios ir atvirumo simbolis.<\/p>\n","protected":false},"featured_media":31627,"template":"","meta":{"_et_pb_use_builder":"","_et_pb_old_content":"","_et_gb_content_width":""},"product_brand":[1319],"product_cat":[2728,1812,2256],"product_tag":[],"class_list":{"0":"post-31622","1":"product","2":"type-product","3":"status-publish","4":"has-post-thumbnail","6":"product_brand-el-gran-cardenal","7":"product_cat-gydymas","8":"product_cat-saltas","9":"product_cat-suris-ir-desra","10":"product_shipping_class-saltoji-siunta","12":"first","13":"outofstock","14":"taxable","15":"shipping-taxable","16":"purchasable","17":"product-type-variable"},"_links":{"self":[{"href":"https:\/\/myspainfood.com\/lt\/wp-json\/wp\/v2\/product\/31622","targetHints":{"allow":["GET"]}}],"collection":[{"href":"https:\/\/myspainfood.com\/lt\/wp-json\/wp\/v2\/product"}],"about":[{"href":"https:\/\/myspainfood.com\/lt\/wp-json\/wp\/v2\/types\/product"}],"wp:featuredmedia":[{"embeddable":true,"href":"https:\/\/myspainfood.com\/lt\/wp-json\/wp\/v2\/media\/31627"}],"wp:attachment":[{"href":"https:\/\/myspainfood.com\/lt\/wp-json\/wp\/v2\/media?parent=31622"}],"wp:term":[{"taxonomy":"product_brand","embeddable":true,"href":"https:\/\/myspainfood.com\/lt\/wp-json\/wp\/v2\/product_brand?post=31622"},{"taxonomy":"product_cat","embeddable":true,"href":"https:\/\/myspainfood.com\/lt\/wp-json\/wp\/v2\/product_cat?post=31622"},{"taxonomy":"product_tag","embeddable":true,"href":"https:\/\/myspainfood.com\/lt\/wp-json\/wp\/v2\/product_tag?post=31622"}],"curies":[{"name":"wp","href":"https:\/\/api.w.org\/{rel}","templated":true}]}}