{"id":31753,"date":"2025-04-10T12:09:10","date_gmt":"2025-04-10T10:09:10","guid":{"rendered":"https:\/\/myspainfood.com\/producto\/ozkos-ir-karves-suris-su-juoduoju-cesnaku-el-gran-cardenal\/"},"modified":"2025-06-24T16:11:19","modified_gmt":"2025-06-24T14:11:19","slug":"ozkos-ir-karves-suris-su-juoduoju-cesnaku-el-gran-cardenal","status":"publish","type":"product","link":"https:\/\/myspainfood.com\/lt\/producto\/ozkos-ir-karves-suris-su-juoduoju-cesnaku-el-gran-cardenal\/","title":{"rendered":"O\u017ekos ir karv\u0117s s\u016bris su juoduoju \u010desnaku &#8222;El Gran Cardenal"},"content":{"rendered":"<div class=\"et_pb_blurb_container\">\n<div class=\"et_pb_blurb_container\">\n<div class=\"et_pb_blurb_container\">\n<h4 class=\"et_pb_module_header\">O\u017eka su juoduoju \u010desnaku<\/h4>\n<div class=\"et_pb_blurb_description\">Kreminis s\u016bris, pagamintas i\u0161 o\u017ek\u0173 ir karvi\u0173 pieno, su porcijomis juod\u0173j\u0173 \u010desnak\u0173. Tai suteikia jam \u0161iek tiek saldok\u0105 skon\u012f ir antioksidacini\u0173 savybi\u0173. <\/p>\n<p>Jai priskiriamos ir kitos savyb\u0117s, pavyzd\u017eiui, ma\u017eina v\u0117\u017eio rizik\u0105 ir ilgina gyvenim\u0105. Esame tikri, kad o\u017ekos pieno skonis kartu su juoduoju \u010desnaku maloniai nustebins. <\/p><\/div>\n<\/div>\n<\/div>\n<\/div>\n","protected":false},"excerpt":{"rendered":"<p>O\u017eka su juoduoju \u010desnaku Kreminis s\u016bris, pagamintas i\u0161 o\u017ek\u0173 ir karvi\u0173 pieno, su porcijomis juod\u0173j\u0173 \u010desnak\u0173. Tai suteikia jam \u0161iek tiek saldok\u0105 skon\u012f ir antioksidacini\u0173 savybi\u0173. Jai priskiriamos ir kitos savyb\u0117s, pavyzd\u017eiui, ma\u017eina v\u0117\u017eio rizik\u0105 ir ilgina gyvenim\u0105. Esame tikri, kad o\u017ekos pieno skonis kartu su juoduoju \u010desnaku maloniai nustebins.<\/p>\n","protected":false},"featured_media":31759,"template":"","meta":{"_et_pb_use_builder":"","_et_pb_old_content":"","_et_gb_content_width":""},"product_brand":[1319],"product_cat":[2728,1812,2256],"product_tag":[],"class_list":{"0":"post-31753","1":"product","2":"type-product","3":"status-publish","4":"has-post-thumbnail","6":"product_brand-el-gran-cardenal","7":"product_cat-gydymas","8":"product_cat-saltas","9":"product_cat-suris-ir-desra","10":"product_shipping_class-saltoji-siunta","12":"first","13":"outofstock","14":"taxable","15":"shipping-taxable","16":"purchasable","17":"product-type-variable"},"_links":{"self":[{"href":"https:\/\/myspainfood.com\/lt\/wp-json\/wp\/v2\/product\/31753","targetHints":{"allow":["GET"]}}],"collection":[{"href":"https:\/\/myspainfood.com\/lt\/wp-json\/wp\/v2\/product"}],"about":[{"href":"https:\/\/myspainfood.com\/lt\/wp-json\/wp\/v2\/types\/product"}],"wp:featuredmedia":[{"embeddable":true,"href":"https:\/\/myspainfood.com\/lt\/wp-json\/wp\/v2\/media\/31759"}],"wp:attachment":[{"href":"https:\/\/myspainfood.com\/lt\/wp-json\/wp\/v2\/media?parent=31753"}],"wp:term":[{"taxonomy":"product_brand","embeddable":true,"href":"https:\/\/myspainfood.com\/lt\/wp-json\/wp\/v2\/product_brand?post=31753"},{"taxonomy":"product_cat","embeddable":true,"href":"https:\/\/myspainfood.com\/lt\/wp-json\/wp\/v2\/product_cat?post=31753"},{"taxonomy":"product_tag","embeddable":true,"href":"https:\/\/myspainfood.com\/lt\/wp-json\/wp\/v2\/product_tag?post=31753"}],"curies":[{"name":"wp","href":"https:\/\/api.w.org\/{rel}","templated":true}]}}