{"id":32271,"date":"2025-04-10T12:09:28","date_gmt":"2025-04-10T10:09:28","guid":{"rendered":"https:\/\/myspainfood.com\/producto\/el-gran-cardenal-sudytas-iberijos-suris\/"},"modified":"2025-07-28T13:02:41","modified_gmt":"2025-07-28T11:02:41","slug":"el-gran-cardenal-sudytas-iberijos-suris","status":"publish","type":"product","link":"https:\/\/myspainfood.com\/lt\/producto\/el-gran-cardenal-sudytas-iberijos-suris\/","title":{"rendered":"&#8222;El Gran Cardenal&#8221; s\u016bdytas Iberijos s\u016bris"},"content":{"rendered":"<div class=\"et_pb_blurb_container\">\n<div class=\"et_pb_blurb_container\">\n<div class=\"et_pb_column et_pb_column_4_4 et_pb_column_1 et_pb_css_mix_blend_mode_passthrough et-last-child\">\n<div class=\"et_pb_module et_pb_text et_pb_text_1 et_pb_text_align_justified et_pb_bg_layout_light\">\n<div class=\"et_pb_text_inner\">Pagamintas pagal \u0161eimos recept\u0105, naudojant i\u0161skirtin\u012f m\u016bs\u0173 pieno mi\u0161in\u012f, tod\u0117l yra labai intensyvus ir ilgai i\u0161liekantis burnoje. S\u016briai skirtingai brandinti m\u016bs\u0173 medienos d\u017eiovykloje: pusiau brandinti (nuo 2 iki 4 m\u0117nesi\u0173 brandinimo) ir brandinti (nuo 4 iki 6 m\u0117nesi\u0173 brandinimo). <\/div>\n<\/div>\n<\/div>\n<\/div>\n<\/div>\n","protected":false},"excerpt":{"rendered":"<p>Pagamintas pagal \u0161eimos recept\u0105, naudojant i\u0161skirtin\u012f m\u016bs\u0173 pieno mi\u0161in\u012f, tod\u0117l yra labai intensyvus ir ilgai i\u0161liekantis burnoje. S\u016briai skirtingai brandinti m\u016bs\u0173 medienos d\u017eiovykloje: pusiau brandinti (nuo 2 iki 4 m\u0117nesi\u0173 brandinimo) ir brandinti (nuo 4 iki 6 m\u0117nesi\u0173 brandinimo).<\/p>\n","protected":false},"featured_media":32277,"template":"","meta":{"_et_pb_use_builder":"","_et_pb_old_content":"","_et_gb_content_width":""},"product_brand":[1319],"product_cat":[2728,1812,2256],"product_tag":[],"class_list":{"0":"post-32271","1":"product","2":"type-product","3":"status-publish","4":"has-post-thumbnail","6":"product_brand-el-gran-cardenal","7":"product_cat-gydymas","8":"product_cat-saltas","9":"product_cat-suris-ir-desra","10":"product_shipping_class-saltoji-siunta","12":"first","13":"outofstock","14":"taxable","15":"shipping-taxable","16":"product-type-variable"},"_links":{"self":[{"href":"https:\/\/myspainfood.com\/lt\/wp-json\/wp\/v2\/product\/32271","targetHints":{"allow":["GET"]}}],"collection":[{"href":"https:\/\/myspainfood.com\/lt\/wp-json\/wp\/v2\/product"}],"about":[{"href":"https:\/\/myspainfood.com\/lt\/wp-json\/wp\/v2\/types\/product"}],"wp:featuredmedia":[{"embeddable":true,"href":"https:\/\/myspainfood.com\/lt\/wp-json\/wp\/v2\/media\/32277"}],"wp:attachment":[{"href":"https:\/\/myspainfood.com\/lt\/wp-json\/wp\/v2\/media?parent=32271"}],"wp:term":[{"taxonomy":"product_brand","embeddable":true,"href":"https:\/\/myspainfood.com\/lt\/wp-json\/wp\/v2\/product_brand?post=32271"},{"taxonomy":"product_cat","embeddable":true,"href":"https:\/\/myspainfood.com\/lt\/wp-json\/wp\/v2\/product_cat?post=32271"},{"taxonomy":"product_tag","embeddable":true,"href":"https:\/\/myspainfood.com\/lt\/wp-json\/wp\/v2\/product_tag?post=32271"}],"curies":[{"name":"wp","href":"https:\/\/api.w.org\/{rel}","templated":true}]}}