{"id":32612,"date":"2025-04-10T12:09:05","date_gmt":"2025-04-10T10:09:05","guid":{"rendered":"https:\/\/myspainfood.com\/producto\/ypac-tyras-alyvuogiu-aliejus-valdezarza-5-litrai-2\/"},"modified":"2026-01-29T12:11:04","modified_gmt":"2026-01-29T11:11:04","slug":"ypac-tyras-alyvuogiu-aliejus-valdezarza-5-litrai-2","status":"publish","type":"product","link":"https:\/\/myspainfood.com\/lt\/producto\/ypac-tyras-alyvuogiu-aliejus-valdezarza-5-litrai-2\/","title":{"rendered":"Ypa\u010d tyras alyvuogi\u0173 aliejus VALDEZARZA 5 litrai"},"content":{"rendered":"<p>&#8222;Valdezarza Extra Virgin&#8221; alyvuogi\u0173 aliejus 5l yra auk\u0161\u010diausios kategorijos &#8222;Extra Virgin&#8221; alyvuogi\u0173 aliejus, gaunamas tiesiogiai i\u0161 alyvuogi\u0173 ir tik mechaniniu b\u016bdu.<\/p>\n<p>Valdezarza yra pa\u010dioje Toledo kaln\u0173 \u0161irdyje (Ispanija), o jos ekosistem\u0105 sudaro alyvmed\u017ei\u0173 girait\u0117s ir gamta.<\/p>\n<p>Geriausios alyvuogi\u0173 sultys gaminamos i\u0161 alyvuogi\u0173: <a href=\"https:\/\/aceitesvaldezarza.com\/quienes-somos\/\" target=\"_blank\" rel=\"noopener noreferrer nofollow\">VALDEZARZA<\/a> ypa\u010d tyras alyvuogi\u0173 aliejus.<\/p>\n<p>Valdezarza dvaras yra San Mart\u00edn de Montalb\u00e1n savivaldyb\u0117je, geografi\u0161kai integruotoje \u012f Montes de Toledo kalnyn\u0105.<\/p>\n<p>Did\u017eioji \u0161ios \u017eem\u0117s dalis, kurios plotas 700 hektar\u0173, laikoma saugomu Vidur\u017eemio j\u016bros mi\u0161ku ir kontroliuojama ekosistema.<\/p>\n<p>\u0160i vieta yra Iberijos l\u016b\u0161i\u0173 reintrodukcijos projekto dalis, tod\u0117l galite pasigro\u017e\u0117ti \u012fsp\u016bdingais keli\u0173 l\u016b\u0161i\u0173, besiilsin\u010di\u0173 po alyvmed\u017eiais, vaizdais.<\/p>\n<p>J\u0173 pakavimo gamykla leid\u017eia geriau kontroliuoti vis\u0105 grandin\u0119 nuo alyvmed\u017eio iki pakavimo.<\/p>\n<p>Be to, \u0161i bendrov\u0117 vykdo realius mokslini\u0173 tyrim\u0173, pl\u0117tros ir \u012fgyvendinimo projektus, pavyzd\u017eiui, &#8222;Messor&#8221; projekt\u0105.<\/p>\n<p>Jei norite nusipirkti <a href=\"https:\/\/latiendadesami.com\/categoria-producto\/aceite\/\" rel=\"noopener noreferrer nofollow\" target=\"_blank\">aliejaus<\/a>, nedvejodami per\u017ei\u016br\u0117kite m\u016bs\u0173 internetin\u012f katalog\u0105 ir susipa\u017einkite su pla\u010dia produkt\u0173 \u012fvairove, pavyzd\u017eiui, &#8222;Valdezarza Extra Virgin&#8221; alyvuogi\u0173 aliejumi 5 l.<\/p>\n<p>Nor\u0117dami gauti daugiau informacijos apie bet kur\u012f m\u016bs\u0173 maisto produkt\u0105, ra\u0161ykite mums.<\/p>\n","protected":false},"excerpt":{"rendered":"<p>&#8222;Valdezarza Extra Virgin&#8221; alyvuogi\u0173 aliejus 5l yra auk\u0161\u010diausios kategorijos &#8222;Extra Virgin&#8221; alyvuogi\u0173 aliejus, gaunamas tiesiogiai i\u0161 alyvuogi\u0173 ir tik mechaniniu b\u016bdu. Valdezarza yra pa\u010dioje Toledo kaln\u0173 \u0161irdyje (Ispanija), o jos ekosistem\u0105 sudaro alyvmed\u017ei\u0173 girait\u0117s ir gamta. Geriausios alyvuogi\u0173 sultys gaminamos i\u0161 alyvuogi\u0173: VALDEZARZA ypa\u010d tyras alyvuogi\u0173 aliejus. Valdezarza dvaras yra San Mart\u00edn de Montalb\u00e1n savivaldyb\u0117je, [&hellip;]<\/p>\n","protected":false},"featured_media":32614,"template":"","meta":{"_et_pb_use_builder":"","_et_pb_old_content":"","_et_gb_content_width":""},"product_brand":[1221],"product_cat":[2225,2226],"product_tag":[2227],"class_list":{"0":"post-32612","1":"product","2":"type-product","3":"status-publish","4":"has-post-thumbnail","6":"product_brand-valdezarza","7":"product_cat-nafta","8":"product_cat-ypac-tyros-alyvuoges","9":"product_tag-nafta","11":"first","12":"outofstock","13":"featured","14":"taxable","15":"shipping-taxable","16":"purchasable","17":"product-type-simple"},"_links":{"self":[{"href":"https:\/\/myspainfood.com\/lt\/wp-json\/wp\/v2\/product\/32612","targetHints":{"allow":["GET"]}}],"collection":[{"href":"https:\/\/myspainfood.com\/lt\/wp-json\/wp\/v2\/product"}],"about":[{"href":"https:\/\/myspainfood.com\/lt\/wp-json\/wp\/v2\/types\/product"}],"wp:featuredmedia":[{"embeddable":true,"href":"https:\/\/myspainfood.com\/lt\/wp-json\/wp\/v2\/media\/32614"}],"wp:attachment":[{"href":"https:\/\/myspainfood.com\/lt\/wp-json\/wp\/v2\/media?parent=32612"}],"wp:term":[{"taxonomy":"product_brand","embeddable":true,"href":"https:\/\/myspainfood.com\/lt\/wp-json\/wp\/v2\/product_brand?post=32612"},{"taxonomy":"product_cat","embeddable":true,"href":"https:\/\/myspainfood.com\/lt\/wp-json\/wp\/v2\/product_cat?post=32612"},{"taxonomy":"product_tag","embeddable":true,"href":"https:\/\/myspainfood.com\/lt\/wp-json\/wp\/v2\/product_tag?post=32612"}],"curies":[{"name":"wp","href":"https:\/\/api.w.org\/{rel}","templated":true}]}}