{"id":32711,"date":"2025-04-10T12:09:07","date_gmt":"2025-04-10T10:09:07","guid":{"rendered":"https:\/\/myspainfood.com\/producto\/el-gran-cardenal-aviu-suris-su-alyvuogiu-aliejumi\/"},"modified":"2025-07-28T10:35:51","modified_gmt":"2025-07-28T08:35:51","slug":"el-gran-cardenal-aviu-suris-su-alyvuogiu-aliejumi","status":"publish","type":"product","link":"https:\/\/myspainfood.com\/lt\/producto\/el-gran-cardenal-aviu-suris-su-alyvuogiu-aliejumi\/","title":{"rendered":"&#8222;El Gran Cardenal&#8221; avi\u0173 s\u016bris su alyvuogi\u0173 aliejumi"},"content":{"rendered":"<div class=\"et_pb_blurb_container\">\n<div class=\"et_pb_blurb_container\">\n<h4 class=\"et_pb_module_header\">Avys su aliejumi<\/h4>\n<div class=\"et_pb_blurb_description\">M\u016bs\u0173 kastilieti\u0161kas avi\u0173 s\u016bris, peln\u0119s 4 tarptautinius aukso medalius, ir vienas i\u0161 Vidur\u017eemio j\u016bros regiono mitybos lobi\u0173 - alyvuogi\u0173 aliejus.<\/p>\n<p>\u0160iam s\u016briui gaminti naudojame savo aliej\u0173, pagamint\u0105 i\u0161 \u0161imtame\u010di\u0173 alyvmed\u017ei\u0173, auginam\u0173 San Isidro ir jo \u017emonos \u017eem\u0117se&#8230;<\/p><\/div>\n<\/div>\n<\/div>\n","protected":false},"excerpt":{"rendered":"<p>Avys su aliejumi M\u016bs\u0173 kastilieti\u0161kas avi\u0173 s\u016bris, peln\u0119s 4 tarptautinius aukso medalius, ir vienas i\u0161 Vidur\u017eemio j\u016bros regiono mitybos lobi\u0173 - alyvuogi\u0173 aliejus. \u0160iam s\u016briui gaminti naudojame savo aliej\u0173, pagamint\u0105 i\u0161 \u0161imtame\u010di\u0173 alyvmed\u017ei\u0173, auginam\u0173 San Isidro ir jo \u017emonos \u017eem\u0117se&#8230;<\/p>\n","protected":false},"featured_media":32717,"template":"","meta":{"_et_pb_use_builder":"","_et_pb_old_content":"","_et_gb_content_width":""},"product_brand":[1319],"product_cat":[2728,1812,2256],"product_tag":[],"class_list":{"0":"post-32711","1":"product","2":"type-product","3":"status-publish","4":"has-post-thumbnail","6":"product_brand-el-gran-cardenal","7":"product_cat-gydymas","8":"product_cat-saltas","9":"product_cat-suris-ir-desra","10":"product_shipping_class-saltoji-siunta","12":"first","13":"outofstock","14":"taxable","15":"shipping-taxable","16":"purchasable","17":"product-type-variable"},"_links":{"self":[{"href":"https:\/\/myspainfood.com\/lt\/wp-json\/wp\/v2\/product\/32711","targetHints":{"allow":["GET"]}}],"collection":[{"href":"https:\/\/myspainfood.com\/lt\/wp-json\/wp\/v2\/product"}],"about":[{"href":"https:\/\/myspainfood.com\/lt\/wp-json\/wp\/v2\/types\/product"}],"wp:featuredmedia":[{"embeddable":true,"href":"https:\/\/myspainfood.com\/lt\/wp-json\/wp\/v2\/media\/32717"}],"wp:attachment":[{"href":"https:\/\/myspainfood.com\/lt\/wp-json\/wp\/v2\/media?parent=32711"}],"wp:term":[{"taxonomy":"product_brand","embeddable":true,"href":"https:\/\/myspainfood.com\/lt\/wp-json\/wp\/v2\/product_brand?post=32711"},{"taxonomy":"product_cat","embeddable":true,"href":"https:\/\/myspainfood.com\/lt\/wp-json\/wp\/v2\/product_cat?post=32711"},{"taxonomy":"product_tag","embeddable":true,"href":"https:\/\/myspainfood.com\/lt\/wp-json\/wp\/v2\/product_tag?post=32711"}],"curies":[{"name":"wp","href":"https:\/\/api.w.org\/{rel}","templated":true}]}}