{"id":32788,"date":"2025-04-10T12:09:28","date_gmt":"2025-04-10T10:09:28","guid":{"rendered":"https:\/\/myspainfood.com\/producto\/ispaniskas-aviu-zalio-pieno-suris-el-gran-cardenal\/"},"modified":"2025-07-28T13:03:49","modified_gmt":"2025-07-28T11:03:49","slug":"ispaniskas-aviu-zalio-pieno-suris-el-gran-cardenal","status":"publish","type":"product","link":"https:\/\/myspainfood.com\/lt\/producto\/ispaniskas-aviu-zalio-pieno-suris-el-gran-cardenal\/","title":{"rendered":"Ispani\u0161kas avi\u0173 \u017ealio pieno s\u016bris &#8222;El Gran Cardenal"},"content":{"rendered":"<div class=\"et_pb_blurb_container\">\n<div class=\"et_pb_blurb_container\">\n<div class=\"et_pb_blurb_container\">\n<p class=\"et_pb_module_header\">\u017dalias avi\u0173 pienas<\/p>\n<div class=\"et_pb_blurb_description\">Pagamintas i\u0161 rinktinio pieno, kasdien surenkamo siekiant u\u017etikrinti \u0161vie\u017eum\u0105 ir kokyb\u0119, o tai garantuoja geresn\u012f skon\u012f ir puik\u0173 aromat\u0105.<\/div>\n<\/div>\n<\/div>\n<\/div>\n","protected":false},"excerpt":{"rendered":"<p>\u017dalias avi\u0173 pienas Pagamintas i\u0161 rinktinio pieno, kasdien surenkamo siekiant u\u017etikrinti \u0161vie\u017eum\u0105 ir kokyb\u0119, o tai garantuoja geresn\u012f skon\u012f ir puik\u0173 aromat\u0105.<\/p>\n","protected":false},"featured_media":32795,"template":"","meta":{"_et_pb_use_builder":"","_et_pb_old_content":"","_et_gb_content_width":""},"product_brand":[1319],"product_cat":[2728,1812,2256],"product_tag":[],"class_list":{"0":"post-32788","1":"product","2":"type-product","3":"status-publish","4":"has-post-thumbnail","6":"product_brand-el-gran-cardenal","7":"product_cat-gydymas","8":"product_cat-saltas","9":"product_cat-suris-ir-desra","10":"product_shipping_class-saltoji-siunta","12":"first","13":"outofstock","14":"taxable","15":"shipping-taxable","16":"purchasable","17":"product-type-variable"},"_links":{"self":[{"href":"https:\/\/myspainfood.com\/lt\/wp-json\/wp\/v2\/product\/32788","targetHints":{"allow":["GET"]}}],"collection":[{"href":"https:\/\/myspainfood.com\/lt\/wp-json\/wp\/v2\/product"}],"about":[{"href":"https:\/\/myspainfood.com\/lt\/wp-json\/wp\/v2\/types\/product"}],"wp:featuredmedia":[{"embeddable":true,"href":"https:\/\/myspainfood.com\/lt\/wp-json\/wp\/v2\/media\/32795"}],"wp:attachment":[{"href":"https:\/\/myspainfood.com\/lt\/wp-json\/wp\/v2\/media?parent=32788"}],"wp:term":[{"taxonomy":"product_brand","embeddable":true,"href":"https:\/\/myspainfood.com\/lt\/wp-json\/wp\/v2\/product_brand?post=32788"},{"taxonomy":"product_cat","embeddable":true,"href":"https:\/\/myspainfood.com\/lt\/wp-json\/wp\/v2\/product_cat?post=32788"},{"taxonomy":"product_tag","embeddable":true,"href":"https:\/\/myspainfood.com\/lt\/wp-json\/wp\/v2\/product_tag?post=32788"}],"curies":[{"name":"wp","href":"https:\/\/api.w.org\/{rel}","templated":true}]}}