{"id":32897,"date":"2025-04-10T12:09:07","date_gmt":"2025-04-10T10:09:07","guid":{"rendered":"https:\/\/myspainfood.com\/producto\/el-gran-cardenal-aviu-suris-su-triufeliais\/"},"modified":"2025-07-28T10:38:23","modified_gmt":"2025-07-28T08:38:23","slug":"el-gran-cardenal-aviu-suris-su-triufeliais","status":"publish","type":"product","link":"https:\/\/myspainfood.com\/lt\/producto\/el-gran-cardenal-aviu-suris-su-triufeliais\/","title":{"rendered":"&#8222;El Gran Cardenal&#8221; avi\u0173 s\u016bris su triufeliais"},"content":{"rendered":"<div class=\"et_pb_blurb_container\">\n<h4 class=\"et_pb_module_header\">Avys su triufeliais<\/h4>\n<div class=\"et_pb_blurb_description\">\n<p>I\u0161skirtiniausias i\u0161 m\u016bs\u0173 s\u016bri\u0173. 2016-2017 m. tarptautiniame konkurse &#8222;World Cheese Awards 2016-17&#8221; peln\u0117 &#8222;Super Gold Medal&#8221; medal\u012f. <\/p>\n<p>Tik i\u0161 geriausi\u0173 band\u0173 avi\u0173 pieno gaminamas s\u016bris, \u012f kur\u012f nuo pat gamybos prad\u017eios dedame triufeli\u0173, tod\u0117l jie kartu egzistuoja vis\u0105 brandinimo laik\u0105, suteikdami nepakartojam\u0105 aromat\u0105 ir skon\u012f, i\u0161laikydami Kastilijos avi\u0173 pieno s\u016brio esm\u0119.<\/p>\n<\/div>\n<\/div>\n","protected":false},"excerpt":{"rendered":"<p>Avys su triufeliais I\u0161skirtiniausias i\u0161 m\u016bs\u0173 s\u016bri\u0173. 2016-2017 m. tarptautiniame konkurse &#8222;World Cheese Awards 2016-17&#8221; peln\u0117 &#8222;Super Gold Medal&#8221; medal\u012f. Tik i\u0161 geriausi\u0173 band\u0173 avi\u0173 pieno gaminamas s\u016bris, \u012f kur\u012f nuo pat gamybos prad\u017eios dedame triufeli\u0173, tod\u0117l jie kartu egzistuoja vis\u0105 brandinimo laik\u0105, suteikdami nepakartojam\u0105 aromat\u0105 ir skon\u012f, i\u0161laikydami Kastilijos avi\u0173 pieno s\u016brio esm\u0119.<\/p>\n","protected":false},"featured_media":32905,"template":"","meta":{"_et_pb_use_builder":"","_et_pb_old_content":"","_et_gb_content_width":""},"product_brand":[1319],"product_cat":[2728,1812,2256],"product_tag":[],"class_list":{"0":"post-32897","1":"product","2":"type-product","3":"status-publish","4":"has-post-thumbnail","6":"product_brand-el-gran-cardenal","7":"product_cat-gydymas","8":"product_cat-saltas","9":"product_cat-suris-ir-desra","10":"product_shipping_class-saltoji-siunta","12":"first","13":"outofstock","14":"taxable","15":"shipping-taxable","16":"purchasable","17":"product-type-variable"},"_links":{"self":[{"href":"https:\/\/myspainfood.com\/lt\/wp-json\/wp\/v2\/product\/32897","targetHints":{"allow":["GET"]}}],"collection":[{"href":"https:\/\/myspainfood.com\/lt\/wp-json\/wp\/v2\/product"}],"about":[{"href":"https:\/\/myspainfood.com\/lt\/wp-json\/wp\/v2\/types\/product"}],"wp:featuredmedia":[{"embeddable":true,"href":"https:\/\/myspainfood.com\/lt\/wp-json\/wp\/v2\/media\/32905"}],"wp:attachment":[{"href":"https:\/\/myspainfood.com\/lt\/wp-json\/wp\/v2\/media?parent=32897"}],"wp:term":[{"taxonomy":"product_brand","embeddable":true,"href":"https:\/\/myspainfood.com\/lt\/wp-json\/wp\/v2\/product_brand?post=32897"},{"taxonomy":"product_cat","embeddable":true,"href":"https:\/\/myspainfood.com\/lt\/wp-json\/wp\/v2\/product_cat?post=32897"},{"taxonomy":"product_tag","embeddable":true,"href":"https:\/\/myspainfood.com\/lt\/wp-json\/wp\/v2\/product_tag?post=32897"}],"curies":[{"name":"wp","href":"https:\/\/api.w.org\/{rel}","templated":true}]}}