{"id":33040,"date":"2025-04-10T12:09:23","date_gmt":"2025-04-10T10:09:23","guid":{"rendered":"https:\/\/myspainfood.com\/producto\/mini-surio-zvaigzdutes-130-vienetu\/"},"modified":"2025-06-24T13:42:08","modified_gmt":"2025-06-24T11:42:08","slug":"mini-surio-zvaigzdutes-130-vienetu","status":"publish","type":"product","link":"https:\/\/myspainfood.com\/lt\/producto\/mini-surio-zvaigzdutes-130-vienetu\/","title":{"rendered":"Mini s\u016brio \u017evaig\u017edut\u0117s 130 vienet\u0173"},"content":{"rendered":"<p>Aliejus (85 % saul\u0117gr\u0105\u017e\u0173, 15 % alyvuogi\u0173), alyvuog\u0117s, \u012fdarytos an\u010diuviais, an\u010diuvi\u0173 fil\u0117, pusiau s\u016bdytas s\u016bris ir raudonieji pipirai.<\/p>\n","protected":false},"excerpt":{"rendered":"<p>Aliejus (85 % saul\u0117gr\u0105\u017e\u0173, 15 % alyvuogi\u0173), alyvuog\u0117s, \u012fdarytos an\u010diuviais, an\u010diuvi\u0173 fil\u0117, pusiau s\u016bdytas s\u016bris ir raudonieji pipirai.<\/p>\n","protected":false},"featured_media":33043,"template":"","meta":{"_et_pb_use_builder":"","_et_pb_old_content":"","_et_gb_content_width":""},"product_brand":[1277],"product_cat":[1718,1814,1715,1816,1812,2256],"product_tag":[],"class_list":{"0":"post-33040","1":"product","2":"type-product","3":"status-publish","4":"has-post-thumbnail","6":"product_brand-bokeo","7":"product_cat-alyvuoges","8":"product_cat-anciuviai","9":"product_cat-pickles-lt","10":"product_cat-pintxos-lt","11":"product_cat-saltas","12":"product_cat-suris-ir-desra","13":"product_shipping_class-saltoji-siunta","15":"first","16":"outofstock","17":"taxable","18":"shipping-taxable","19":"purchasable","20":"product-type-simple"},"_links":{"self":[{"href":"https:\/\/myspainfood.com\/lt\/wp-json\/wp\/v2\/product\/33040","targetHints":{"allow":["GET"]}}],"collection":[{"href":"https:\/\/myspainfood.com\/lt\/wp-json\/wp\/v2\/product"}],"about":[{"href":"https:\/\/myspainfood.com\/lt\/wp-json\/wp\/v2\/types\/product"}],"wp:featuredmedia":[{"embeddable":true,"href":"https:\/\/myspainfood.com\/lt\/wp-json\/wp\/v2\/media\/33043"}],"wp:attachment":[{"href":"https:\/\/myspainfood.com\/lt\/wp-json\/wp\/v2\/media?parent=33040"}],"wp:term":[{"taxonomy":"product_brand","embeddable":true,"href":"https:\/\/myspainfood.com\/lt\/wp-json\/wp\/v2\/product_brand?post=33040"},{"taxonomy":"product_cat","embeddable":true,"href":"https:\/\/myspainfood.com\/lt\/wp-json\/wp\/v2\/product_cat?post=33040"},{"taxonomy":"product_tag","embeddable":true,"href":"https:\/\/myspainfood.com\/lt\/wp-json\/wp\/v2\/product_tag?post=33040"}],"curies":[{"name":"wp","href":"https:\/\/api.w.org\/{rel}","templated":true}]}}