{"id":33114,"date":"2025-04-10T12:09:28","date_gmt":"2025-04-10T10:09:28","guid":{"rendered":"https:\/\/myspainfood.com\/producto\/el-gran-cardenal-sudytas-misrus-suris\/"},"modified":"2025-06-24T13:48:13","modified_gmt":"2025-06-24T11:48:13","slug":"el-gran-cardenal-sudytas-misrus-suris","status":"publish","type":"product","link":"https:\/\/myspainfood.com\/lt\/producto\/el-gran-cardenal-sudytas-misrus-suris\/","title":{"rendered":"&#8222;El Gran Cardenal&#8221; s\u016bdytas mi\u0161rus s\u016bris"},"content":{"rendered":"<div class=\"et_pb_blurb_container\">\n<div class=\"et_pb_blurb_container\">\n<div class=\"et_pb_column et_pb_column_4_4 et_pb_column_1 et_pb_css_mix_blend_mode_passthrough et-last-child\">\n<div class=\"et_pb_module et_pb_text et_pb_text_1 et_pb_text_align_justified et_pb_bg_layout_light\">\n<div class=\"et_pb_text_inner\">\n<p>Pagamintas pagal \u0161eimos recept\u0105 i\u0161 avi\u0173 ir karvi\u0173 pieno mi\u0161inio, kuris d\u0117l savo \u0161velnumo ir kreminio skonio suteikia puiki\u0105 pusiausvyr\u0105 burnoje. S\u016briai skirtingai brandinami medienos d\u017eiovykloje: Tierno, Semicurado (nuo 2 iki 4 m\u0117nesi\u0173 brandinimo), Curado (nuo 4 iki 6 m\u0117nesi\u0173 brandinimo) ir Viejo (nuo 6 iki 8 m\u0117nesi\u0173 brandinimo). <\/p>\n<\/div>\n<\/div>\n<\/div>\n<\/div>\n<\/div>\n","protected":false},"excerpt":{"rendered":"<p>Pagamintas pagal \u0161eimos recept\u0105 i\u0161 avi\u0173 ir karvi\u0173 pieno mi\u0161inio, kuris d\u0117l savo \u0161velnumo ir kreminio skonio suteikia puiki\u0105 pusiausvyr\u0105 burnoje. S\u016briai skirtingai brandinami medienos d\u017eiovykloje: Tierno, Semicurado (nuo 2 iki 4 m\u0117nesi\u0173 brandinimo), Curado (nuo 4 iki 6 m\u0117nesi\u0173 brandinimo) ir Viejo (nuo 6 iki 8 m\u0117nesi\u0173 brandinimo).<\/p>\n","protected":false},"featured_media":33122,"template":"","meta":{"_et_pb_use_builder":"","_et_pb_old_content":"","_et_gb_content_width":""},"product_brand":[1319],"product_cat":[2728,1812,2256],"product_tag":[],"class_list":{"0":"post-33114","1":"product","2":"type-product","3":"status-publish","4":"has-post-thumbnail","6":"product_brand-el-gran-cardenal","7":"product_cat-gydymas","8":"product_cat-saltas","9":"product_cat-suris-ir-desra","10":"product_shipping_class-saltoji-siunta","12":"first","13":"outofstock","14":"taxable","15":"shipping-taxable","16":"product-type-variable"},"_links":{"self":[{"href":"https:\/\/myspainfood.com\/lt\/wp-json\/wp\/v2\/product\/33114","targetHints":{"allow":["GET"]}}],"collection":[{"href":"https:\/\/myspainfood.com\/lt\/wp-json\/wp\/v2\/product"}],"about":[{"href":"https:\/\/myspainfood.com\/lt\/wp-json\/wp\/v2\/types\/product"}],"wp:featuredmedia":[{"embeddable":true,"href":"https:\/\/myspainfood.com\/lt\/wp-json\/wp\/v2\/media\/33122"}],"wp:attachment":[{"href":"https:\/\/myspainfood.com\/lt\/wp-json\/wp\/v2\/media?parent=33114"}],"wp:term":[{"taxonomy":"product_brand","embeddable":true,"href":"https:\/\/myspainfood.com\/lt\/wp-json\/wp\/v2\/product_brand?post=33114"},{"taxonomy":"product_cat","embeddable":true,"href":"https:\/\/myspainfood.com\/lt\/wp-json\/wp\/v2\/product_cat?post=33114"},{"taxonomy":"product_tag","embeddable":true,"href":"https:\/\/myspainfood.com\/lt\/wp-json\/wp\/v2\/product_tag?post=33114"}],"curies":[{"name":"wp","href":"https:\/\/api.w.org\/{rel}","templated":true}]}}