{"id":33395,"date":"2025-04-10T12:08:59","date_gmt":"2025-04-10T10:08:59","guid":{"rendered":"https:\/\/myspainfood.com\/producto\/m-jesus-de-la-hoz-monsalve-2024-verdejo\/"},"modified":"2025-04-10T12:08:59","modified_gmt":"2025-04-10T10:08:59","slug":"m-jesus-de-la-hoz-monsalve-2024-verdejo","status":"publish","type":"product","link":"https:\/\/myspainfood.com\/lt\/producto\/m-jesus-de-la-hoz-monsalve-2024-verdejo\/","title":{"rendered":"M Jesus de La Hoz Monsalve 2024 Verdejo"},"content":{"rendered":"<div class=\"cs-blog-content\">\n<p>\u0160is vynas pavadintas \u0161eimos tradicij\u0173, susijusi\u0173 su vyndaryste, garbei. Vyno gamybos \u012franga apr\u016bpinta naujausiomis technologijomis, u\u017etikrinan\u010diomis, kad misa neprarast\u0173 veisl\u0117s savybi\u0173. Fermentuojant ner\u016bdijan\u010dio plieno talpyklose, u\u017etikrinama absoliuti temperat\u016bros kontrol\u0117, laikantis grie\u017etos kiekvieno proceso kokyb\u0117s kontrol\u0117s. <\/p>\n<p><strong>Spalva<\/strong>: ry\u0161kios \u0161iaud\u0173 spalvos.<\/p>\n<p><strong>Aromatas: i\u0161<\/strong> rai\u0161kingas, veisl\u0117s, \u0161vie\u017ei\u0173 vaisi\u0173.<\/p>\n<p><strong>Skonis:<\/strong> skanus, vaisinis, gaivus, m\u0117singas.<\/p>\n<\/div>\n<h1><span class=\"vintage\"> <\/span><\/h1>\n","protected":false},"excerpt":{"rendered":"<p>\u0160is vynas pavadintas \u0161eimos tradicij\u0173, susijusi\u0173 su vyndaryste, garbei. Vyno gamybos \u012franga apr\u016bpinta naujausiomis technologijomis, u\u017etikrinan\u010diomis, kad misa neprarast\u0173 veisl\u0117s savybi\u0173. Fermentuojant ner\u016bdijan\u010dio plieno talpyklose, u\u017etikrinama absoliuti temperat\u016bros kontrol\u0117, laikantis grie\u017etos kiekvieno proceso kokyb\u0117s kontrol\u0117s. Spalva: ry\u0161kios \u0161iaud\u0173 spalvos. Aromatas: i\u0161 rai\u0161kingas, veisl\u0117s, \u0161vie\u017ei\u0173 vaisi\u0173. Skonis: skanus, vaisinis, gaivus, m\u0117singas.<\/p>\n","protected":false},"featured_media":33404,"template":"","meta":{"_et_pb_use_builder":"","_et_pb_old_content":"","_et_gb_content_width":""},"product_brand":[1140],"product_cat":[4851,5252],"product_tag":[7239,7241],"class_list":{"0":"post-33395","1":"product","2":"type-product","3":"status-publish","4":"has-post-thumbnail","6":"product_brand-ladera-de-los-obispos","7":"product_cat-gerimai","8":"product_cat-vynas-lt","9":"product_tag-gotika-lt","10":"product_tag-ratas-lt","12":"first","13":"instock","14":"featured","15":"taxable","16":"shipping-taxable","17":"purchasable","18":"product-type-variable"},"_links":{"self":[{"href":"https:\/\/myspainfood.com\/lt\/wp-json\/wp\/v2\/product\/33395","targetHints":{"allow":["GET"]}}],"collection":[{"href":"https:\/\/myspainfood.com\/lt\/wp-json\/wp\/v2\/product"}],"about":[{"href":"https:\/\/myspainfood.com\/lt\/wp-json\/wp\/v2\/types\/product"}],"wp:featuredmedia":[{"embeddable":true,"href":"https:\/\/myspainfood.com\/lt\/wp-json\/wp\/v2\/media\/33404"}],"wp:attachment":[{"href":"https:\/\/myspainfood.com\/lt\/wp-json\/wp\/v2\/media?parent=33395"}],"wp:term":[{"taxonomy":"product_brand","embeddable":true,"href":"https:\/\/myspainfood.com\/lt\/wp-json\/wp\/v2\/product_brand?post=33395"},{"taxonomy":"product_cat","embeddable":true,"href":"https:\/\/myspainfood.com\/lt\/wp-json\/wp\/v2\/product_cat?post=33395"},{"taxonomy":"product_tag","embeddable":true,"href":"https:\/\/myspainfood.com\/lt\/wp-json\/wp\/v2\/product_tag?post=33395"}],"curies":[{"name":"wp","href":"https:\/\/api.w.org\/{rel}","templated":true}]}}