{"id":33469,"date":"2025-04-10T12:10:14","date_gmt":"2025-04-10T10:10:14","guid":{"rendered":"https:\/\/myspainfood.com\/producto\/naturalus-moliuskai-45-65-areoso\/"},"modified":"2025-04-10T12:10:14","modified_gmt":"2025-04-10T10:10:14","slug":"naturalus-moliuskai-45-65-areoso","status":"publish","type":"product","link":"https:\/\/myspainfood.com\/lt\/producto\/naturalus-moliuskai-45-65-areoso\/","title":{"rendered":"Nat\u016bral\u016bs moliuskai 45\/65 Areoso"},"content":{"rendered":"<p>Produktas: Gegut\u0117s 45\/65 vnt.<\/p>\n<p>Sudedamosios dalys: Sud\u0117tis: langustai, vanduo ir druska<\/p>\n<p>PARUO\u0160IMO PROCESAS: Gegut\u0117s ruo\u0161iamos pana\u0161iai kaip moliuskai, nors jos n\u0117ra toks subtilus produktas kaip moliuskai. Gaminimo procesas yra toks: jie verdami vandenyje, atitinkan\u010diame higienos ir sanitarijos reikalavimus. Visas luk\u0161tenimo ir r\u016b\u0161iavimo procesas yra automatizuotas. Po to jie dar kart\u0105 nuplaunami kar\u0161tame vandenyje ir supakuojami. Po to u\u017epilamas dengiamasis skystis, kuris \u0161iuo atveju yra nat\u016bralus vanduo. Jis u\u017edaromas ir sterilizuojamas pagal \u0161iam produktui b\u016bdingus ir tinkamus parametrus. Tuomet jis paruo\u0161tas sand\u0117liavimui ir pardavimui.      <\/p>\n","protected":false},"excerpt":{"rendered":"<p>Produktas: Gegut\u0117s 45\/65 vnt. Sudedamosios dalys: Sud\u0117tis: langustai, vanduo ir druska PARUO\u0160IMO PROCESAS: Gegut\u0117s ruo\u0161iamos pana\u0161iai kaip moliuskai, nors jos n\u0117ra toks subtilus produktas kaip moliuskai. Gaminimo procesas yra toks: jie verdami vandenyje, atitinkan\u010diame higienos ir sanitarijos reikalavimus. Visas luk\u0161tenimo ir r\u016b\u0161iavimo procesas yra automatizuotas. Po to jie dar kart\u0105 nuplaunami kar\u0161tame vandenyje ir supakuojami. [&hellip;]<\/p>\n","protected":false},"featured_media":33471,"template":"","meta":{"_et_pb_use_builder":"","_et_pb_old_content":"","_et_gb_content_width":""},"product_brand":[1358,1075],"product_cat":[5665,1966],"product_tag":[],"class_list":{"0":"post-33469","1":"product","2":"type-product","3":"status-publish","4":"has-post-thumbnail","6":"product_brand-areoso","7":"product_brand-oti","8":"product_cat-gaidziai","9":"product_cat-konservai","11":"first","12":"outofstock","13":"sale","14":"taxable","15":"shipping-taxable","16":"purchasable","17":"product-type-simple"},"_links":{"self":[{"href":"https:\/\/myspainfood.com\/lt\/wp-json\/wp\/v2\/product\/33469","targetHints":{"allow":["GET"]}}],"collection":[{"href":"https:\/\/myspainfood.com\/lt\/wp-json\/wp\/v2\/product"}],"about":[{"href":"https:\/\/myspainfood.com\/lt\/wp-json\/wp\/v2\/types\/product"}],"wp:featuredmedia":[{"embeddable":true,"href":"https:\/\/myspainfood.com\/lt\/wp-json\/wp\/v2\/media\/33471"}],"wp:attachment":[{"href":"https:\/\/myspainfood.com\/lt\/wp-json\/wp\/v2\/media?parent=33469"}],"wp:term":[{"taxonomy":"product_brand","embeddable":true,"href":"https:\/\/myspainfood.com\/lt\/wp-json\/wp\/v2\/product_brand?post=33469"},{"taxonomy":"product_cat","embeddable":true,"href":"https:\/\/myspainfood.com\/lt\/wp-json\/wp\/v2\/product_cat?post=33469"},{"taxonomy":"product_tag","embeddable":true,"href":"https:\/\/myspainfood.com\/lt\/wp-json\/wp\/v2\/product_tag?post=33469"}],"curies":[{"name":"wp","href":"https:\/\/api.w.org\/{rel}","templated":true}]}}