{"id":33575,"date":"2025-04-10T12:09:53","date_gmt":"2025-04-10T10:09:53","guid":{"rendered":"https:\/\/myspainfood.com\/producto\/geliu-medus-1-kg-la-celda-real-60-vienetu\/"},"modified":"2025-04-10T12:09:53","modified_gmt":"2025-04-10T10:09:53","slug":"geliu-medus-1-kg-la-celda-real-60-vienetu","status":"publish","type":"product","link":"https:\/\/myspainfood.com\/lt\/producto\/geliu-medus-1-kg-la-celda-real-60-vienetu\/","title":{"rendered":"G\u0117li\u0173 medus 1 kg La Celda Real 60 vienet\u0173"},"content":{"rendered":"<p style=\"text-align: left\">&#8222;Miel de Flores&#8221; 1 kg - tai produktas, gaminamas naudojant didel\u0119 \u012frang\u0105, kurioje \u012frengtos automatizuotos <a href=\"https:\/\/es.wikipedia.org\/wiki\/Miel\" target=\"_blank\" rel=\"noopener noreferrer nofollow\">gamybos<\/a> linijos ir integruota kokyb\u0117s sistema.<\/p>\n<p style=\"text-align: left\">Patyrusi\u0173 bitinink\u0173 nuimtas derlius supakuojamas taip, kad b\u016bt\u0173 maksimaliai i\u0161saugotos jo nat\u016bralios savyb\u0117s.<\/p>\n<p style=\"text-align: left\">\u0160is produktas vystosi d\u0117l vis\u0173 j\u012f gaminan\u010di\u0173 \u017emoni\u0173 patirties, \u017eini\u0173 ir entuziazmo, subalansuotai laikantis geriausi\u0173 tradicij\u0173, i\u0161saugant ger\u0105 praeities darb\u0105 ir taikant gamybos procesus, kurie u\u017etikrina <strong>galutinio produkto kokyb\u0119.<\/strong><\/p>\n<p style=\"text-align: left\">Medus yra visavertis maistas, kur\u012f bit\u0117s gamina i\u0161 \u017eied\u0173 nektaro.<\/p>\n<p style=\"text-align: left\">Tai aukso spalvos, klampus, saldus ir skanus skystis, kur\u012f bit\u0117s laiko vasaros sezono metu.<\/p>\n<h5 style=\"text-align: left\">Jis turi daug privalum\u0173, pvz:<\/h5>\n<ul style=\"text-align: left\">\n<li>Tai cukraus pakaitalas. Nat\u016bralus ir skanus. <\/li>\n<li>Tai sustiprina j\u016bs\u0173 gynybines galias. Ji jus apsaugo organi\u0161kai. <\/li>\n<li>Apsaugo nuo infekcij\u0173. R\u016bpinasi j\u016bs\u0173 sveikata. <\/li>\n<li>Tai suteikia papildomos energijos kasdien.<\/li>\n<li>  Padeda skatinti vir\u0161kinim\u0105<\/li>\n<\/ul>\n<p style=\"text-align: left\">Jei norite \u012fsigyti &#8222;Miel de Flores&#8221; 1 kg ar bet kurios kitos r\u016b\u0161ies <a href=\"https:\/\/latiendadesami.com\/categoria-producto\/conservas\/\" rel=\"noopener noreferrer nofollow\" target=\"_blank\">konserv\u0173<\/a>, nedvejodami per\u017ei\u016br\u0117kite m\u016bs\u0173 internetin\u012f katalog\u0105 ir susipa\u017einkite su pla\u010diu asortimentu.<\/p>\n<p style=\"text-align: left\">Nor\u0117dami gauti daugiau informacijos, ra\u0161ykite mums.<\/p>\n","protected":false},"excerpt":{"rendered":"<p>G\u0117li\u0173 medus 1 kg<\/p>\n","protected":false},"featured_media":33576,"template":"","meta":{"_et_pb_use_builder":"","_et_pb_old_content":"","_et_gb_content_width":""},"product_brand":[1210],"product_cat":[2855,2856],"product_tag":[],"class_list":{"0":"post-33575","1":"product","2":"type-product","3":"status-publish","4":"has-post-thumbnail","6":"product_brand-la-celda-real","7":"product_cat-didmenine-prekyba","8":"product_cat-konservai-lt","10":"first","11":"outofstock","12":"taxable","13":"shipping-taxable","14":"purchasable","15":"product-type-simple"},"_links":{"self":[{"href":"https:\/\/myspainfood.com\/lt\/wp-json\/wp\/v2\/product\/33575","targetHints":{"allow":["GET"]}}],"collection":[{"href":"https:\/\/myspainfood.com\/lt\/wp-json\/wp\/v2\/product"}],"about":[{"href":"https:\/\/myspainfood.com\/lt\/wp-json\/wp\/v2\/types\/product"}],"wp:featuredmedia":[{"embeddable":true,"href":"https:\/\/myspainfood.com\/lt\/wp-json\/wp\/v2\/media\/33576"}],"wp:attachment":[{"href":"https:\/\/myspainfood.com\/lt\/wp-json\/wp\/v2\/media?parent=33575"}],"wp:term":[{"taxonomy":"product_brand","embeddable":true,"href":"https:\/\/myspainfood.com\/lt\/wp-json\/wp\/v2\/product_brand?post=33575"},{"taxonomy":"product_cat","embeddable":true,"href":"https:\/\/myspainfood.com\/lt\/wp-json\/wp\/v2\/product_cat?post=33575"},{"taxonomy":"product_tag","embeddable":true,"href":"https:\/\/myspainfood.com\/lt\/wp-json\/wp\/v2\/product_tag?post=33575"}],"curies":[{"name":"wp","href":"https:\/\/api.w.org\/{rel}","templated":true}]}}