{"id":33648,"date":"2025-04-10T12:09:55","date_gmt":"2025-04-10T10:09:55","guid":{"rendered":"https:\/\/myspainfood.com\/producto\/vermutas-los-cantabros-075l-su-igarmi-solera-60-vnt\/"},"modified":"2025-04-10T12:09:55","modified_gmt":"2025-04-10T10:09:55","slug":"vermutas-los-cantabros-075l-su-igarmi-solera-60-vnt","status":"publish","type":"product","link":"https:\/\/myspainfood.com\/lt\/producto\/vermutas-los-cantabros-075l-su-igarmi-solera-60-vnt\/","title":{"rendered":"Vermutas Los C\u00e1ntabros 0,75l su Igarmi solera 60 vnt."},"content":{"rendered":"<p>&#8222;Verm\u00fa los C\u00e1ntabros&#8221; - tai duokl\u0117 visiems tiems vyrams ir moterims, kurie \u017einojo, kaip i\u0161saugoti ir skleisti m\u016bs\u0173 kult\u016br\u0105.<\/p>\n<p>Taip pat m\u016bs\u0173 \u0161aknys ir tradicijos, lydimos mugi\u0173, festivali\u0173, \u017eaidim\u0173 ir gastronomijos, nuo j\u016bros iki m\u016bs\u0173 mylimos Kantabrijos kaln\u0173.<\/p>\n<p>\u0160\u012f produkt\u0105 \u012f butelius i\u0161pilst\u0117 &#8221; <a href=\"https:\/\/bodegasigarmi.es\/mayoristas-de-bebidas-en-cantabria\/\" target=\"_blank\" rel=\"noopener noreferrer nofollow\">Bodegas Igarmi&#8221; <\/a>.  <\/p>\n<p>&#8222;Bodegas Igarmi&#8221; - tai nuo 1890 m. gyvuojan\u010dios tradicijos, pasi\u017eymin\u010dios kokybe ir klient\u0173 aptarnavimu, dabartis.<\/p>\n<p>\u0160eimos \u012fmon\u0117, kurios aistra ir atsidavimas vynui leido i\u0161pilstyti \u012f butelius ir parduoti vynus, pasi\u017eymin\u010dius neprilygstamu kokyb\u0117s ir kainos santykiu, kurie yra labai vertinami rinkoje ir vartotoj\u0173.<\/p>\n<p>&#8222;Bodegas Igarmi&#8221; Heraso mieste turi 3000 m\u00b2 patalpas, kuriose saugoma ma\u017edaug milijonas litr\u0173 vyno.<\/p>\n<p>Tai taip pat did\u017eiausia Kantabrijos vyno darykla.<\/p>\n<p>Tai puiki komanda, kuri\u0105 sudaro daugiau nei 30 \u017emoni\u0173, siekian\u010di\u0173 klientams pateikti geriausi\u0105 gamin\u012f ir geriausi\u0105 aptarnavim\u0105, kuriuo mes i\u0161siskiriame.<\/p>\n<p>&nbsp;<\/p>\n","protected":false},"excerpt":{"rendered":"<p>&#8222;Verm\u00fa los C\u00e1ntabros&#8221; - tai duokl\u0117 visiems tiems vyrams ir moterims, kurie \u017einojo, kaip i\u0161saugoti ir skleisti m\u016bs\u0173 kult\u016br\u0105. Taip pat m\u016bs\u0173 \u0161aknys ir tradicijos, lydimos mugi\u0173, festivali\u0173, \u017eaidim\u0173 ir gastronomijos, nuo j\u016bros iki m\u016bs\u0173 mylimos Kantabrijos kaln\u0173. \u0160\u012f produkt\u0105 \u012f butelius i\u0161pilst\u0117 &#8221; Bodegas Igarmi&#8221; . &#8222;Bodegas Igarmi&#8221; - tai nuo 1890 m. gyvuojan\u010dios [&hellip;]<\/p>\n","protected":false},"featured_media":27237,"template":"","meta":{"_et_pb_use_builder":"","_et_pb_old_content":"","_et_gb_content_width":""},"product_brand":[1244,1245],"product_cat":[2855,7371],"product_tag":[5776],"class_list":{"0":"post-33648","1":"product","2":"type-product","3":"status-publish","4":"has-post-thumbnail","6":"product_brand-igarmi","7":"product_brand-los-cantabros","8":"product_cat-didmenine-prekyba","9":"product_cat-gerimai-lt","10":"product_tag-igarmi-lt","12":"first","13":"instock","14":"taxable","15":"shipping-taxable","16":"purchasable","17":"product-type-simple"},"_links":{"self":[{"href":"https:\/\/myspainfood.com\/lt\/wp-json\/wp\/v2\/product\/33648","targetHints":{"allow":["GET"]}}],"collection":[{"href":"https:\/\/myspainfood.com\/lt\/wp-json\/wp\/v2\/product"}],"about":[{"href":"https:\/\/myspainfood.com\/lt\/wp-json\/wp\/v2\/types\/product"}],"wp:featuredmedia":[{"embeddable":true,"href":"https:\/\/myspainfood.com\/lt\/wp-json\/wp\/v2\/media\/27237"}],"wp:attachment":[{"href":"https:\/\/myspainfood.com\/lt\/wp-json\/wp\/v2\/media?parent=33648"}],"wp:term":[{"taxonomy":"product_brand","embeddable":true,"href":"https:\/\/myspainfood.com\/lt\/wp-json\/wp\/v2\/product_brand?post=33648"},{"taxonomy":"product_cat","embeddable":true,"href":"https:\/\/myspainfood.com\/lt\/wp-json\/wp\/v2\/product_cat?post=33648"},{"taxonomy":"product_tag","embeddable":true,"href":"https:\/\/myspainfood.com\/lt\/wp-json\/wp\/v2\/product_tag?post=33648"}],"curies":[{"name":"wp","href":"https:\/\/api.w.org\/{rel}","templated":true}]}}