{"id":33757,"date":"2025-04-10T12:10:18","date_gmt":"2025-04-10T10:10:18","guid":{"rendered":"https:\/\/myspainfood.com\/producto\/40-vnt-cusumano-pakrantes-sviezias-bonito-18-kg\/"},"modified":"2025-04-10T12:10:18","modified_gmt":"2025-04-10T10:10:18","slug":"40-vnt-cusumano-pakrantes-sviezias-bonito-18-kg","status":"publish","type":"product","link":"https:\/\/myspainfood.com\/lt\/producto\/40-vnt-cusumano-pakrantes-sviezias-bonito-18-kg\/","title":{"rendered":"40 vnt. &#8222;Cusumano&#8221; pakrant\u0117s \u0161vie\u017eias bonito 1&#8217;8 kg"},"content":{"rendered":"<div id=\"product-description-short-5\" class=\"rte-content\">\n<p style=\"text-align: left;\">Pakrant\u0117s \u0161vie\u017eias tunas &#8222;Cusumano&#8221; - tai Kantabrijos j\u016broje po vien\u0105 sugautas baltasis tunas, kuris <a href=\"https:\/\/es.wikipedia.org\/wiki\/Thunnus\" target=\"_blank\" rel=\"noopener noreferrer nofollow\">apdorojamas<\/a> \u0160VIE\u017dAS.<\/p>\n<p>\u0160is maistas pasi\u017eymi autenti\u0161ku skoniu ir i\u0161skirtine tekst\u016bra.<\/p>\n<p>Pagaliau ant stalo galite tur\u0117ti tradicin\u012f konserv\u0105.<\/p>\n<p>Fresco de Costera.<\/p>\n<p>Kadangi tai sezonin\u0117 \u017evejyba, trunkanti nuo bir\u017eelio iki spalio, &#8222;Cusumano&#8221; garantuoja, kad \u0161is baltasis tunas nuo jo sugavimo iki pagaminimo nebuvo u\u017e\u0161aldytas.<\/p>\n<p>\u0160is tunas i\u0161laiko visas organoleptines savybes - spalv\u0105, skon\u012f ir tekst\u016br\u0105.<\/p>\n<p>&#8222;Conservas Cusumano&#8221; turi naujas ir modernias beveik 6 000 m\u00b2 ploto patalpas, esan\u010dias Mundaka mieste.<\/p>\n<p>&#8222;Conservas Cusumano&#8221; yra \u012fmon\u0117, kuri jau daugiau kaip 60 met\u0173 puosel\u0117ja meil\u0119 tradicijoms ir \u017einias vienoje seniausi\u0173 ir tradici\u0161kiausi\u0173 pasaulio profesij\u0173 - pakrant\u0117s \u0161vie\u017ei\u0173 balt\u0173j\u0173 tun\u0173 \u017evejyboje ir konservavime.<\/p>\n<p>Nepakartojamame Urdaib\u0173 biosferos rezervate, kuris leid\u017eia tur\u0117ti \u0161vie\u017eiausi\u0105 \u017euv\u012f, nes yra taip arti j\u016bros, kuri persmelkia m\u016bs\u0173 esyb\u0119.<\/p>\n<p>Jei norite \u012fsigyti &#8222;Cusumano Coastal&#8221; \u0161vie\u017ei\u0173 tun\u0173 ar bet kurios kitos r\u016b\u0161ies <a href=\"https:\/\/latiendadesami.com\/categoria-producto\/conservas\/\" rel=\"noopener noreferrer nofollow\" target=\"_blank\">konservuot\u0173 tun\u0173<\/a>, nedvejodami per\u017ei\u016br\u0117kite vis\u0105 m\u016bs\u0173 internetin\u012f katalog\u0105 ir susipa\u017einkite su pla\u010dia <a href=\"https:\/\/latiendadesami.com\/categoria-producto\/conservas\/atun-y-bonito\/\" target=\"_blank\" rel=\"noopener noreferrer nofollow\">tun\u0173<\/a> \u012fvairove.<\/p>\n<p>Nor\u0117dami gauti daugiau informacijos, ra\u0161ykite mums.<\/p>\n<p>&nbsp;<\/p>\n<\/div>\n","protected":false},"excerpt":{"rendered":"<p>Pakrant\u0117s \u0161vie\u017eias tunas &#8222;Cusumano&#8221; - tai Kantabrijos j\u016broje po vien\u0105 sugautas baltasis tunas, kuris apdorojamas \u0160VIE\u017dAS. \u0160is maistas pasi\u017eymi autenti\u0161ku skoniu ir i\u0161skirtine tekst\u016bra. Pagaliau ant stalo galite tur\u0117ti tradicin\u012f konserv\u0105. Fresco de Costera. Kadangi tai sezonin\u0117 \u017evejyba, trunkanti nuo bir\u017eelio iki spalio, &#8222;Cusumano&#8221; garantuoja, kad \u0161is baltasis tunas nuo jo sugavimo iki pagaminimo nebuvo [&hellip;]<\/p>\n","protected":false},"featured_media":33761,"template":"","meta":{"_et_pb_use_builder":"","_et_pb_old_content":"","_et_gb_content_width":""},"product_brand":[1272],"product_cat":[1966,4252],"product_tag":[],"class_list":{"0":"post-33757","1":"product","2":"type-product","3":"status-publish","4":"has-post-thumbnail","6":"product_brand-cusumano","7":"product_cat-konservai","8":"product_cat-tunas-ir-bonito","10":"first","11":"instock","12":"taxable","13":"shipping-taxable","14":"purchasable","15":"product-type-simple"},"_links":{"self":[{"href":"https:\/\/myspainfood.com\/lt\/wp-json\/wp\/v2\/product\/33757","targetHints":{"allow":["GET"]}}],"collection":[{"href":"https:\/\/myspainfood.com\/lt\/wp-json\/wp\/v2\/product"}],"about":[{"href":"https:\/\/myspainfood.com\/lt\/wp-json\/wp\/v2\/types\/product"}],"wp:featuredmedia":[{"embeddable":true,"href":"https:\/\/myspainfood.com\/lt\/wp-json\/wp\/v2\/media\/33761"}],"wp:attachment":[{"href":"https:\/\/myspainfood.com\/lt\/wp-json\/wp\/v2\/media?parent=33757"}],"wp:term":[{"taxonomy":"product_brand","embeddable":true,"href":"https:\/\/myspainfood.com\/lt\/wp-json\/wp\/v2\/product_brand?post=33757"},{"taxonomy":"product_cat","embeddable":true,"href":"https:\/\/myspainfood.com\/lt\/wp-json\/wp\/v2\/product_cat?post=33757"},{"taxonomy":"product_tag","embeddable":true,"href":"https:\/\/myspainfood.com\/lt\/wp-json\/wp\/v2\/product_tag?post=33757"}],"curies":[{"name":"wp","href":"https:\/\/api.w.org\/{rel}","templated":true}]}}