{"id":33892,"date":"2025-04-10T12:10:21","date_gmt":"2025-04-10T10:10:21","guid":{"rendered":"https:\/\/myspainfood.com\/producto\/blizgieji-moliuskai-alyvuogiu-aliejuje-areoso-115-g\/"},"modified":"2025-04-10T12:10:21","modified_gmt":"2025-04-10T10:10:21","slug":"blizgieji-moliuskai-alyvuogiu-aliejuje-areoso-115-g","status":"publish","type":"product","link":"https:\/\/myspainfood.com\/lt\/producto\/blizgieji-moliuskai-alyvuogiu-aliejuje-areoso-115-g\/","title":{"rendered":"Blizgieji moliuskai alyvuogi\u0173 aliejuje Areoso 115 g"},"content":{"rendered":"<p>Produktas: Alyvuogi\u0173 aliejuje apvolioti moliuskai<\/p>\n<p>Specifikacijos: vienodo dyd\u017eio vienodo dyd\u017eio Galisijos Riaso sal\u0173 moliuskai (Ensis arcuatus) alyvuogi\u0173 aliejuje. I\u0161valyti ir atrinkti rankomis kiekvienoje skardin\u0117je. <\/p>\n<p>Sudedamosios dalys: Sudedamosios dalys: skustuviniai moliuskai 56,5 %, alyvuogi\u0173 aliejus 43,5 %, druska.<\/p>\n<p>Gamybos procesas: Galisijos Rias regione surinkti skustuviniai moliuskai, kaip ir kiti moliuskai, vos tik patek\u0119 \u012f gamykl\u0105 yra i\u0161valomi. Po to jie verdami vandenyje, atitinkan\u010diame higienos ir sanitarijos reikalavimus; moliuskai atidaromi ir nuskutami rankomis, stengiantis j\u0173 nesulau\u017eyti. Po to jie dar kart\u0105 nuplaunami \u0161iltame s\u016briame vandenyje ir supakuojami. Po to jie padengiami alyvuogi\u0173 aliejumi, kad b\u016bt\u0173 \u0161velnios tekst\u016bros ir intensyvaus skonio. Indai u\u017edaromi ir sterilizuojami pagal \u0161iam produktui b\u016bdingus ir tinkamus parametrus, tod\u0117l sukuriama puiki aplinka, kurioje alyvuog\u0117s gali b\u016bti saugomos daugel\u012f met\u0173 be joki\u0173 konservant\u0173 ar dirbtini\u0173 pried\u0173. Tuomet produktas yra paruo\u0161tas sand\u0117liavimui ir pardavimui.     <\/p>\n","protected":false},"excerpt":{"rendered":"<p>Produktas: Alyvuogi\u0173 aliejuje apvolioti moliuskai Specifikacijos: vienodo dyd\u017eio vienodo dyd\u017eio Galisijos Riaso sal\u0173 moliuskai (Ensis arcuatus) alyvuogi\u0173 aliejuje. I\u0161valyti ir atrinkti rankomis kiekvienoje skardin\u0117je. Sudedamosios dalys: Sudedamosios dalys: skustuviniai moliuskai 56,5 %, alyvuogi\u0173 aliejus 43,5 %, druska. Gamybos procesas: Galisijos Rias regione surinkti skustuviniai moliuskai, kaip ir kiti moliuskai, vos tik patek\u0119 \u012f gamykl\u0105 yra [&hellip;]<\/p>\n","protected":false},"featured_media":33900,"template":"","meta":{"_et_pb_use_builder":"","_et_pb_old_content":"","_et_gb_content_width":""},"product_brand":[1358],"product_cat":[1966,7555],"product_tag":[],"class_list":{"0":"post-33892","1":"product","2":"type-product","3":"status-publish","4":"has-post-thumbnail","6":"product_brand-areoso","7":"product_cat-konservai","8":"product_cat-skustuvai","10":"first","11":"outofstock","12":"taxable","13":"shipping-taxable","14":"product-type-variable"},"_links":{"self":[{"href":"https:\/\/myspainfood.com\/lt\/wp-json\/wp\/v2\/product\/33892","targetHints":{"allow":["GET"]}}],"collection":[{"href":"https:\/\/myspainfood.com\/lt\/wp-json\/wp\/v2\/product"}],"about":[{"href":"https:\/\/myspainfood.com\/lt\/wp-json\/wp\/v2\/types\/product"}],"wp:featuredmedia":[{"embeddable":true,"href":"https:\/\/myspainfood.com\/lt\/wp-json\/wp\/v2\/media\/33900"}],"wp:attachment":[{"href":"https:\/\/myspainfood.com\/lt\/wp-json\/wp\/v2\/media?parent=33892"}],"wp:term":[{"taxonomy":"product_brand","embeddable":true,"href":"https:\/\/myspainfood.com\/lt\/wp-json\/wp\/v2\/product_brand?post=33892"},{"taxonomy":"product_cat","embeddable":true,"href":"https:\/\/myspainfood.com\/lt\/wp-json\/wp\/v2\/product_cat?post=33892"},{"taxonomy":"product_tag","embeddable":true,"href":"https:\/\/myspainfood.com\/lt\/wp-json\/wp\/v2\/product_tag?post=33892"}],"curies":[{"name":"wp","href":"https:\/\/api.w.org\/{rel}","templated":true}]}}