{"id":34088,"date":"2025-04-10T12:09:58","date_gmt":"2025-04-10T10:09:58","guid":{"rendered":"https:\/\/myspainfood.com\/producto\/banderillas-extra-astrus-chicon-900-g-pakuote-6-vnt\/"},"modified":"2025-09-02T10:45:52","modified_gmt":"2025-09-02T08:45:52","slug":"banderillas-extra-astrus-chicon-900-g-pakuote-6-vnt","status":"publish","type":"product","link":"https:\/\/myspainfood.com\/lt\/producto\/banderillas-extra-astrus-chicon-900-g-pakuote-6-vnt\/","title":{"rendered":"Banderillas Extra (a\u0161trus) Chic\u00f3n 900 g pakuot\u0117 6 vnt."},"content":{"rendered":"<p>&#8222;Banderillas extra picantes&#8221; - tai <a href=\"https:\/\/aceitunaschiconlebron.com\/catalogo\/banderillas-picantes\/\" target=\"_blank\" rel=\"noopener noreferrer nofollow\">marinuoti agurkai, kurie<\/a> daugelyje m\u016bs\u0173 \u0161alies kampeli\u0173 kasdien vartojami kaip u\u017ekandis.<\/p>\n<p>Sudedam\u0173j\u0173 dali\u0173 skoni\u0173 mi\u0161inys kartu su actu ir aitri\u0173j\u0173 paprik\u0173 a\u0161trumu suteikia ypating\u0105 a\u0161tri\u0173 bandeli\u0173 skon\u012f.<\/p>\n<p>A\u0161tri\u0105 banderilj\u0105 paprastai sudaro agurkai, aitriosios paprikos, svog\u016bnai, alyvuog\u0117s ir paprikos. Tod\u0117l \u0161i\u0173 skoni\u0173 mi\u0161inys yra toks i\u0161skirtinis. <\/p>\n<h3><strong>Ypa\u010d a\u0161tri\u0173 &#8222;Banderillas&#8221; nauda<\/strong><\/h3>\n<p>Ar \u017einojote, koki\u0105 naud\u0105 teikia a\u0161tr\u016bs banderilos ir apskritai marinuoti agurkai? Pateikiame svarbiausi\u0173 i\u0161 j\u0173 s\u0105ra\u0161\u0105: <\/p>\n<ul>\n<li>Daug probiotik\u0173.<\/li>\n<li>Jie padeda vir\u0161kinti.<\/li>\n<li>Jie stiprina imunin\u0119 sistem\u0105.<\/li>\n<li>Jie ma\u017eina potrauk\u012f cukrui.<\/li>\n<li>Palankus tul\u017eies p\u016bslei.<\/li>\n<\/ul>\n<p>&nbsp;<\/p>\n<p>Jei norite nusipirkti alyvuogi\u0173 ar kit\u0173 <a href=\"https:\/\/latiendadesami.com\/categoria-producto\/encurtidos\/\" rel=\"noopener noreferrer nofollow\" target=\"_blank\">marinuot\u0173 maisto produkt\u0173<\/a>, nedvejodami per\u017ei\u016br\u0117kite m\u016bs\u0173 internetin\u012f katalog\u0105 ir susipa\u017einkite su pla\u010dia <a href=\"https:\/\/latiendadesami.com\/categoria-producto\/encurtidos\/aceitunas\/\" target=\"_blank\" rel=\"noopener noreferrer nofollow\">alyvuogi\u0173<\/a> \u012fvairove.<\/p>\n","protected":false},"excerpt":{"rendered":"<p>banderillas picante<\/p>\n<p>Priklauso nuo kiekio<\/p>\n","protected":false},"featured_media":34099,"template":"","meta":{"_et_pb_use_builder":"","_et_pb_old_content":"","_et_gb_content_width":""},"product_brand":[1036],"product_cat":[2855,3126],"product_tag":[2093,4110],"class_list":{"0":"post-34088","1":"product","2":"type-product","3":"status-publish","4":"has-post-thumbnail","6":"product_brand-chicon","7":"product_cat-didmenine-prekyba","8":"product_cat-pickles-lt-2","9":"product_tag-astrus","10":"product_tag-papildoma","12":"first","13":"instock","14":"taxable","15":"shipping-taxable","16":"purchasable","17":"product-type-variable"},"_links":{"self":[{"href":"https:\/\/myspainfood.com\/lt\/wp-json\/wp\/v2\/product\/34088","targetHints":{"allow":["GET"]}}],"collection":[{"href":"https:\/\/myspainfood.com\/lt\/wp-json\/wp\/v2\/product"}],"about":[{"href":"https:\/\/myspainfood.com\/lt\/wp-json\/wp\/v2\/types\/product"}],"wp:featuredmedia":[{"embeddable":true,"href":"https:\/\/myspainfood.com\/lt\/wp-json\/wp\/v2\/media\/34099"}],"wp:attachment":[{"href":"https:\/\/myspainfood.com\/lt\/wp-json\/wp\/v2\/media?parent=34088"}],"wp:term":[{"taxonomy":"product_brand","embeddable":true,"href":"https:\/\/myspainfood.com\/lt\/wp-json\/wp\/v2\/product_brand?post=34088"},{"taxonomy":"product_cat","embeddable":true,"href":"https:\/\/myspainfood.com\/lt\/wp-json\/wp\/v2\/product_cat?post=34088"},{"taxonomy":"product_tag","embeddable":true,"href":"https:\/\/myspainfood.com\/lt\/wp-json\/wp\/v2\/product_tag?post=34088"}],"curies":[{"name":"wp","href":"https:\/\/api.w.org\/{rel}","templated":true}]}}