{"id":34169,"date":"2025-04-10T12:09:58","date_gmt":"2025-04-10T10:09:58","guid":{"rendered":"https:\/\/myspainfood.com\/producto\/chicon-extra-alyvuoges-agurkai-900-g-pakuote-6-vnt\/"},"modified":"2025-04-10T12:09:58","modified_gmt":"2025-04-10T10:09:58","slug":"chicon-extra-alyvuoges-agurkai-900-g-pakuote-6-vnt","status":"publish","type":"product","link":"https:\/\/myspainfood.com\/lt\/producto\/chicon-extra-alyvuoges-agurkai-900-g-pakuote-6-vnt\/","title":{"rendered":"Chic\u00f3n Extra alyvuog\u0117s Agurkai 900 g pakuot\u0117 6 vnt."},"content":{"rendered":"<p><a href=\"https:\/\/aceitunaschiconlebron.com\/\" target=\"_blank\" rel=\"noopener noreferrer nofollow\">&#8222;Chic\u00f3n<\/a> Extra Gherkins&#8221; gaminami Antequeroje, Malagoje.<\/p>\n<p>Jie gaminami pagal tradicin\u012f recept\u0105 ir tradiciniu b\u016bdu.<\/p>\n<p>Tai itin ma\u017ei, \u0161veln\u016bs agurkai su lengvu ir apetit\u0105 \u017eadinan\u010diu acto prieskoniu.<\/p>\n<p>Sudedam\u0173j\u0173 dali\u0173 ir acto skoni\u0173 mi\u0161inys suteikia ypating\u0105, gomuriui labai malon\u0173 skon\u012f.<\/p>\n<p>Marinuoti agurkai yra u\u017ekandis, kuris stiprina imunin\u0119 sistem\u0105, o tai rei\u0161kia, kad jie palaiko organizmo apsaug\u0105 ir bendr\u0105 sveikat\u0105.<\/p>\n<h3><strong>Papildom\u0173 agurk\u0173 nauda<\/strong><\/h3>\n<p>Ar \u017einojote apie marinuot\u0173 agurk\u0173 naud\u0105 apskritai? Pateikiame svarbiausi\u0173 i\u0161 j\u0173 s\u0105ra\u0161\u0105: <\/p>\n<ul>\n<li>Daug probiotik\u0173.<\/li>\n<li>Jie padeda vir\u0161kinti.<\/li>\n<li>Jie stiprina imunin\u0119 sistem\u0105.<\/li>\n<li>Jie ma\u017eina potrauk\u012f cukrui.<\/li>\n<li>Palankus tul\u017eies p\u016bslei.<\/li>\n<\/ul>\n<p>Jei norite nusipirkti alyvuogi\u0173 ar kit\u0173 <a href=\"https:\/\/latiendadesami.com\/categoria-producto\/encurtidos\/\" rel=\"noopener noreferrer nofollow\" target=\"_blank\">marinuot\u0173 maisto produkt\u0173<\/a>, nedvejodami per\u017ei\u016br\u0117kite m\u016bs\u0173 internetin\u012f katalog\u0105 ir susipa\u017einkite su pla\u010dia <a href=\"https:\/\/latiendadesami.com\/categoria-producto\/encurtidos\/pepinillos\/\" target=\"_blank\" rel=\"noopener noreferrer nofollow\">alyvuogi\u0173<\/a> \u012fvairove.<\/p>\n","protected":false},"excerpt":{"rendered":"<p>&#8222;Chic\u00f3n Extra Gherkins&#8221; gaminami Antequeroje, Malagoje. Jie gaminami pagal tradicin\u012f recept\u0105 ir tradiciniu b\u016bdu. Tai itin ma\u017ei, \u0161veln\u016bs agurkai su lengvu ir apetit\u0105 \u017eadinan\u010diu acto prieskoniu. Sudedam\u0173j\u0173 dali\u0173 ir acto skoni\u0173 mi\u0161inys suteikia ypating\u0105, gomuriui labai malon\u0173 skon\u012f. Marinuoti agurkai yra u\u017ekandis, kuris stiprina imunin\u0119 sistem\u0105, o tai rei\u0161kia, kad jie palaiko organizmo apsaug\u0105 ir [&hellip;]<\/p>\n","protected":false},"featured_media":22721,"template":"","meta":{"_et_pb_use_builder":"","_et_pb_old_content":"","_et_gb_content_width":""},"product_brand":[1036],"product_cat":[2855,3126],"product_tag":[4110],"class_list":{"0":"post-34169","1":"product","2":"type-product","3":"status-publish","4":"has-post-thumbnail","6":"product_brand-chicon","7":"product_cat-didmenine-prekyba","8":"product_cat-pickles-lt-2","9":"product_tag-papildoma","11":"first","12":"outofstock","13":"taxable","14":"shipping-taxable","15":"purchasable","16":"product-type-variable"},"_links":{"self":[{"href":"https:\/\/myspainfood.com\/lt\/wp-json\/wp\/v2\/product\/34169","targetHints":{"allow":["GET"]}}],"collection":[{"href":"https:\/\/myspainfood.com\/lt\/wp-json\/wp\/v2\/product"}],"about":[{"href":"https:\/\/myspainfood.com\/lt\/wp-json\/wp\/v2\/types\/product"}],"wp:featuredmedia":[{"embeddable":true,"href":"https:\/\/myspainfood.com\/lt\/wp-json\/wp\/v2\/media\/22721"}],"wp:attachment":[{"href":"https:\/\/myspainfood.com\/lt\/wp-json\/wp\/v2\/media?parent=34169"}],"wp:term":[{"taxonomy":"product_brand","embeddable":true,"href":"https:\/\/myspainfood.com\/lt\/wp-json\/wp\/v2\/product_brand?post=34169"},{"taxonomy":"product_cat","embeddable":true,"href":"https:\/\/myspainfood.com\/lt\/wp-json\/wp\/v2\/product_cat?post=34169"},{"taxonomy":"product_tag","embeddable":true,"href":"https:\/\/myspainfood.com\/lt\/wp-json\/wp\/v2\/product_tag?post=34169"}],"curies":[{"name":"wp","href":"https:\/\/api.w.org\/{rel}","templated":true}]}}