{"id":34255,"date":"2025-04-10T12:10:12","date_gmt":"2025-04-10T10:10:12","guid":{"rendered":"https:\/\/myspainfood.com\/producto\/norvegiska-rukyta-lasisa-port-faroe-600-g\/"},"modified":"2025-06-24T13:41:14","modified_gmt":"2025-06-24T11:41:14","slug":"norvegiska-rukyta-lasisa-port-faroe-600-g","status":"publish","type":"product","link":"https:\/\/myspainfood.com\/lt\/producto\/norvegiska-rukyta-lasisa-port-faroe-600-g\/","title":{"rendered":"Norvegi\u0161ka r\u016bkyta la\u0161i\u0161a &#8222;Port Faroe&#8221; 600 g"},"content":{"rendered":"<p>R\u016bkymas - tai maisto produkt\u0173 konservavimo b\u016bdas.<\/p>\n<p> R\u016bkymas - tai maisto produkt\u0173 veikimas d\u016bmais, kurie gaunami i\u0161 ugnies, sukurtos i\u0161 medienos su nedideliu kiekiu derv\u0173.<\/p>\n<p> \u0160is procesas, be konservavimo, suteikia specifin\u012f d\u016bmo skon\u012f.<\/p>\n<p> R\u016bkyta la\u0161i\u0161a - tai maisto produktas, gaunamas la\u0161i\u0161\u0105 veikiant pirmiau apra\u0161ytu d\u016bmu, d\u0117l kurio ji ilgiau i\u0161silaiko ir \u012fgauna kitok\u012f, jai b\u016bding\u0105 skon\u012f.<\/p>\n<p>&nbsp;<\/p>\n","protected":false},"excerpt":{"rendered":"<p>R\u016bkymas - tai maisto produkt\u0173 konservavimo b\u016bdas. R\u016bkymas - tai maisto produkt\u0173 veikimas d\u016bmais, kurie gaunami i\u0161 ugnies, sukurtos i\u0161 medienos su nedideliu kiekiu derv\u0173. \u0160is procesas, be konservavimo, suteikia specifin\u012f d\u016bmo skon\u012f. R\u016bkyta la\u0161i\u0161a - tai maisto produktas, gaunamas la\u0161i\u0161\u0105 veikiant pirmiau apra\u0161ytu d\u016bmu, d\u0117l kurio ji ilgiau i\u0161silaiko ir \u012fgauna kitok\u012f, jai b\u016bding\u0105 [&hellip;]<\/p>\n","protected":false},"featured_media":34261,"template":"","meta":{"_et_pb_use_builder":"","_et_pb_old_content":"","_et_gb_content_width":""},"product_brand":[1361],"product_cat":[7715,1812,7713],"product_tag":[],"class_list":{"0":"post-34255","1":"product","2":"type-product","3":"status-publish","4":"has-post-thumbnail","6":"product_brand-ahumados-fernandez-molina","7":"product_cat-lasisa","8":"product_cat-saltas","9":"product_cat-specialus-kaledinis-leidinys","10":"product_shipping_class-saltoji-siunta","12":"first","13":"instock","14":"sale","15":"taxable","16":"shipping-taxable","17":"purchasable","18":"product-type-variable"},"_links":{"self":[{"href":"https:\/\/myspainfood.com\/lt\/wp-json\/wp\/v2\/product\/34255","targetHints":{"allow":["GET"]}}],"collection":[{"href":"https:\/\/myspainfood.com\/lt\/wp-json\/wp\/v2\/product"}],"about":[{"href":"https:\/\/myspainfood.com\/lt\/wp-json\/wp\/v2\/types\/product"}],"wp:featuredmedia":[{"embeddable":true,"href":"https:\/\/myspainfood.com\/lt\/wp-json\/wp\/v2\/media\/34261"}],"wp:attachment":[{"href":"https:\/\/myspainfood.com\/lt\/wp-json\/wp\/v2\/media?parent=34255"}],"wp:term":[{"taxonomy":"product_brand","embeddable":true,"href":"https:\/\/myspainfood.com\/lt\/wp-json\/wp\/v2\/product_brand?post=34255"},{"taxonomy":"product_cat","embeddable":true,"href":"https:\/\/myspainfood.com\/lt\/wp-json\/wp\/v2\/product_cat?post=34255"},{"taxonomy":"product_tag","embeddable":true,"href":"https:\/\/myspainfood.com\/lt\/wp-json\/wp\/v2\/product_tag?post=34255"}],"curies":[{"name":"wp","href":"https:\/\/api.w.org\/{rel}","templated":true}]}}