{"id":34716,"date":"2025-04-10T12:10:13","date_gmt":"2025-04-10T10:10:13","guid":{"rendered":"https:\/\/myspainfood.com\/producto\/flor-de-esgueva-viejo-suris-32-kg\/"},"modified":"2025-06-24T13:44:38","modified_gmt":"2025-06-24T11:44:38","slug":"flor-de-esgueva-viejo-suris-32-kg","status":"publish","type":"product","link":"https:\/\/myspainfood.com\/lt\/producto\/flor-de-esgueva-viejo-suris-32-kg\/","title":{"rendered":"Flor de Esgueva Viejo s\u016bris 3,2 kg"},"content":{"rendered":"<div class=\"et_pb_blurb_container\">\n<div class=\"et_pb_blurb_container\">\n<h1 class=\"vc_custom_heading\">Esgueva Viejo g\u0117l\u0117s<\/h1>\n<p class=\"vc_custom_heading us_custom_c587e30b\">Pagamintas tik i\u0161 \u017ealio avies pieno ir brandintas nat\u016bralioje odoje ma\u017eiausiai 7 m\u0117nesius.<\/p>\n<div class=\"wpb_text_column us_custom_afe9a513\">\n<div class=\"wpb_wrapper\">\n<p>Intensyvumo ir tekst\u016bros po\u017ei\u016briu tai tobulyb\u0117. Tai labai tinkamas s\u016bris m\u0117gstantiems elasting\u0105 ir beveik tirpstan\u010di\u0105 tekst\u016br\u0105, ta\u010diau neprarandantiems gryno avienos skonio ir intensyvumo burnoje. Jis pasi\u017eymi ilgu ir ilgai i\u0161liekan\u010diu poskoniu, kuris palieka malon\u0173 keli\u0173 minu\u010di\u0173 poj\u016bt\u012f.  <\/p>\n<\/div>\n<\/div>\n<\/div>\n<\/div>\n","protected":false},"excerpt":{"rendered":"<p>Esgueva Viejo g\u0117l\u0117s Pagamintas tik i\u0161 \u017ealio avies pieno ir brandintas nat\u016bralioje odoje ma\u017eiausiai 7 m\u0117nesius. Intensyvumo ir tekst\u016bros po\u017ei\u016briu tai tobulyb\u0117. Tai labai tinkamas s\u016bris m\u0117gstantiems elasting\u0105 ir beveik tirpstan\u010di\u0105 tekst\u016br\u0105, ta\u010diau neprarandantiems gryno avienos skonio ir intensyvumo burnoje. Jis pasi\u017eymi ilgu ir ilgai i\u0161liekan\u010diu poskoniu, kuris palieka malon\u0173 keli\u0173 minu\u010di\u0173 poj\u016bt\u012f.<\/p>\n","protected":false},"featured_media":34729,"template":"","meta":{"_et_pb_use_builder":"","_et_pb_old_content":"","_et_gb_content_width":""},"product_brand":[1367],"product_cat":[2728,1812,2256],"product_tag":[],"class_list":{"0":"post-34716","1":"product","2":"type-product","3":"status-publish","4":"has-post-thumbnail","6":"product_brand-flor-de-esgueva","7":"product_cat-gydymas","8":"product_cat-saltas","9":"product_cat-suris-ir-desra","10":"product_shipping_class-saltoji-siunta","12":"first","13":"outofstock","14":"taxable","15":"shipping-taxable","16":"purchasable","17":"product-type-variable"},"_links":{"self":[{"href":"https:\/\/myspainfood.com\/lt\/wp-json\/wp\/v2\/product\/34716","targetHints":{"allow":["GET"]}}],"collection":[{"href":"https:\/\/myspainfood.com\/lt\/wp-json\/wp\/v2\/product"}],"about":[{"href":"https:\/\/myspainfood.com\/lt\/wp-json\/wp\/v2\/types\/product"}],"wp:featuredmedia":[{"embeddable":true,"href":"https:\/\/myspainfood.com\/lt\/wp-json\/wp\/v2\/media\/34729"}],"wp:attachment":[{"href":"https:\/\/myspainfood.com\/lt\/wp-json\/wp\/v2\/media?parent=34716"}],"wp:term":[{"taxonomy":"product_brand","embeddable":true,"href":"https:\/\/myspainfood.com\/lt\/wp-json\/wp\/v2\/product_brand?post=34716"},{"taxonomy":"product_cat","embeddable":true,"href":"https:\/\/myspainfood.com\/lt\/wp-json\/wp\/v2\/product_cat?post=34716"},{"taxonomy":"product_tag","embeddable":true,"href":"https:\/\/myspainfood.com\/lt\/wp-json\/wp\/v2\/product_tag?post=34716"}],"curies":[{"name":"wp","href":"https:\/\/api.w.org\/{rel}","templated":true}]}}