{"id":34821,"date":"2025-04-10T12:09:51","date_gmt":"2025-04-10T10:09:51","guid":{"rendered":"https:\/\/myspainfood.com\/producto\/vynas-cucamonas-verdejo-de-rueda-2022-bodegas-gotica-120-buteliu\/"},"modified":"2025-04-10T12:09:51","modified_gmt":"2025-04-10T10:09:51","slug":"vynas-cucamonas-verdejo-de-rueda-2022-bodegas-gotica-120-buteliu","status":"publish","type":"product","link":"https:\/\/myspainfood.com\/lt\/producto\/vynas-cucamonas-verdejo-de-rueda-2022-bodegas-gotica-120-buteliu\/","title":{"rendered":"Vynas Cucamonas verdejo de Rueda 2022 bodegas G\u00f3tica 120 buteli\u0173"},"content":{"rendered":"<p><strong>Verdejo - <em>100 % Verdejo<\/em><\/strong><\/p>\n<p>100 % Verdejo vynuogi\u0173, pagrindin\u0117s DO veisl\u0117s. Rueda. Gaminami auk\u0161tos kokyb\u0117s, gaiv\u016bs, labai vaisi\u0161ki, \u017ealsvai geltonos spalvos, citrusini\u0173 vaisi\u0173 aromato, sodr\u016bs ir labai glicerininiai vynai.  <\/p>\n<p>&nbsp;<\/p>\n","protected":false},"excerpt":{"rendered":"<p>Cucamonas Verdejo Rueda 2022<\/p>\n","protected":false},"featured_media":34822,"template":"","meta":{"_et_pb_use_builder":"","_et_pb_old_content":"","_et_gb_content_width":""},"product_brand":[1140],"product_cat":[2855,4851,4852],"product_tag":[7239,7241],"class_list":{"0":"post-34821","1":"product","2":"type-product","3":"status-publish","4":"has-post-thumbnail","6":"product_brand-ladera-de-los-obispos","7":"product_cat-didmenine-prekyba","8":"product_cat-gerimai","9":"product_cat-vynas","10":"product_tag-gotika-lt","11":"product_tag-ratas-lt","13":"first","14":"outofstock","15":"featured","16":"taxable","17":"shipping-taxable","18":"purchasable","19":"product-type-simple"},"_links":{"self":[{"href":"https:\/\/myspainfood.com\/lt\/wp-json\/wp\/v2\/product\/34821","targetHints":{"allow":["GET"]}}],"collection":[{"href":"https:\/\/myspainfood.com\/lt\/wp-json\/wp\/v2\/product"}],"about":[{"href":"https:\/\/myspainfood.com\/lt\/wp-json\/wp\/v2\/types\/product"}],"wp:featuredmedia":[{"embeddable":true,"href":"https:\/\/myspainfood.com\/lt\/wp-json\/wp\/v2\/media\/34822"}],"wp:attachment":[{"href":"https:\/\/myspainfood.com\/lt\/wp-json\/wp\/v2\/media?parent=34821"}],"wp:term":[{"taxonomy":"product_brand","embeddable":true,"href":"https:\/\/myspainfood.com\/lt\/wp-json\/wp\/v2\/product_brand?post=34821"},{"taxonomy":"product_cat","embeddable":true,"href":"https:\/\/myspainfood.com\/lt\/wp-json\/wp\/v2\/product_cat?post=34821"},{"taxonomy":"product_tag","embeddable":true,"href":"https:\/\/myspainfood.com\/lt\/wp-json\/wp\/v2\/product_tag?post=34821"}],"curies":[{"name":"wp","href":"https:\/\/api.w.org\/{rel}","templated":true}]}}