{"id":36417,"date":"2025-04-10T12:14:40","date_gmt":"2025-04-10T10:14:40","guid":{"rendered":"https:\/\/myspainfood.com\/producto\/skumbres-file-oti-250\/"},"modified":"2026-01-30T14:26:03","modified_gmt":"2026-01-30T13:26:03","slug":"skumbres-file-oti-250","status":"publish","type":"product","link":"https:\/\/myspainfood.com\/lt\/producto\/skumbres-file-oti-250\/","title":{"rendered":"Skumbr\u0117s fil\u0117 OTI 250"},"content":{"rendered":"<p>OTI skumbr\u0117s fil\u0117 250 gr yra nat\u016bralus produktas, pagamintas <a href=\"http:\/\/www.conservasoti.es\/paginas\/historia.html\" target=\"_blank\" rel=\"noopener noreferrer nofollow\">tradiciniu b\u016bdu<\/a>.<\/p>\n<p>Sudedamosios dalys: Skumbr\u0117 (65 %), saul\u0117gr\u0105\u017e\u0173 aliejus (34 %), druska.<\/p>\n<p>&#8222;Conservas Oti&#8221; yra \u0161eimos tradicijas turinti \u012fmon\u0117, kurios geri darbai perduodami i\u0161 kartos \u012f kart\u0105.<\/p>\n<p>Sunkus \u0161eimos darbas ir pastangos leido <span class=\"negrita\">&#8222;Conservas Oti&#8221;<\/span> augti ir pl\u0117stis.<\/p>\n<p>Pagrindin\u0117s verslo sritys yra &#8222;I\u0161 j\u016bros&#8221;, &#8222;I\u0161 \u017eem\u0117s&#8221; ir &#8222;I\u0161 \u016bkio&#8221;.<\/p>\n<p>I\u0161 j\u016bros: midijos, Ventresca, Sardinillas, Melva&#8230; Skumbr\u0117s fil\u0117 OTI 550 gr <\/p>\n<p>Vietiniai produktai: pieniniai avin\u017eirniai, baltosios inkst\u0173 pupel\u0117s, pinto pupel\u0117s, Pardina l\u0119\u0161iai&#8230;<\/p>\n<p>I\u0161 \u016bkio: PUro de Oveja s\u016bris, Iberijos gil\u0117s kumpiai, Salchich\u00f3n, Iberijos gil\u0117s, Chorizo&#8230;<\/p>\n<h4>Pagrindiniai konservuoto maisto privalumai<\/h4>\n<ol>\n<li>Jie i\u0161saugo visas maistines maisto produkto savybes. Maistas i\u0161lieka \u0161vie\u017eias. <\/li>\n<li>Naudojami sveiki maisto produktai, tod\u0117l d\u0117l didelio vitamin\u0173 ir baltym\u0173 kiekio tinka optimaliai mitybai.<\/li>\n<li>\u0160i\u0173 gamini\u0173 naudojimo trukm\u0117 ilgesn\u0117 (paprastai 2-5 metai).<\/li>\n<li>Konservus labai lengva laikyti, nes j\u0173 pakuot\u0119 lengva u\u017ed\u0117ti.<\/li>\n<\/ol>\n<p>Jei norite \u012fsigyti tun\u0173 ar bet kurios kitos r\u016b\u0161ies <a href=\"https:\/\/latiendadesami.com\/categoria-producto\/conservas\/\" rel=\"noopener noreferrer nofollow\" target=\"_blank\">konserv\u0173<\/a>, nedvejodami per\u017ei\u016br\u0117kite m\u016bs\u0173 internetin\u012f katalog\u0105 ir susipa\u017einkite su pla\u010dia <a href=\"https:\/\/latiendadesami.com\/categoria-producto\/conservas\/atun-y-bonito\/\" target=\"_blank\" rel=\"noopener noreferrer nofollow\">tun\u0173<\/a> \u012fvairove.<\/p>\n<p>Nor\u0117dami gauti daugiau informacijos, ra\u0161ykite mums.<\/p>\n","protected":false},"excerpt":{"rendered":"<p>OTI skumbr\u0117s fil\u0117 250 gr yra nat\u016bralus produktas, pagamintas tradiciniu b\u016bdu. Sudedamosios dalys: Skumbr\u0117 (65 %), saul\u0117gr\u0105\u017e\u0173 aliejus (34 %), druska. &#8222;Conservas Oti&#8221; yra \u0161eimos tradicijas turinti \u012fmon\u0117, kurios geri darbai perduodami i\u0161 kartos \u012f kart\u0105. Sunkus \u0161eimos darbas ir pastangos leido &#8222;Conservas Oti&#8221; augti ir pl\u0117stis. Pagrindin\u0117s verslo sritys yra &#8222;I\u0161 j\u016bros&#8221;, &#8222;I\u0161 \u017eem\u0117s&#8221; [&hellip;]<\/p>\n","protected":false},"featured_media":36423,"template":"","meta":{"_et_pb_use_builder":"","_et_pb_old_content":"","_et_gb_content_width":""},"product_brand":[1075],"product_cat":[1966,3359],"product_tag":[],"class_list":{"0":"post-36417","1":"product","2":"type-product","3":"status-publish","4":"has-post-thumbnail","6":"product_brand-oti","7":"product_cat-konservai","8":"product_cat-skumbre","10":"first","11":"instock","12":"taxable","13":"shipping-taxable","14":"purchasable","15":"product-type-variable"},"_links":{"self":[{"href":"https:\/\/myspainfood.com\/lt\/wp-json\/wp\/v2\/product\/36417","targetHints":{"allow":["GET"]}}],"collection":[{"href":"https:\/\/myspainfood.com\/lt\/wp-json\/wp\/v2\/product"}],"about":[{"href":"https:\/\/myspainfood.com\/lt\/wp-json\/wp\/v2\/types\/product"}],"wp:featuredmedia":[{"embeddable":true,"href":"https:\/\/myspainfood.com\/lt\/wp-json\/wp\/v2\/media\/36423"}],"wp:attachment":[{"href":"https:\/\/myspainfood.com\/lt\/wp-json\/wp\/v2\/media?parent=36417"}],"wp:term":[{"taxonomy":"product_brand","embeddable":true,"href":"https:\/\/myspainfood.com\/lt\/wp-json\/wp\/v2\/product_brand?post=36417"},{"taxonomy":"product_cat","embeddable":true,"href":"https:\/\/myspainfood.com\/lt\/wp-json\/wp\/v2\/product_cat?post=36417"},{"taxonomy":"product_tag","embeddable":true,"href":"https:\/\/myspainfood.com\/lt\/wp-json\/wp\/v2\/product_tag?post=36417"}],"curies":[{"name":"wp","href":"https:\/\/api.w.org\/{rel}","templated":true}]}}