{"id":37226,"date":"2025-04-10T12:11:40","date_gmt":"2025-04-10T10:11:40","guid":{"rendered":"https:\/\/myspainfood.com\/producto\/andaluziskas-gazpacho-su-ypac-tyru-alyvuogiu-aliejumi-arteoliva-1-litras\/"},"modified":"2026-01-29T12:31:24","modified_gmt":"2026-01-29T11:31:24","slug":"andaluziskas-gazpacho-su-ypac-tyru-alyvuogiu-aliejumi-arteoliva-1-litras","status":"publish","type":"product","link":"https:\/\/myspainfood.com\/lt\/producto\/andaluziskas-gazpacho-su-ypac-tyru-alyvuogiu-aliejumi-arteoliva-1-litras\/","title":{"rendered":"Andal\u016bzijos gazpa\u010do su ypa\u010d tyru alyvuogi\u0173 aliejumi ARTEOLIVA 1 litras"},"content":{"rendered":"<p>Tai produktas, kuriame tiksliai laikomasi tradicinio Andal\u016bzijos gazpacho recepto. \u012e jo sud\u0117t\u012f \u012feina auk\u0161\u010diausios kokyb\u0117s \u0161vie\u017eios dar\u017eov\u0117s: pomidorai, agurkai, pipirai, \u010desnakai, pirmojo spaudimo alyvuogi\u0173 aliejus ir duona, \u0161erio actas, vanduo ir j\u016bros druska. Skirtingai nuo kit\u0173 rinkoje esan\u010di\u0173 produkt\u0173, &#8222;ArteOliva&#8221; gazpacho sud\u0117tyje yra daugiau pirmojo spaudimo alyvuogi\u0173 aliejaus ir duonos, kuri laikoma esminiu tradicinio recepto ingredientu.  <\/p>\n","protected":false},"excerpt":{"rendered":"<p>Tai produktas, kuriame tiksliai laikomasi tradicinio Andal\u016bzijos gazpacho recepto. \u012e jo sud\u0117t\u012f \u012feina auk\u0161\u010diausios kokyb\u0117s \u0161vie\u017eios dar\u017eov\u0117s: pomidorai, agurkai, pipirai, \u010desnakai, pirmojo spaudimo alyvuogi\u0173 aliejus ir duona, \u0161erio actas, vanduo ir j\u016bros druska. Skirtingai nuo kit\u0173 rinkoje esan\u010di\u0173 produkt\u0173, &#8222;ArteOliva&#8221; gazpacho sud\u0117tyje yra daugiau pirmojo spaudimo alyvuogi\u0173 aliejaus ir duonos, kuri laikoma esminiu tradicinio recepto [&hellip;]<\/p>\n","protected":false},"featured_media":37232,"template":"","meta":{"_et_pb_use_builder":"","_et_pb_old_content":"","_et_gb_content_width":""},"product_brand":[1457],"product_cat":[4851,1966,2226],"product_tag":[],"class_list":{"0":"post-37226","1":"product","2":"type-product","3":"status-publish","4":"has-post-thumbnail","6":"product_brand-arteoliva","7":"product_cat-gerimai","8":"product_cat-konservai","9":"product_cat-ypac-tyros-alyvuoges","11":"first","12":"outofstock","13":"taxable","14":"shipping-taxable","15":"product-type-variable"},"_links":{"self":[{"href":"https:\/\/myspainfood.com\/lt\/wp-json\/wp\/v2\/product\/37226","targetHints":{"allow":["GET"]}}],"collection":[{"href":"https:\/\/myspainfood.com\/lt\/wp-json\/wp\/v2\/product"}],"about":[{"href":"https:\/\/myspainfood.com\/lt\/wp-json\/wp\/v2\/types\/product"}],"wp:featuredmedia":[{"embeddable":true,"href":"https:\/\/myspainfood.com\/lt\/wp-json\/wp\/v2\/media\/37232"}],"wp:attachment":[{"href":"https:\/\/myspainfood.com\/lt\/wp-json\/wp\/v2\/media?parent=37226"}],"wp:term":[{"taxonomy":"product_brand","embeddable":true,"href":"https:\/\/myspainfood.com\/lt\/wp-json\/wp\/v2\/product_brand?post=37226"},{"taxonomy":"product_cat","embeddable":true,"href":"https:\/\/myspainfood.com\/lt\/wp-json\/wp\/v2\/product_cat?post=37226"},{"taxonomy":"product_tag","embeddable":true,"href":"https:\/\/myspainfood.com\/lt\/wp-json\/wp\/v2\/product_tag?post=37226"}],"curies":[{"name":"wp","href":"https:\/\/api.w.org\/{rel}","templated":true}]}}