{"id":37412,"date":"2025-04-10T12:05:09","date_gmt":"2025-04-10T10:05:09","guid":{"rendered":"https:\/\/myspainfood.com\/producto\/baltasis-cesnakas-900-gr-chicon\/"},"modified":"2025-04-10T12:05:09","modified_gmt":"2025-04-10T10:05:09","slug":"baltasis-cesnakas-900-gr-chicon","status":"publish","type":"product","link":"https:\/\/myspainfood.com\/lt\/producto\/baltasis-cesnakas-900-gr-chicon\/","title":{"rendered":"Baltasis \u010desnakas 900 gr Chic\u00f3n"},"content":{"rendered":"<p><strong>Baltasis \u010desnakas aliejuje<\/strong>, nuluptas, apdorotas ir i\u0161d\u017eiovintas, kad su\u0161veln\u0117t\u0173 jo nat\u016bralus skonis ir i\u0161likt\u0173 pirmin\u0117s savyb\u0117s.<\/p>\n<p>\u010cesnakai aliejuje - delikatesas gomuriui, tinkantis tiek kaip u\u017ekandis, tiek kaip priedas prie geriausi\u0173 patiekal\u0173.<\/p>\n<h3><strong>Baltojo \u010desnako <a href=\"https:\/\/aceitunaschiconlebron.com\/catalogo\/ajos-en-aceite\/\" target=\"_blank\" rel=\"noopener noreferrer nofollow\">aliejaus<\/a> nauda<\/strong><\/h3>\n<p>Ar \u017einote, kokia yra pagrindin\u0117 \u010desnak\u0173 aliejuje kaip marinuot\u0173 agurk\u0173 nauda? Be daugelio kit\u0173 savybi\u0173, juose gausu probiotik\u0173, jie stiprina imunin\u0119 sistem\u0105 ir net padeda vir\u0161kinimui. <\/p>\n<p>Rauginti agurkai i\u0161 senovinio maisto konservavimo b\u016bdo visame pasaulyje tapo vienu i\u0161 labiausiai vertinam\u0173 Ispanijos gastronomijos u\u017ekand\u017ei\u0173. M\u016bs\u0173 internetiniame kataloge rasite ne tik gard\u017ei\u0173j\u0173 <strong>\u010desnak\u0173 aliejuje<\/strong>, bet ir kit\u0173 r\u016b\u0161i\u0173 marinuot\u0173 agurk\u0173, pavyzd\u017eiui, kapar\u0117li\u0173, sald\u017ei\u0173j\u0173 banderili\u0173 arba a\u0161tri\u0173j\u0173 banderili\u0173. <\/p>\n<h3><strong>Savyb\u0117s Marinuoti \u010desnakai<\/strong><\/h3>\n<p>Jis pasi\u017eymi <strong>antibiotik\u0173 savyb\u0117mis<\/strong>. \u010cesnak\u0173 aliejus naikina daugyb\u0119 mikrob\u0173, toki\u0173 kaip virusai, bakterijos, grybeliai ir parazitai. <\/p>\n<p>Jis pasi\u017eymi <strong>atsikos\u0117jim\u0105 ma\u017einan\u010diu poveikiu<\/strong>, yra vitamino C, ferment\u0173 ir mineral\u0173 \u0161altinis, padedantis stiprinti organizmo apsaug\u0105 ir imunitet\u0105.<\/p>\n<p><strong>Aliejuje esantis \u010desnakas apsaugo m\u016bs\u0173 \u0161ird\u012f<\/strong> nuo \u0161irdies ir kraujagysli\u0173 problem\u0173, toki\u0173 kaip \u0161irdies priepuoliai ir ateroskleroz\u0117.<\/p>\n<p>Dar viena <strong>marinuoto \u010desnako savyb\u0117 -<\/strong> jis ma\u017eina cholesterolio kiek\u012f kraujyje, nes gali vidutini\u0161kai suma\u017einti triglicerid\u0173 ir bendrojo cholesterolio kiek\u012f kraujyje, o tai gali suma\u017einti arterij\u0173 apna\u0161as.<\/p>\n<p>Trumpai tariant, \u010desnakai aliejuje arba <a href=\"https:\/\/latiendadesami.com\/categoria-producto\/encurtidos\/\" target=\"_blank\" rel=\"noopener noreferrer nofollow\">marinuoti<\/a> \u010desnakai turi daugyb\u0119 savybi\u0173 ir yra naudingi \u017emogaus sveikatai.<\/p>\n","protected":false},"excerpt":{"rendered":"<p>Baltasis \u010desnakas aliejuje, nuluptas, apdorotas ir i\u0161d\u017eiovintas, kad su\u0161veln\u0117t\u0173 jo nat\u016bralus skonis ir i\u0161likt\u0173 pirmin\u0117s savyb\u0117s. \u010cesnakai aliejuje - delikatesas gomuriui, tinkantis tiek kaip u\u017ekandis, tiek kaip priedas prie geriausi\u0173 patiekal\u0173. Baltojo \u010desnako aliejaus nauda Ar \u017einote, kokia yra pagrindin\u0117 \u010desnak\u0173 aliejuje kaip marinuot\u0173 agurk\u0173 nauda? Be daugelio kit\u0173 savybi\u0173, juose gausu probiotik\u0173, jie stiprina [&hellip;]<\/p>\n","protected":false},"featured_media":37413,"template":"","meta":{"_et_pb_use_builder":"","_et_pb_old_content":"","_et_gb_content_width":""},"product_brand":[1036],"product_cat":[3901,1715],"product_tag":[4181,3902],"class_list":{"0":"post-37412","1":"product","2":"type-product","3":"status-publish","4":"has-post-thumbnail","6":"product_brand-chicon","7":"product_cat-cesnakai","8":"product_cat-pickles-lt","9":"product_tag-balta","10":"product_tag-cesnakai","12":"first","13":"instock","14":"taxable","15":"shipping-taxable","16":"purchasable","17":"product-type-variable"},"_links":{"self":[{"href":"https:\/\/myspainfood.com\/lt\/wp-json\/wp\/v2\/product\/37412","targetHints":{"allow":["GET"]}}],"collection":[{"href":"https:\/\/myspainfood.com\/lt\/wp-json\/wp\/v2\/product"}],"about":[{"href":"https:\/\/myspainfood.com\/lt\/wp-json\/wp\/v2\/types\/product"}],"wp:featuredmedia":[{"embeddable":true,"href":"https:\/\/myspainfood.com\/lt\/wp-json\/wp\/v2\/media\/37413"}],"wp:attachment":[{"href":"https:\/\/myspainfood.com\/lt\/wp-json\/wp\/v2\/media?parent=37412"}],"wp:term":[{"taxonomy":"product_brand","embeddable":true,"href":"https:\/\/myspainfood.com\/lt\/wp-json\/wp\/v2\/product_brand?post=37412"},{"taxonomy":"product_cat","embeddable":true,"href":"https:\/\/myspainfood.com\/lt\/wp-json\/wp\/v2\/product_cat?post=37412"},{"taxonomy":"product_tag","embeddable":true,"href":"https:\/\/myspainfood.com\/lt\/wp-json\/wp\/v2\/product_tag?post=37412"}],"curies":[{"name":"wp","href":"https:\/\/api.w.org\/{rel}","templated":true}]}}