{"id":37426,"date":"2025-04-10T12:05:09","date_gmt":"2025-04-10T10:05:09","guid":{"rendered":"https:\/\/myspainfood.com\/producto\/obregono-partija\/"},"modified":"2025-04-10T12:05:09","modified_gmt":"2025-04-10T10:05:09","slug":"obregono-partija","status":"publish","type":"product","link":"https:\/\/myspainfood.com\/lt\/producto\/obregono-partija\/","title":{"rendered":"Obregono partija"},"content":{"rendered":"<p>Alyvuog\u0117s &#8222;Chic\u00f3n Lebr\u00f3n&#8221; gaminamos, prieskoniuojamos ir pakuojamos Antequeroje (Malagoje). Jos renkamos rankomis ir gars\u0117ja savo kokybe bei nepakartojamu skoniu.<\/p>\n","protected":false},"excerpt":{"rendered":"<p>alyvuog\u0117s obregon split<\/p>\n","protected":false},"featured_media":37427,"template":"","meta":{"_et_pb_use_builder":"","_et_pb_old_content":"","_et_gb_content_width":""},"product_brand":[1036],"product_cat":[1718,1715],"product_tag":[8123,8124],"class_list":{"0":"post-37426","1":"product","2":"type-product","3":"status-publish","4":"has-post-thumbnail","6":"product_brand-chicon","7":"product_cat-alyvuoges","8":"product_cat-pickles-lt","9":"product_tag-obregon-lt","10":"product_tag-salis","12":"first","13":"outofstock","14":"taxable","15":"shipping-taxable","16":"product-type-variable"},"_links":{"self":[{"href":"https:\/\/myspainfood.com\/lt\/wp-json\/wp\/v2\/product\/37426","targetHints":{"allow":["GET"]}}],"collection":[{"href":"https:\/\/myspainfood.com\/lt\/wp-json\/wp\/v2\/product"}],"about":[{"href":"https:\/\/myspainfood.com\/lt\/wp-json\/wp\/v2\/types\/product"}],"wp:featuredmedia":[{"embeddable":true,"href":"https:\/\/myspainfood.com\/lt\/wp-json\/wp\/v2\/media\/37427"}],"wp:attachment":[{"href":"https:\/\/myspainfood.com\/lt\/wp-json\/wp\/v2\/media?parent=37426"}],"wp:term":[{"taxonomy":"product_brand","embeddable":true,"href":"https:\/\/myspainfood.com\/lt\/wp-json\/wp\/v2\/product_brand?post=37426"},{"taxonomy":"product_cat","embeddable":true,"href":"https:\/\/myspainfood.com\/lt\/wp-json\/wp\/v2\/product_cat?post=37426"},{"taxonomy":"product_tag","embeddable":true,"href":"https:\/\/myspainfood.com\/lt\/wp-json\/wp\/v2\/product_tag?post=37426"}],"curies":[{"name":"wp","href":"https:\/\/api.w.org\/{rel}","templated":true}]}}