{"id":37464,"date":"2025-04-10T12:08:44","date_gmt":"2025-04-10T10:08:44","guid":{"rendered":"https:\/\/myspainfood.com\/producto\/linu-astuonkojis-60-vienetu\/"},"modified":"2026-04-24T07:39:15","modified_gmt":"2026-04-24T05:39:15","slug":"linu-astuonkojis-60-vienetu","status":"publish","type":"product","link":"https:\/\/myspainfood.com\/lt\/producto\/linu-astuonkojis-60-vienetu\/","title":{"rendered":"Lin\u0173 a\u0161tuonkojis 60 vienet\u0173"},"content":{"rendered":"<p>Aliejus (85 % saul\u0117gr\u0105\u017e\u0173, 15 % alyvuogi\u0173), a\u0161tuonkojai, an\u010diuviais \u012fdarytos alyvuog\u0117s, raudonosios paprikos, agurkai ir svog\u016bnai.<\/p>\n","protected":false},"excerpt":{"rendered":"<p>Aliejus (85 % saul\u0117gr\u0105\u017e\u0173, 15 % alyvuogi\u0173), a\u0161tuonkojai, an\u010diuviais \u012fdarytos alyvuog\u0117s, raudonosios paprikos, agurkai ir svog\u016bnai.<\/p>\n","protected":false},"featured_media":37465,"template":"","meta":{"_et_pb_use_builder":"","_et_pb_old_content":"","_et_gb_content_width":""},"product_brand":[],"product_cat":[1718,1814,8131,2014,1715,1816,1812],"product_tag":[],"class_list":{"0":"post-37464","1":"product","2":"type-product","3":"status-publish","4":"has-post-thumbnail","6":"product_cat-alyvuoges","7":"product_cat-anciuviai","8":"product_cat-astuonkojai","9":"product_cat-kornisonai","10":"product_cat-pickles-lt","11":"product_cat-pintxos-lt","12":"product_cat-saltas","13":"product_shipping_class-saltoji-siunta","15":"first","16":"outofstock","17":"taxable","18":"shipping-taxable","19":"purchasable","20":"product-type-simple"},"_links":{"self":[{"href":"https:\/\/myspainfood.com\/lt\/wp-json\/wp\/v2\/product\/37464","targetHints":{"allow":["GET"]}}],"collection":[{"href":"https:\/\/myspainfood.com\/lt\/wp-json\/wp\/v2\/product"}],"about":[{"href":"https:\/\/myspainfood.com\/lt\/wp-json\/wp\/v2\/types\/product"}],"wp:featuredmedia":[{"embeddable":true,"href":"https:\/\/myspainfood.com\/lt\/wp-json\/wp\/v2\/media\/37465"}],"wp:attachment":[{"href":"https:\/\/myspainfood.com\/lt\/wp-json\/wp\/v2\/media?parent=37464"}],"wp:term":[{"taxonomy":"product_brand","embeddable":true,"href":"https:\/\/myspainfood.com\/lt\/wp-json\/wp\/v2\/product_brand?post=37464"},{"taxonomy":"product_cat","embeddable":true,"href":"https:\/\/myspainfood.com\/lt\/wp-json\/wp\/v2\/product_cat?post=37464"},{"taxonomy":"product_tag","embeddable":true,"href":"https:\/\/myspainfood.com\/lt\/wp-json\/wp\/v2\/product_tag?post=37464"}],"curies":[{"name":"wp","href":"https:\/\/api.w.org\/{rel}","templated":true}]}}