{"id":37484,"date":"2025-04-10T12:08:46","date_gmt":"2025-04-10T10:08:46","guid":{"rendered":"https:\/\/myspainfood.com\/producto\/triju-anciuviu-55-vnt\/"},"modified":"2026-04-24T07:37:52","modified_gmt":"2026-04-24T05:37:52","slug":"triju-anciuviu-55-vnt","status":"publish","type":"product","link":"https:\/\/myspainfood.com\/lt\/producto\/triju-anciuviu-55-vnt\/","title":{"rendered":"Trij\u0173 an\u010diuvi\u0173 55 vnt."},"content":{"rendered":"<p>Aliejus (85 % saul\u0117gr\u0105\u017e\u0173 aliejaus, 15 % alyvuogi\u0173 aliejaus), <strong>an\u010diuviais<\/strong> \u012fdarytos alyvuog\u0117s,<strong> an\u010diuviai<\/strong> acte ir piparra.<\/p>\n","protected":false},"excerpt":{"rendered":"<p>Aliejus (85 % saul\u0117gr\u0105\u017e\u0173 aliejaus, 15 % alyvuogi\u0173 aliejaus), an\u010diuviais \u012fdarytos alyvuog\u0117s, an\u010diuviai acte ir piparra.<\/p>\n","protected":false},"featured_media":37485,"template":"","meta":{"_et_pb_use_builder":"","_et_pb_old_content":"","_et_gb_content_width":""},"product_brand":[],"product_cat":[1718,1903,1814,1715,1816,1812],"product_tag":[],"class_list":{"0":"post-37484","1":"product","2":"type-product","3":"status-publish","4":"has-post-thumbnail","6":"product_cat-alyvuoges","7":"product_cat-anciuviai-lt","8":"product_cat-anciuviai","9":"product_cat-pickles-lt","10":"product_cat-pintxos-lt","11":"product_cat-saltas","12":"product_shipping_class-saltoji-siunta","14":"first","15":"instock","16":"taxable","17":"shipping-taxable","18":"purchasable","19":"product-type-simple"},"_links":{"self":[{"href":"https:\/\/myspainfood.com\/lt\/wp-json\/wp\/v2\/product\/37484","targetHints":{"allow":["GET"]}}],"collection":[{"href":"https:\/\/myspainfood.com\/lt\/wp-json\/wp\/v2\/product"}],"about":[{"href":"https:\/\/myspainfood.com\/lt\/wp-json\/wp\/v2\/types\/product"}],"wp:featuredmedia":[{"embeddable":true,"href":"https:\/\/myspainfood.com\/lt\/wp-json\/wp\/v2\/media\/37485"}],"wp:attachment":[{"href":"https:\/\/myspainfood.com\/lt\/wp-json\/wp\/v2\/media?parent=37484"}],"wp:term":[{"taxonomy":"product_brand","embeddable":true,"href":"https:\/\/myspainfood.com\/lt\/wp-json\/wp\/v2\/product_brand?post=37484"},{"taxonomy":"product_cat","embeddable":true,"href":"https:\/\/myspainfood.com\/lt\/wp-json\/wp\/v2\/product_cat?post=37484"},{"taxonomy":"product_tag","embeddable":true,"href":"https:\/\/myspainfood.com\/lt\/wp-json\/wp\/v2\/product_tag?post=37484"}],"curies":[{"name":"wp","href":"https:\/\/api.w.org\/{rel}","templated":true}]}}