{"id":37861,"date":"2025-04-10T12:10:07","date_gmt":"2025-04-10T10:10:07","guid":{"rendered":"https:\/\/myspainfood.com\/producto\/iberijos-regiono-pastetu-asorti-gourmet-cazorla\/"},"modified":"2025-04-10T12:10:07","modified_gmt":"2025-04-10T10:10:07","slug":"iberijos-regiono-pastetu-asorti-gourmet-cazorla","status":"publish","type":"product","link":"https:\/\/myspainfood.com\/lt\/producto\/iberijos-regiono-pastetu-asorti-gourmet-cazorla\/","title":{"rendered":"Iberijos regiono pa\u0161tet\u0173 asorti &#8222;Gourmet Cazorla"},"content":{"rendered":"<p>\u0160ioje d\u0117\u017eut\u0117je yra 6 tradiciniai &#8222;Gourmet Cazorla&#8221; pa\u0161tetai.<\/p>\n<p> Puiki dovana artimiesiems&#8230; gimtadienio proga, Kal\u0117d\u0173 proga, kaip pad\u0117ka u\u017e pastangas ar tiesiog tod\u0117l, kad taip pat ir jums, nes to nusipeln\u0117te.<\/p>\n","protected":false},"excerpt":{"rendered":"<p>\u0160ioje d\u0117\u017eut\u0117je yra 6 tradiciniai &#8222;Gourmet Cazorla&#8221; pa\u0161tetai. Puiki dovana artimiesiems&#8230; gimtadienio proga, Kal\u0117d\u0173 proga, kaip pad\u0117ka u\u017e pastangas ar tiesiog tod\u0117l, kad taip pat ir jums, nes to nusipeln\u0117te.<\/p>\n","protected":false},"featured_media":37864,"template":"","meta":{"_et_pb_use_builder":"","_et_pb_old_content":"","_et_gb_content_width":""},"product_brand":[],"product_cat":[1966,8182],"product_tag":[],"class_list":{"0":"post-37861","1":"product","2":"type-product","3":"status-publish","4":"has-post-thumbnail","6":"product_cat-konservai","7":"product_cat-pastetas","9":"first","10":"instock","11":"taxable","12":"shipping-taxable","13":"purchasable","14":"product-type-simple"},"_links":{"self":[{"href":"https:\/\/myspainfood.com\/lt\/wp-json\/wp\/v2\/product\/37861","targetHints":{"allow":["GET"]}}],"collection":[{"href":"https:\/\/myspainfood.com\/lt\/wp-json\/wp\/v2\/product"}],"about":[{"href":"https:\/\/myspainfood.com\/lt\/wp-json\/wp\/v2\/types\/product"}],"wp:featuredmedia":[{"embeddable":true,"href":"https:\/\/myspainfood.com\/lt\/wp-json\/wp\/v2\/media\/37864"}],"wp:attachment":[{"href":"https:\/\/myspainfood.com\/lt\/wp-json\/wp\/v2\/media?parent=37861"}],"wp:term":[{"taxonomy":"product_brand","embeddable":true,"href":"https:\/\/myspainfood.com\/lt\/wp-json\/wp\/v2\/product_brand?post=37861"},{"taxonomy":"product_cat","embeddable":true,"href":"https:\/\/myspainfood.com\/lt\/wp-json\/wp\/v2\/product_cat?post=37861"},{"taxonomy":"product_tag","embeddable":true,"href":"https:\/\/myspainfood.com\/lt\/wp-json\/wp\/v2\/product_tag?post=37861"}],"curies":[{"name":"wp","href":"https:\/\/api.w.org\/{rel}","templated":true}]}}