{"id":38140,"date":"2025-04-10T12:14:40","date_gmt":"2025-04-10T10:14:40","guid":{"rendered":"https:\/\/myspainfood.com\/producto\/ciles-escabeche-midijos-10-15-vienetu-marevento\/"},"modified":"2026-01-30T14:30:30","modified_gmt":"2026-01-30T13:30:30","slug":"ciles-escabeche-midijos-10-15-vienetu-marevento","status":"publish","type":"product","link":"https:\/\/myspainfood.com\/lt\/producto\/ciles-escabeche-midijos-10-15-vienetu-marevento\/","title":{"rendered":"\u010cil\u0117s escabeche midijos 10-15 vienet\u0173 Marevento"},"content":{"rendered":"<p>Virti ir kepti saul\u0117gr\u0105\u017e\u0173 aliejuje. Byksus i\u0161imamas rankomis ir supakuojamas po vien\u0105. Kartu su unikaliu marinatu, pagamintu i\u0161 visi\u0161kai nat\u016brali\u0173 ingredient\u0173. Sudedamosios dalys: (saul\u0117gr\u0105\u017e\u0173 aliejus, raudonojo vyno actas, vanduo, nat\u016bralios kvapiosios med\u017eiagos, prieskoniai ir druska).<\/p>\n","protected":false},"excerpt":{"rendered":"<p>Virti ir kepti saul\u0117gr\u0105\u017e\u0173 aliejuje. Byksus i\u0161imamas rankomis ir supakuojamas po vien\u0105. Kartu su unikaliu marinatu, pagamintu i\u0161 visi\u0161kai nat\u016brali\u0173 ingredient\u0173. Sudedamosios dalys: (saul\u0117gr\u0105\u017e\u0173 aliejus, raudonojo vyno actas, vanduo, nat\u016bralios kvapiosios med\u017eiagos, prieskoniai ir druska).<\/p>\n","protected":false},"featured_media":38143,"template":"","meta":{"_et_pb_use_builder":"","_et_pb_old_content":"","_et_gb_content_width":""},"product_brand":[1428],"product_cat":[1966,4057],"product_tag":[],"class_list":{"0":"post-38140","1":"product","2":"type-product","3":"status-publish","4":"has-post-thumbnail","6":"product_brand-portonovo","7":"product_cat-konservai","8":"product_cat-midijos-lt","10":"first","11":"instock","12":"taxable","13":"shipping-taxable","14":"purchasable","15":"product-type-variable"},"_links":{"self":[{"href":"https:\/\/myspainfood.com\/lt\/wp-json\/wp\/v2\/product\/38140","targetHints":{"allow":["GET"]}}],"collection":[{"href":"https:\/\/myspainfood.com\/lt\/wp-json\/wp\/v2\/product"}],"about":[{"href":"https:\/\/myspainfood.com\/lt\/wp-json\/wp\/v2\/types\/product"}],"wp:featuredmedia":[{"embeddable":true,"href":"https:\/\/myspainfood.com\/lt\/wp-json\/wp\/v2\/media\/38143"}],"wp:attachment":[{"href":"https:\/\/myspainfood.com\/lt\/wp-json\/wp\/v2\/media?parent=38140"}],"wp:term":[{"taxonomy":"product_brand","embeddable":true,"href":"https:\/\/myspainfood.com\/lt\/wp-json\/wp\/v2\/product_brand?post=38140"},{"taxonomy":"product_cat","embeddable":true,"href":"https:\/\/myspainfood.com\/lt\/wp-json\/wp\/v2\/product_cat?post=38140"},{"taxonomy":"product_tag","embeddable":true,"href":"https:\/\/myspainfood.com\/lt\/wp-json\/wp\/v2\/product_tag?post=38140"}],"curies":[{"name":"wp","href":"https:\/\/api.w.org\/{rel}","templated":true}]}}