{"id":38193,"date":"2025-04-10T12:14:40","date_gmt":"2025-04-10T10:14:40","guid":{"rendered":"https:\/\/myspainfood.com\/producto\/naujosios-zelandijos-midijos-marinuotame-padaze-4-6-vnt-giant-portonovo-115-gr\/"},"modified":"2026-01-30T14:32:14","modified_gmt":"2026-01-30T13:32:14","slug":"naujosios-zelandijos-midijos-marinuotame-padaze-4-6-vnt-giant-portonovo-115-gr","status":"publish","type":"product","link":"https:\/\/myspainfood.com\/lt\/producto\/naujosios-zelandijos-midijos-marinuotame-padaze-4-6-vnt-giant-portonovo-115-gr\/","title":{"rendered":"Naujosios Zelandijos midijos marinuotame pada\u017ee 4-6 vnt. &#8222;Giant Portonovo&#8221; - 115 Gr"},"content":{"rendered":"<p>Atraskite &#8221; <strong>Gigante Portonovo&#8221;<\/strong> <strong>Naujosios Zelandijos midij\u0173 marinuotame pada\u017ee<\/strong> skonio intensyvum\u0105 ir kokyb\u0119. \u0160\u012f auk\u0161\u010diausios kokyb\u0117s produkt\u0105 sudaro 4-6 atrinkti dideli\u0173 midij\u0173 gabaliukai, kuri\u0173 svoris 115 g, idealiai tinkantys tapams, salotoms ar gurmani\u0161kiems u\u017ekand\u017eiams. <\/p>\n<p>\u0160ios Naujosios Zelandijos kri\u0161tolo skaidrumo vandenyse u\u017eaugintos midijos i\u0161siskiria m\u0117singa tekst\u016bra ir nepakartojamu skoniu, kur\u012f sustiprina \u0161velnus marinatas, i\u0161ry\u0161kinantis j\u0173 \u0161vie\u017eum\u0105 ir kokyb\u0119. Be to, jose gausu baltym\u0173, omega-3 ir svarbiausi\u0173 mineral\u0173, tod\u0117l jos yra sveikas ir skanus pasirinkimas bet kokiai dietai. <\/p>\n<p>Jei norite daugiau j\u016bros g\u0117rybi\u0173, apsilankykite m\u016bs\u0173 <a href=\"https:\/\/latiendadesami.com\/categoria-producto\/conservas\/\" target=\"_new\" rel=\"noopener noreferrer nofollow\" target=\"_blank\">konserv\u0173 skyriuje<\/a> ir su\u017einokite, koki\u0105 naud\u0105 subalansuotai mitybai teikia <strong>marinuotos Naujosios Zelandijos midijos<\/strong>. Paragaukite kokyb\u0117s ir autenti\u0161kumo, kur\u012f gali pasi\u016blyti tik Portonovo!<\/p>\n","protected":false},"excerpt":{"rendered":"<p>Atraskite &#8221; Gigante Portonovo&#8221; Naujosios Zelandijos midij\u0173 marinuotame pada\u017ee skonio intensyvum\u0105 ir kokyb\u0119. \u0160\u012f auk\u0161\u010diausios kokyb\u0117s produkt\u0105 sudaro 4-6 atrinkti dideli\u0173 midij\u0173 gabaliukai, kuri\u0173 svoris 115 g, idealiai tinkantys tapams, salotoms ar gurmani\u0161kiems u\u017ekand\u017eiams. \u0160ios Naujosios Zelandijos kri\u0161tolo skaidrumo vandenyse u\u017eaugintos midijos i\u0161siskiria m\u0117singa tekst\u016bra ir nepakartojamu skoniu, kur\u012f sustiprina \u0161velnus marinatas, i\u0161ry\u0161kinantis j\u0173 \u0161vie\u017eum\u0105 [&hellip;]<\/p>\n","protected":false},"featured_media":38194,"template":"","meta":{"_et_pb_use_builder":"","_et_pb_old_content":"","_et_gb_content_width":""},"product_brand":[1428],"product_cat":[1966,4057],"product_tag":[],"class_list":{"0":"post-38193","1":"product","2":"type-product","3":"status-publish","4":"has-post-thumbnail","6":"product_brand-portonovo","7":"product_cat-konservai","8":"product_cat-midijos-lt","10":"first","11":"outofstock","12":"taxable","13":"shipping-taxable","14":"product-type-variable"},"_links":{"self":[{"href":"https:\/\/myspainfood.com\/lt\/wp-json\/wp\/v2\/product\/38193","targetHints":{"allow":["GET"]}}],"collection":[{"href":"https:\/\/myspainfood.com\/lt\/wp-json\/wp\/v2\/product"}],"about":[{"href":"https:\/\/myspainfood.com\/lt\/wp-json\/wp\/v2\/types\/product"}],"wp:featuredmedia":[{"embeddable":true,"href":"https:\/\/myspainfood.com\/lt\/wp-json\/wp\/v2\/media\/38194"}],"wp:attachment":[{"href":"https:\/\/myspainfood.com\/lt\/wp-json\/wp\/v2\/media?parent=38193"}],"wp:term":[{"taxonomy":"product_brand","embeddable":true,"href":"https:\/\/myspainfood.com\/lt\/wp-json\/wp\/v2\/product_brand?post=38193"},{"taxonomy":"product_cat","embeddable":true,"href":"https:\/\/myspainfood.com\/lt\/wp-json\/wp\/v2\/product_cat?post=38193"},{"taxonomy":"product_tag","embeddable":true,"href":"https:\/\/myspainfood.com\/lt\/wp-json\/wp\/v2\/product_tag?post=38193"}],"curies":[{"name":"wp","href":"https:\/\/api.w.org\/{rel}","templated":true}]}}